{"id":1023344,"date":"2024-06-17T15:47:26","date_gmt":"2024-06-17T07:47:26","guid":{"rendered":"https:\/\/vimaterial.de\/product\/siliciuro-di-afnio\/"},"modified":"2024-10-29T13:29:43","modified_gmt":"2024-10-29T05:29:43","slug":"siliciuro-di-afnio","status":"publish","type":"product","link":"https:\/\/vimaterial.de\/it\/product\/siliciuro-di-afnio\/","title":{"rendered":"Siliciuro di afnio"},"content":{"rendered":"<p>Il bersaglio di Siliciuro di afnio \u00e8 un materiale importante.<\/p>\n<p>Informazioni di base:<\/p>\n<p>Composizione chimica: composto da due elementi, afnio (Hf) e silicio (Si), formula chimica HfSi\u2082.<br \/>\nNumero CAS: 12401-56-8.<br \/>\nAspetto: bersaglio solido solitamente grigio.<br \/>\nDensit\u00e0: Relativamente alta, il che gli conferisce una buona stabilit\u00e0 e propriet\u00e0 di trasporto del materiale durante lo sputtering.<br \/>\nPunto di fusione: alto punto di fusione, buona resistenza alle alte temperature, in grado di mantenere la stabilit\u00e0 strutturale durante il processo di sputtering.<br \/>\nDimensione delle particelle e cristallinit\u00e0: generalmente ha una distribuzione granulometrica pi\u00f9 uniforme e una buona cristallinit\u00e0, che \u00e8 molto importante per l&#8217;uniformit\u00e0 e la qualit\u00e0 del rivestimento sputtered.<\/p>\n<p>Aree di applicazione<\/p>\n<p>Deposizione di film sottili: nella produzione di semiconduttori, i target di Siliciuro di afnio vengono utilizzati in processi come la deposizione fisica da vapore (PVD) e la deposizione chimica da vapore (CVD) per preparare film sottili di alta qualit\u00e0.<\/p>\n<p>Rivestimento ottico: pu\u00f2 essere utilizzato per preparare pellicole ottiche, come pellicole antiriflesso, pellicole per il miglioramento della trasmittanza, ecc., che vengono utilizzate in dispositivi ottici, lenti, display e altri campi.<br \/>\nCampo di comunicazione ottica: nei dispositivi di comunicazione ottica, come amplificatori in fibra ottica, WDM, ecc., i target HfSi\u2082 possono essere utilizzati per preparare film ottici correlati per ottenere le funzioni di trasmissione, amplificazione e multiplexing dei segnali ottici.<\/p>\n<p>Display a schermo piatto: nella produzione di display a schermo piatto come display a cristalli liquidi (LCD), display al plasma (PDP), display a diodi organici a emissione di luce (OLED), ecc., i target HfSi\u2082 possono essere utilizzati per preparare film sottili come elettrodi e strati isolanti. Queste pellicole possono migliorare la risoluzione, la luminosit\u00e0, il contrasto e altre propriet\u00e0 del display e hanno una buona stabilit\u00e0 e affidabilit\u00e0.<\/p>\n","protected":false},"excerpt":{"rendered":"<p>Il bersaglio di Siliciuro di afnio \u00e8 un materiale importante.<\/p>\n<p>Deposizione di film sottili: nella produzione di semiconduttori, i target di Siliciuro di afnio vengono utilizzati in processi come la deposizione fisica da vapore (PVD) e la deposizione chimica da vapore (CVD) per preparare film sottili di alta qualit\u00e0.<\/p>\n<p>Rivestimento ottico: pu\u00f2 essere utilizzato per preparare pellicole ottiche, come pellicole antiriflesso, pellicole per il miglioramento della trasmittanza, ecc., che vengono utilizzate in dispositivi ottici, lenti, display e altri campi.<\/p>\n<p>Campo di comunicazione ottica: nei dispositivi di comunicazione ottica, come amplificatori in fibra ottica, WDM, ecc., i target HfSi\u2082 possono essere utilizzati per preparare film ottici correlati per ottenere le funzioni di trasmissione, amplificazione e multiplexing dei segnali ottici.<\/p>\n","protected":false},"featured_media":1033011,"comment_status":"open","ping_status":"closed","template":"","meta":{"_acf_changed":false},"product_brand":[],"product_cat":[197],"product_tag":[],"class_list":{"0":"post-1023344","1":"product","2":"type-product","3":"status-publish","4":"has-post-thumbnail","6":"product_cat-obiettivi-di-sputtering-planari","8":"first","9":"instock","10":"shipping-taxable","11":"product-type-variable"},"acf":[],"_links":{"self":[{"href":"https:\/\/vimaterial.de\/it\/wp-json\/wp\/v2\/product\/1023344","targetHints":{"allow":["GET"]}}],"collection":[{"href":"https:\/\/vimaterial.de\/it\/wp-json\/wp\/v2\/product"}],"about":[{"href":"https:\/\/vimaterial.de\/it\/wp-json\/wp\/v2\/types\/product"}],"replies":[{"embeddable":true,"href":"https:\/\/vimaterial.de\/it\/wp-json\/wp\/v2\/comments?post=1023344"}],"wp:featuredmedia":[{"embeddable":true,"href":"https:\/\/vimaterial.de\/it\/wp-json\/wp\/v2\/media\/1033011"}],"wp:attachment":[{"href":"https:\/\/vimaterial.de\/it\/wp-json\/wp\/v2\/media?parent=1023344"}],"wp:term":[{"taxonomy":"product_brand","embeddable":true,"href":"https:\/\/vimaterial.de\/it\/wp-json\/wp\/v2\/product_brand?post=1023344"},{"taxonomy":"product_cat","embeddable":true,"href":"https:\/\/vimaterial.de\/it\/wp-json\/wp\/v2\/product_cat?post=1023344"},{"taxonomy":"product_tag","embeddable":true,"href":"https:\/\/vimaterial.de\/it\/wp-json\/wp\/v2\/product_tag?post=1023344"}],"curies":[{"name":"wp","href":"https:\/\/api.w.org\/{rel}","templated":true}]}}