{"id":1023329,"date":"2024-06-17T15:47:27","date_gmt":"2024-06-17T07:47:27","guid":{"rendered":"https:\/\/vimaterial.de\/product\/tantalio-metallico-5\/"},"modified":"2024-10-14T17:15:37","modified_gmt":"2024-10-14T09:15:37","slug":"metallo-al-tantalio-3","status":"publish","type":"product","link":"https:\/\/vimaterial.de\/it\/product\/metallo-al-tantalio-3\/","title":{"rendered":"Metallo al tantalio"},"content":{"rendered":"<p>Le aste di tantalio sono un prodotto a forma di asta realizzato in tantalio metallico con una variet\u00e0 di propriet\u00e0 e un&#8217;ampia gamma di applicazioni.<\/p>\n<p>&nbsp;<\/p>\n<p>Informazioni di base:<\/p>\n<p>&nbsp;<\/p>\n<p>Aspetto: di solito mostra una lucentezza metallica grigio argentea, la superficie delle barre di tantalio lavorate \u00e8 relativamente liscia.<br \/>\nDensit\u00e0: 16,69 g\/cm3<br \/>\nPunto di fusione: 2996\u00b0C.<br \/>\nCoefficiente di dilatazione termica: Il coefficiente di dilatazione termica \u00e8 molto piccolo, il che significa che la variazione dimensionale delle barre di tantalio \u00e8 relativamente piccola quando la temperatura cambia, consentendo loro di mantenere una buona stabilit\u00e0 dimensionale ad alte temperature o in ambienti con grandi variazioni di temperatura.<\/p>\n<p>&nbsp;<\/p>\n<p>Processo produttivo:<\/p>\n<p>&nbsp;<\/p>\n<p>Preparazione del materiale: selezionare materie prime Metallo al tantalio ad alta purezza per garantire la qualit\u00e0 e le prestazioni delle barre in tantalio.<\/p>\n<p>&nbsp;<\/p>\n<p>Forgiatura o estrusione: le materie prime Metallo al tantalio vengono forgiate o estruse per formare billette intermedie di dimensioni moderate, con una resa della sezione di forgiatura o estrusione del 70-90%.<\/p>\n<p>&nbsp;<\/p>\n<p>Trattamento termico: Le billette vengono ricotte e trattate termicamente per migliorare le propriet\u00e0 meccaniche e l&#8217;organizzazione delle barre di tantalio.<\/p>\n<p>&nbsp;<\/p>\n<p>Lavorazione: le barre di tantalio vengono ulteriormente lavorate mediante tornitura, fresatura, rettifica e altri metodi di lavorazione per ottenere requisiti precisi di forma e dimensioni.<\/p>\n<p>&nbsp;<\/p>\n<p>Trattamento superficiale: a seconda delle esigenze, le barre di tantalio sono sottoposte a trattamento superficiale, come lucidatura, sabbiatura, lucidatura elettrochimica, ecc., Al fine di migliorare la qualit\u00e0 della superficie e la resistenza alla corrosione delle barre di tantalio.<\/p>\n<p>&nbsp;<\/p>\n<p>Campi di applicazione:<\/p>\n<p>&nbsp;<\/p>\n<p>Industria elettronica:Metallo al tantalio pu\u00f2 essere utilizzato per produrre elettrodi o conduttori per condensatori, resistori, induttori e altri componenti elettronici.<\/p>\n<p>&nbsp;<\/p>\n<p>Aerospaziale: Nel campo aerospaziale, le barre di Metallo al tantalio possono essere utilizzate per produrre leghe ad alta temperatura, parti di motori a reazione, ugelli di motori a razzo e cos\u00ec via.<\/p>\n<p>&nbsp;<\/p>\n<p>Industria dell&#8217;energia nucleare: pu\u00f2 essere utilizzato per produrre parti di reattori nucleari, come barre di combustibile, parti strutturali all&#8217;interno del reattore, ecc. La resistenza alle radiazioni e la stabilit\u00e0 alle alte temperature delle barre di tantalio possono garantire il normale funzionamento dei reattori nucleari.<\/p>\n","protected":false},"excerpt":{"rendered":"<p>Le barre metalliche al tantalio sono un prodotto a forma di asta realizzato in tantalio metallico con una variet\u00e0 di propriet\u00e0 e un&#8217;ampia gamma di applicazioni.<\/p>\n<p>Industria elettronica:Metallo al tantalio pu\u00f2 essere utilizzato per produrre elettrodi o conduttori per condensatori, resistori, induttori e altri componenti elettronici.<\/p>\n<p>Aerospaziale: nel campo aerospaziale, le barre di tantalio possono essere utilizzate per produrre leghe ad alta temperatura, parti di motori a reazione, ugelli di motori a razzo e cos\u00ec via.<\/p>\n<p>&nbsp;<\/p>\n","protected":false},"featured_media":1033026,"comment_status":"open","ping_status":"closed","template":"","meta":{"_acf_changed":false},"product_brand":[],"product_cat":[207],"product_tag":[],"class_list":{"0":"post-1023329","1":"product","2":"type-product","3":"status-publish","4":"has-post-thumbnail","6":"product_cat-profilo","8":"first","9":"instock","10":"shipping-taxable","11":"purchasable","12":"product-type-variable"},"acf":[],"_links":{"self":[{"href":"https:\/\/vimaterial.de\/it\/wp-json\/wp\/v2\/product\/1023329","targetHints":{"allow":["GET"]}}],"collection":[{"href":"https:\/\/vimaterial.de\/it\/wp-json\/wp\/v2\/product"}],"about":[{"href":"https:\/\/vimaterial.de\/it\/wp-json\/wp\/v2\/types\/product"}],"replies":[{"embeddable":true,"href":"https:\/\/vimaterial.de\/it\/wp-json\/wp\/v2\/comments?post=1023329"}],"wp:featuredmedia":[{"embeddable":true,"href":"https:\/\/vimaterial.de\/it\/wp-json\/wp\/v2\/media\/1033026"}],"wp:attachment":[{"href":"https:\/\/vimaterial.de\/it\/wp-json\/wp\/v2\/media?parent=1023329"}],"wp:term":[{"taxonomy":"product_brand","embeddable":true,"href":"https:\/\/vimaterial.de\/it\/wp-json\/wp\/v2\/product_brand?post=1023329"},{"taxonomy":"product_cat","embeddable":true,"href":"https:\/\/vimaterial.de\/it\/wp-json\/wp\/v2\/product_cat?post=1023329"},{"taxonomy":"product_tag","embeddable":true,"href":"https:\/\/vimaterial.de\/it\/wp-json\/wp\/v2\/product_tag?post=1023329"}],"curies":[{"name":"wp","href":"https:\/\/api.w.org\/{rel}","templated":true}]}}