{"id":1023246,"date":"2024-06-17T15:47:28","date_gmt":"2024-06-17T07:47:28","guid":{"rendered":"https:\/\/vimaterial.de\/product\/tantalio-metallico-2\/"},"modified":"2024-10-14T14:52:10","modified_gmt":"2024-10-14T06:52:10","slug":"tantalio-metallico-2","status":"publish","type":"product","link":"https:\/\/vimaterial.de\/it\/product\/tantalio-metallico-2\/","title":{"rendered":"Metallo al tantalio"},"content":{"rendered":"<p>La polvere Metallo al tantalio \u00e8 la forma in polvere del tantalio metallico, con propriet\u00e0 poliedriche e un&#8217;ampia gamma di applicazioni.<\/p>\n<p>&nbsp;<\/p>\n<p>Informazioni di base:<\/p>\n<p>&nbsp;<\/p>\n<p>Aspetto: solitamente una polvere grigia o nera, il colore e la dimensione delle particelle variano a seconda del processo di produzione e della purezza.<br \/>\nDensit\u00e0: solitamente superiore a 10 g\/cm3.<br \/>\nPunto di fusione: 2996\u00b0C.<br \/>\nConduttivit\u00e0: Ha una buona conduttivit\u00e0 elettrica ed \u00e8 un importante materiale conduttivo nell&#8217;industria elettronica.<\/p>\n<p>&nbsp;<\/p>\n<p>Processo produttivo:<\/p>\n<p>&nbsp;<\/p>\n<p>Metodo di riduzione termica del sodio: questo \u00e8 un metodo comune per produrre polvere Metallo al tantalio, l&#8217;uso di fluorotantalato di potassio sotto la protezione dell&#8217;idrogeno, con riduzione del sodio metallico, la temperatura di reazione \u00e8 generalmente compresa tra 577 e 627 \u00b0C, il metodo pu\u00f2 essere ottenuto con polvere di tantalio di elevata purezza.<\/p>\n<p>&nbsp;<\/p>\n<p>Metodo di infragilimento da idrogeno: la polvere Metallo al tantalio si ottiene idrogenando il tantalio metallico per renderlo fragile, seguito da processi come la frantumazione e la macinazione.<\/p>\n<p>&nbsp;<\/p>\n<p>Metodo di elettrolisi del sale fuso: la polvere di tantalio metallico pu\u00f2 essere ottenuta dal catodo utilizzando una certa proporzione di cloruro di potassio, fluoruro di potassio e fluorotantalato di potassio per formare un elettrolita di sale fuso, che viene elettrolizzato in un serbatoio elettrolitico.<\/p>\n<p>&nbsp;<\/p>\n<p>Aree di applicazione:<\/p>\n<p>&nbsp;<\/p>\n<p>Industria elettronica: \u00e8 il materiale chiave per la produzione di condensatori elettrolitici, il film anodico in polvere di tantalio \u00e8 chimicamente stabile, alta resistivit\u00e0, alta costante dielettrica, piccola corrente di dispersione, in grado di soddisfare i requisiti dei condensatori ad alte prestazioni.<\/p>\n<p>&nbsp;<\/p>\n<p>Aerospaziale: Grazie alla sua resistenza alle alte temperature, alla corrosione e alle buone propriet\u00e0 meccaniche, pu\u00f2 essere utilizzato per produrre parti nel campo aerospaziale, come alcune parti di motori aeronautici e parti strutturali di satelliti.<\/p>\n<p>&nbsp;<\/p>\n<p>Industria chimica: la polvere Metallo al tantalio pu\u00f2 essere utilizzata per produrre parti resistenti alla corrosione in apparecchiature chimiche, come tubi, valvole e recipienti di evaporazione.<\/p>\n<p>&nbsp;<\/p>\n<p>Metallurgia delle polveri: nel campo della metallurgia delle polveri, la polvere Metallo al tantalio pu\u00f2 essere utilizzata come materiale additivo per migliorare la durezza, la resistenza e la resistenza all&#8217;abrasione e altre propriet\u00e0 del materiale.<\/p>\n<p>&nbsp;<\/p>\n","protected":false},"excerpt":{"rendered":"<p>La polvere Metallo al tantalio \u00e8 la forma in polvere del tantalio metallico, con propriet\u00e0 poliedriche e un&#8217;ampia gamma di applicazioni.<\/p>\n<p>&nbsp;<\/p>\n<p>Industria elettronica: \u00e8 il materiale chiave per la produzione di condensatori elettrolitici, il film anodico in polvere di tantalio \u00e8 chimicamente stabile, alta resistivit\u00e0, alta costante dielettrica, piccola corrente di dispersione, in grado di soddisfare i requisiti dei condensatori ad alte prestazioni.<\/p>\n<p>&nbsp;<\/p>\n<p>Aerospaziale: Grazie alla sua resistenza alle alte temperature, alla corrosione e alle buone propriet\u00e0 meccaniche, pu\u00f2 essere utilizzato per produrre parti nel campo aerospaziale, come alcune parti di motori aeronautici e parti strutturali di satelliti.<\/p>\n","protected":false},"featured_media":1049370,"comment_status":"open","ping_status":"closed","template":"","meta":{"_acf_changed":false},"product_brand":[],"product_cat":[212],"product_tag":[],"class_list":{"0":"post-1023246","1":"product","2":"type-product","3":"status-publish","4":"has-post-thumbnail","6":"product_cat-polvere-di-metallo-puro-e-leghe","8":"first","9":"instock","10":"shipping-taxable","11":"product-type-variable"},"acf":[],"_links":{"self":[{"href":"https:\/\/vimaterial.de\/it\/wp-json\/wp\/v2\/product\/1023246","targetHints":{"allow":["GET"]}}],"collection":[{"href":"https:\/\/vimaterial.de\/it\/wp-json\/wp\/v2\/product"}],"about":[{"href":"https:\/\/vimaterial.de\/it\/wp-json\/wp\/v2\/types\/product"}],"replies":[{"embeddable":true,"href":"https:\/\/vimaterial.de\/it\/wp-json\/wp\/v2\/comments?post=1023246"}],"wp:featuredmedia":[{"embeddable":true,"href":"https:\/\/vimaterial.de\/it\/wp-json\/wp\/v2\/media\/1049370"}],"wp:attachment":[{"href":"https:\/\/vimaterial.de\/it\/wp-json\/wp\/v2\/media?parent=1023246"}],"wp:term":[{"taxonomy":"product_brand","embeddable":true,"href":"https:\/\/vimaterial.de\/it\/wp-json\/wp\/v2\/product_brand?post=1023246"},{"taxonomy":"product_cat","embeddable":true,"href":"https:\/\/vimaterial.de\/it\/wp-json\/wp\/v2\/product_cat?post=1023246"},{"taxonomy":"product_tag","embeddable":true,"href":"https:\/\/vimaterial.de\/it\/wp-json\/wp\/v2\/product_tag?post=1023246"}],"curies":[{"name":"wp","href":"https:\/\/api.w.org\/{rel}","templated":true}]}}