{"id":1023236,"date":"2024-06-17T15:47:27","date_gmt":"2024-06-17T07:47:27","guid":{"rendered":"https:\/\/vimaterial.de\/product\/tantalio-metallico\/"},"modified":"2024-10-14T14:26:51","modified_gmt":"2024-10-14T06:26:51","slug":"metallo-al-tantalio","status":"publish","type":"product","link":"https:\/\/vimaterial.de\/it\/product\/metallo-al-tantalio\/","title":{"rendered":"Metallo al tantalio"},"content":{"rendered":"<p>Il filo Metallo di tantalio \u00e8 un tipo di materiale filamentoso in tantalio realizzato mediante laminazione, trafilatura e altri metodi di lavorazione della plastica.<\/p>\n<p>Informazioni di base:<\/p>\n<p>Aspetto: Solitamente filamentoso grigio con una lucentezza metallica.<\/p>\n<p>Densit\u00e0: 16,6 g\/cm\u00b3.<\/p>\n<p>Punto di fusione: 2996 \u00b0C, pu\u00f2 ancora mantenere una buona stabilit\u00e0 in ambienti ad alta temperatura.<\/p>\n<p>Duttilit\u00e0: Metallo al tantalio\u00a0ha una buona duttilit\u00e0 e pu\u00f2 essere trafilato in filamenti di diverso diametro, e non \u00e8 facile rompersi sotto un certo grado di flessione e allungamento.<\/p>\n<p>&nbsp;<\/p>\n<p>Categorie:<\/p>\n<p>&nbsp;<\/p>\n<p>Secondo la purezza chimica: pu\u00f2 essere suddiviso in filo di tantalio metallurgico (purezza 99,0% Ta), filo di tantalio ad alta purezza (purezza %-99.9% Ta), filo di tantalio ad altissima purezza (purezza 99,9-99,99 Ta).%-99.99%<\/p>\n<p>&nbsp;<\/p>\n<p>In base alle prestazioni: compreso il filo di tantalio resistente alla corrosione chimica, il filo di tantalio ad alta temperatura e ad alta resistenza, il filo di tantalio fragile all&#8217;ossigeno, il filo di tantalio del condensatore, ecc.<\/p>\n<p>&nbsp;<\/p>\n<p>Il filo al tantalio del condensatore pu\u00f2 essere suddiviso in filo di tantalio per conduttori di condensatori elettrolitici al tantalio solido, filo di tantalio per conduttori di condensatori elettrolitici al tantalio liquido e filo di tantalio per condensatori con indicatori di affidabilit\u00e0.<\/p>\n<p>&nbsp;<\/p>\n<p>Esistono stati morbidi (resistenza alla trazione \u03c3b = 300-600 MPa), stati semiduri (resistenza alla trazione \u03c3b = 600-1000 MPa) e stati duri (resistenza alla trazione \u03c3b &gt; 1000 MPa).<\/p>\n<p>&nbsp;<\/p>\n<p>Campo di applicazione:<\/p>\n<p>&nbsp;<\/p>\n<p>Industria elettronica: La quantit\u00e0 maggiore nell&#8217;industria elettronica, utilizzata principalmente nel piombo anodico dei condensatori elettrolitici al tantalio, ma utilizzata anche nella produzione di raddrizzatori e condensatori e altri componenti elettronici.<\/p>\n<p>&nbsp;<\/p>\n<p>Aerospaziale: a causa della sua resistenza alle alte temperature, resistenza alla corrosione e buone propriet\u00e0 meccaniche, pu\u00f2 essere utilizzato per produrre parti nel campo aerospaziale, come alcune parti di motori aeronautici, parti strutturali di satelliti, ecc.<\/p>\n<p>&nbsp;<\/p>\n<p>Campo medico: Metallo al tantalio \u00e8 altamente biocompatibile e pu\u00f2 essere utilizzato per realizzare scaglie o suture in dispositivi medici per riparare i tessuti distruttivi.<\/p>\n<p>&nbsp;<\/p>\n<p>Campo chimico:Metallo al tantalio pu\u00f2 essere utilizzato per produrre parti resistenti alla corrosione in apparecchiature chimiche, come tubi, valvole, ecc.<\/p>\n","protected":false},"excerpt":{"rendered":"<p>Il filo Metallo di tantalio \u00e8 un tipo di materiale filamentoso in tantalio realizzato mediante laminazione, trafilatura e altri metodi di lavorazione della plastica.<\/p>\n<p>Campo medico: Metallo al tantalio \u00e8 altamente biocompatibile e pu\u00f2 essere utilizzato per realizzare scaglie o suture in dispositivi medici per riparare i tessuti distruttivi.<\/p>\n<p>Campo chimico: Metallo al tantalio pu\u00f2 essere utilizzato per produrre parti resistenti alla corrosione in apparecchiature chimiche, come tubi, valvole, ecc.<\/p>\n","protected":false},"featured_media":1033036,"comment_status":"open","ping_status":"closed","template":"","meta":{"_acf_changed":false},"product_brand":[],"product_cat":[207],"product_tag":[],"class_list":{"0":"post-1023236","1":"product","2":"type-product","3":"status-publish","4":"has-post-thumbnail","6":"product_cat-profilo","8":"first","9":"instock","10":"shipping-taxable","11":"purchasable","12":"product-type-variable"},"acf":[],"_links":{"self":[{"href":"https:\/\/vimaterial.de\/it\/wp-json\/wp\/v2\/product\/1023236","targetHints":{"allow":["GET"]}}],"collection":[{"href":"https:\/\/vimaterial.de\/it\/wp-json\/wp\/v2\/product"}],"about":[{"href":"https:\/\/vimaterial.de\/it\/wp-json\/wp\/v2\/types\/product"}],"replies":[{"embeddable":true,"href":"https:\/\/vimaterial.de\/it\/wp-json\/wp\/v2\/comments?post=1023236"}],"wp:featuredmedia":[{"embeddable":true,"href":"https:\/\/vimaterial.de\/it\/wp-json\/wp\/v2\/media\/1033036"}],"wp:attachment":[{"href":"https:\/\/vimaterial.de\/it\/wp-json\/wp\/v2\/media?parent=1023236"}],"wp:term":[{"taxonomy":"product_brand","embeddable":true,"href":"https:\/\/vimaterial.de\/it\/wp-json\/wp\/v2\/product_brand?post=1023236"},{"taxonomy":"product_cat","embeddable":true,"href":"https:\/\/vimaterial.de\/it\/wp-json\/wp\/v2\/product_cat?post=1023236"},{"taxonomy":"product_tag","embeddable":true,"href":"https:\/\/vimaterial.de\/it\/wp-json\/wp\/v2\/product_tag?post=1023236"}],"curies":[{"name":"wp","href":"https:\/\/api.w.org\/{rel}","templated":true}]}}