{"id":1023138,"date":"2024-06-17T15:36:42","date_gmt":"2024-06-17T07:36:42","guid":{"rendered":"https:\/\/vimaterial.de\/product\/ossido-di-stagnoii\/"},"modified":"2024-10-30T17:05:03","modified_gmt":"2024-10-30T09:05:03","slug":"ossido-di-stagnoii","status":"publish","type":"product","link":"https:\/\/vimaterial.de\/it\/product\/ossido-di-stagnoii\/","title":{"rendered":"Ossido di stagno (II)"},"content":{"rendered":"<p>I bersagli SnO (bersagli di ossido di stagno) sono un importante materiale funzionale con un&#8217;ampia gamma di applicazioni in molti campi.<\/p>\n<h3>Informazioni di base<\/h3>\n<p>Formula chimica e composizione chimica: La formula chimica di SnO indica che \u00e8 composto da stagno (Sn) e ossigeno (O), con una valenza di stagno di +2.<\/p>\n<p>Peso molecolare: 134,71.<\/p>\n<p>Aspetto e colore: i bersagli SnO di solito appaiono blu-neri o neri.<\/p>\n<p>Struttura cristallina: SnO ha un sistema cristallino cubico.<\/p>\n<p>Densit\u00e0 e durezza: La densit\u00e0 \u00e8 di circa 6,45 g\/cm\u00b3.<\/p>\n<p>Punto di fusione: il punto di fusione di SnO \u00e8 di circa 1080 \u00b0C.<\/p>\n<p>Conduttivit\u00e0 termica: la conduttivit\u00e0 termica riflette la capacit\u00e0 di un materiale di condurre il calore. La conduttivit\u00e0 termica di SnO \u00e8 influenzata dalla sua struttura cristallina e composizione.<\/p>\n<h3>Campi di applicazione<\/h3>\n<p>Film conduttivi trasparenti: in base alle propriet\u00e0 semiconduttive e ottiche dell&#8217;ossido di stagno, i film conduttivi trasparenti si formano depositando SnO su substrati trasparenti (ad es. vetro, plastica, ecc.) attraverso processi di rivestimento come lo sputtering o l&#8217;evaporazione.<\/p>\n<p>Campo sensore sensibile ai gas: la natura semiconduttrice dell&#8217;ossido di stagno lo rende sensibile a determinati gas.<\/p>\n<p>Campo del dispositivo optoelettronico: nel dispositivo optoelettronico, l&#8217;effetto fotoelettrico dell&#8217;ossido di stagno consente di convertire i segnali luminosi in segnali elettrici, il bersaglio SnO attraverso il processo di rivestimento costituito da film sottile nella luce, l&#8217;energia del fotone viene assorbita, risultando in coppie elettrone &#8211; cavit\u00e0, questi portatori nel campo elettrico sotto l&#8217;azione del movimento direzionale, la formazione di corrente elettrica.<\/p>\n","protected":false},"excerpt":{"rendered":"<p>I bersagli SnO (bersagli di ossido di stagno) sono un importante materiale funzionale con un&#8217;ampia gamma di applicazioni in molti campi.<\/p>\n<p>Film conduttivi trasparenti: in base alle propriet\u00e0 semiconduttive e ottiche dell&#8217;ossido di stagno, i film conduttivi trasparenti si formano depositando SnO su substrati trasparenti (ad es. vetro, plastica, ecc.) attraverso processi di rivestimento come lo sputtering o l&#8217;evaporazione.<\/p>\n<p>Campo sensore sensibile ai gas: la natura semiconduttrice di SnO lo rende sensibile a determinati gas.<\/p>\n","protected":false},"featured_media":1032456,"comment_status":"open","ping_status":"closed","template":"","meta":{"_acf_changed":false},"product_brand":[],"product_cat":[197],"product_tag":[],"class_list":{"0":"post-1023138","1":"product","2":"type-product","3":"status-publish","4":"has-post-thumbnail","6":"product_cat-obiettivi-di-sputtering-planari","8":"first","9":"instock","10":"shipping-taxable","11":"product-type-variable"},"acf":[],"_links":{"self":[{"href":"https:\/\/vimaterial.de\/it\/wp-json\/wp\/v2\/product\/1023138","targetHints":{"allow":["GET"]}}],"collection":[{"href":"https:\/\/vimaterial.de\/it\/wp-json\/wp\/v2\/product"}],"about":[{"href":"https:\/\/vimaterial.de\/it\/wp-json\/wp\/v2\/types\/product"}],"replies":[{"embeddable":true,"href":"https:\/\/vimaterial.de\/it\/wp-json\/wp\/v2\/comments?post=1023138"}],"wp:featuredmedia":[{"embeddable":true,"href":"https:\/\/vimaterial.de\/it\/wp-json\/wp\/v2\/media\/1032456"}],"wp:attachment":[{"href":"https:\/\/vimaterial.de\/it\/wp-json\/wp\/v2\/media?parent=1023138"}],"wp:term":[{"taxonomy":"product_brand","embeddable":true,"href":"https:\/\/vimaterial.de\/it\/wp-json\/wp\/v2\/product_brand?post=1023138"},{"taxonomy":"product_cat","embeddable":true,"href":"https:\/\/vimaterial.de\/it\/wp-json\/wp\/v2\/product_cat?post=1023138"},{"taxonomy":"product_tag","embeddable":true,"href":"https:\/\/vimaterial.de\/it\/wp-json\/wp\/v2\/product_tag?post=1023138"}],"curies":[{"name":"wp","href":"https:\/\/api.w.org\/{rel}","templated":true}]}}