{"id":1023078,"date":"2024-06-17T15:40:34","date_gmt":"2024-06-17T07:40:34","guid":{"rendered":"https:\/\/vimaterial.de\/product\/ossido-di-stagno-drogato-con-fluoro-fto-3\/"},"modified":"2024-10-30T16:48:42","modified_gmt":"2024-10-30T08:48:42","slug":"ossido-di-stagno-drogato-con-fluoro-fto-3","status":"publish","type":"product","link":"https:\/\/vimaterial.de\/it\/product\/ossido-di-stagno-drogato-con-fluoro-fto-3\/","title":{"rendered":"Ossido di stagno drogato con fluoro (FTO)"},"content":{"rendered":"<p>SnO\u2082 &#8211; I granuli di SnF\u2082 sono un materiale granulare composito costituito da biossido di stagno (SnO\u2082) e fluoruro di stagno (SnF\u2082).<\/p>\n<h3>Informazioni di base<\/h3>\n<p>Analisi della composizione: Composto da SnO\u2082 e SnF\u2082.<\/p>\n<p>Pattern cangiante: presenta diverse tonalit\u00e0 dal bianco al bianco sporco.<\/p>\n<p>Struttura cristallina: SnO\u2082 ha una struttura cristallina tetragonale rutila, SnF\u2082 ha una struttura cristallina stratificata.<\/p>\n<p>Propriet\u00e0 di densit\u00e0: La densit\u00e0 di SnO\u2082 \u00e8 di circa 6,95 g\/cm\u00b3 e la densit\u00e0 di SnF\u2082 \u00e8 di circa 4,57 g\/cm\u00b3, per cui la densit\u00e0 delle particelle SnO\u2082 &#8211; SnF\u2082 dipende dal rapporto tra SnO\u2082 e SnF\u2082 e si trova tra questi due valori di densit\u00e0.<\/p>\n<h3>Campi di applicazione<\/h3>\n<p>Batterie agli ioni di litio: le particelle di Ossido di stagno drogato con fluoro vengono utilizzate come materiali anodici nelle batterie agli ioni di litio, dove gli elementi di stagno in SnO\u2082 e SnF\u2082 possono reagire in modo reversibile con gli ioni di litio.<\/p>\n<p>Sensori di gas: i sensori di gas sono preparati in base alle propriet\u00e0 semiconduttive e di chemisorbimento delle particelle SnO\u2082 &#8211; SnF\u2082. Quando il sensore \u00e8 esposto all&#8217;ambiente del gas target, le molecole di gas vengono adsorbite sulla superficie delle particelle, con conseguenti cambiamenti nelle propriet\u00e0 elettriche delle particelle .<\/p>\n<p>Catalisi: le particelle di Ossido di stagno drogato con fluoro hanno un ruolo catalitico in una serie di reazioni chimiche. la struttura cristallina e le propriet\u00e0 superficiali di SnO\u2082 gli consentono di adsorbire le molecole reagenti, facilitando la reazione.<\/p>\n","protected":false},"excerpt":{"rendered":"<p>I granuli di Ossido di stagno drogato con fluoro sono un materiale granulare composito costituito da biossido di stagno (SnO\u2082) e fluoruro di stagno (SnF\u2082).<\/p>\n<p>Batterie agli ioni di litio: le particelle di ossido di stagno drogate con fluoro vengono utilizzate come materiali anodici nelle batterie agli ioni di litio, dove gli elementi di stagno in SnO\u2082 e SnF\u2082 possono reagire in modo reversibile con gli ioni di litio.<\/p>\n<p>Sensori di gas: i sensori di gas sono preparati in base alle propriet\u00e0 semiconduttive e di chemisorbimento delle particelle SnO\u2082 &#8211; SnF\u2082. Quando il sensore \u00e8 esposto all&#8217;ambiente del gas target, le molecole di gas vengono adsorbite sulla superficie delle particelle, con conseguenti cambiamenti nelle propriet\u00e0 elettriche delle particelle (ad es. resistenza, capacit\u00e0, ecc.).<\/p>\n<p>&nbsp;<\/p>\n","protected":false},"featured_media":1032476,"comment_status":"open","ping_status":"closed","template":"","meta":{"_acf_changed":false},"product_brand":[],"product_cat":[198],"product_tag":[],"class_list":{"0":"post-1023078","1":"product","2":"type-product","3":"status-publish","4":"has-post-thumbnail","6":"product_cat-materiali-per-levaporazione","8":"first","9":"instock","10":"shipping-taxable","11":"product-type-variable"},"acf":[],"_links":{"self":[{"href":"https:\/\/vimaterial.de\/it\/wp-json\/wp\/v2\/product\/1023078","targetHints":{"allow":["GET"]}}],"collection":[{"href":"https:\/\/vimaterial.de\/it\/wp-json\/wp\/v2\/product"}],"about":[{"href":"https:\/\/vimaterial.de\/it\/wp-json\/wp\/v2\/types\/product"}],"replies":[{"embeddable":true,"href":"https:\/\/vimaterial.de\/it\/wp-json\/wp\/v2\/comments?post=1023078"}],"wp:featuredmedia":[{"embeddable":true,"href":"https:\/\/vimaterial.de\/it\/wp-json\/wp\/v2\/media\/1032476"}],"wp:attachment":[{"href":"https:\/\/vimaterial.de\/it\/wp-json\/wp\/v2\/media?parent=1023078"}],"wp:term":[{"taxonomy":"product_brand","embeddable":true,"href":"https:\/\/vimaterial.de\/it\/wp-json\/wp\/v2\/product_brand?post=1023078"},{"taxonomy":"product_cat","embeddable":true,"href":"https:\/\/vimaterial.de\/it\/wp-json\/wp\/v2\/product_cat?post=1023078"},{"taxonomy":"product_tag","embeddable":true,"href":"https:\/\/vimaterial.de\/it\/wp-json\/wp\/v2\/product_tag?post=1023078"}],"curies":[{"name":"wp","href":"https:\/\/api.w.org\/{rel}","templated":true}]}}