{"id":1022974,"date":"2024-06-17T15:40:36","date_gmt":"2024-06-17T07:40:36","guid":{"rendered":"https:\/\/vimaterial.de\/product\/solfuro-di-stagno-3\/"},"modified":"2024-10-30T15:15:53","modified_gmt":"2024-10-30T07:15:53","slug":"solfuro-di-stagno-3","status":"publish","type":"product","link":"https:\/\/vimaterial.de\/it\/product\/solfuro-di-stagno-3\/","title":{"rendered":"Solfuro di stagno"},"content":{"rendered":"<p>La polvere di SnS\u2082 \u00e8 un importante materiale composto inorganico.<\/p>\n<h3>Informazioni di base:<\/h3>\n<p>Formula chimica e composizione: la formula chimica \u00e8 SnS\u2082, composto da due elementi, stagno (Sn) e zolfo (S), il rapporto atomico di stagno e zolfo \u00e8 1:2.<\/p>\n<p>Peso molecolare: il peso molecolare \u00e8 di circa 182,83<br \/>\nNumero CAS: 1314-95-0.<\/p>\n<p>Aspetto e colore: Di solito appare giallo dorato o giallo, con colore e lucentezza unici.<\/p>\n<p>Struttura cristallina: Struttura cristallina stratificata con sistema cristallino tripartito.<\/p>\n<p>Densit\u00e0: La densit\u00e0 \u00e8 di circa 4,5 g\/cm\u00b3.<\/p>\n<h3>Aree di applicazione:<\/h3>\n<p>Dispositivi optoelettronici: grazie alle sue propriet\u00e0 ottiche ed elettriche uniche, il solfuro di stagno pu\u00f2 essere utilizzato per preparare fotorivelatori, diodi emettitori di luce, celle solari e altri dispositivi optoelettronici.<\/p>\n<p>Batterie agli ioni di litio: come materiale anodico per batterie agli ioni di litio, il solfuro di stagno ha un&#8217;elevata capacit\u00e0 specifica teorica e pu\u00f2 migliorare le prestazioni di accumulo di energia della batteria.<\/p>\n<p>Campo catalitico: pu\u00f2 essere utilizzato come catalizzatore o fotocatalizzatore, applicato alla decomposizione fotocatalitica dell&#8217;acqua, alla sintesi organica e ad altre reazioni.<\/p>\n<p>Vernici e pigmenti: Il suo colore giallo dorato ne consente l&#8217;utilizzo per realizzare vernici e pigmenti dorati.<\/p>\n","protected":false},"excerpt":{"rendered":"<p>La polvere di SnS\u2082 \u00e8 un importante materiale composto inorganico.<\/p>\n<p>Dispositivi optoelettronici: grazie alle sue propriet\u00e0 ottiche ed elettriche uniche, il solfuro di stagno pu\u00f2 essere utilizzato per preparare fotorivelatori, diodi emettitori di luce, celle solari e altri dispositivi optoelettronici.<\/p>\n<p>Batterie agli ioni di litio: come materiale anodico per batterie agli ioni di litio, il solfuro di stagno ha un&#8217;elevata capacit\u00e0 specifica teorica e pu\u00f2 migliorare le prestazioni di accumulo di energia della batteria.<\/p>\n","protected":false},"featured_media":1032511,"comment_status":"open","ping_status":"closed","template":"","meta":{"_acf_changed":false},"product_brand":[],"product_cat":[200],"product_tag":[],"class_list":{"0":"post-1022974","1":"product","2":"type-product","3":"status-publish","4":"has-post-thumbnail","6":"product_cat-materiali-calcogenidici","8":"first","9":"instock","10":"shipping-taxable","11":"purchasable","12":"product-type-variable"},"acf":[],"_links":{"self":[{"href":"https:\/\/vimaterial.de\/it\/wp-json\/wp\/v2\/product\/1022974","targetHints":{"allow":["GET"]}}],"collection":[{"href":"https:\/\/vimaterial.de\/it\/wp-json\/wp\/v2\/product"}],"about":[{"href":"https:\/\/vimaterial.de\/it\/wp-json\/wp\/v2\/types\/product"}],"replies":[{"embeddable":true,"href":"https:\/\/vimaterial.de\/it\/wp-json\/wp\/v2\/comments?post=1022974"}],"wp:featuredmedia":[{"embeddable":true,"href":"https:\/\/vimaterial.de\/it\/wp-json\/wp\/v2\/media\/1032511"}],"wp:attachment":[{"href":"https:\/\/vimaterial.de\/it\/wp-json\/wp\/v2\/media?parent=1022974"}],"wp:term":[{"taxonomy":"product_brand","embeddable":true,"href":"https:\/\/vimaterial.de\/it\/wp-json\/wp\/v2\/product_brand?post=1022974"},{"taxonomy":"product_cat","embeddable":true,"href":"https:\/\/vimaterial.de\/it\/wp-json\/wp\/v2\/product_cat?post=1022974"},{"taxonomy":"product_tag","embeddable":true,"href":"https:\/\/vimaterial.de\/it\/wp-json\/wp\/v2\/product_tag?post=1022974"}],"curies":[{"name":"wp","href":"https:\/\/api.w.org\/{rel}","templated":true}]}}