{"id":1022966,"date":"2024-06-17T15:40:36","date_gmt":"2024-06-17T07:40:36","guid":{"rendered":"https:\/\/vimaterial.de\/product\/solfuro-di-stagno-2\/"},"modified":"2024-10-30T15:04:04","modified_gmt":"2024-10-30T07:04:04","slug":"solfuro-di-stagno-2","status":"publish","type":"product","link":"https:\/\/vimaterial.de\/it\/product\/solfuro-di-stagno-2\/","title":{"rendered":"Solfuro di stagno"},"content":{"rendered":"<p>Le particelle di solfuro di stagno sono un importante materiale composto inorganico.<\/p>\n<h3>Informazioni di base<\/h3>\n<p>Formula chimica e composizione: La formula chimica di SnS\u2082 indica che \u00e8 costituito da stagno (Sn) e zolfo (S), dove il rapporto atomico tra stagno e zolfo \u00e8 1:2.<\/p>\n<p>Peso molecolare: 182,83. Aspetto e colore: le particelle di SnS\u2082 sono solitamente di colore dorato o giallo.<\/p>\n<p>Struttura cristallina: Ha un sistema cristallino tripartito e appartiene al tipo di struttura cristallina stratificata.<\/p>\n<p>Dimensione e morfologia delle particelle: le particelle sono disponibili in una variet\u00e0 di dimensioni e morfologie e le dimensioni delle particelle possono variare dalla scala nanometrica a quella micrometrica.<\/p>\n<p>Densit\u00e0 e durezza: la densit\u00e0 \u00e8 di circa 4,5 g\/cm\u00b3.<\/p>\n<h3>Campi di applicazione<\/h3>\n<p>Dispositivi optoelettronici: le particelle di solfuro di stagno sono utilizzate nei dispositivi optoelettronici in base alla loro buona risposta ottica e alle propriet\u00e0 di conversione fotoelettrica nelle regioni della luce visibile e infrarossa.<\/p>\n<p>Batterie agli ioni di litio: gli elementi di stagno e zolfo nelle particelle di SnS\u2082 possono avere una reazione chimica reversibile con gli ioni di litio, che possono essere inseriti e staccati dalla struttura reticolare di SnS\u2082 durante il processo di carica e scarica della batteria, realizzando cos\u00ec l&#8217;accumulo e il rilascio di energia elettrica.<\/p>\n<p>Campo catalitico: la struttura cristallina e la struttura elettronica delle particelle di SnS\u2082 fanno s\u00ec che abbiano una certa attivit\u00e0 catalitica. In alcune reazioni chimiche, come la decomposizione fotocatalitica dell&#8217;acqua e le reazioni di sintesi organica, le particelle di SnS\u2082 possono essere utilizzate come catalizzatori o fotocatalizzatori per promuovere la reazione adsorbendo le molecole reagenti.<\/p>\n","protected":false},"excerpt":{"rendered":"<p>Le particelle di solfuro di stagno sono un importante materiale composto inorganico.<\/p>\n<p>Dispositivi optoelettronici: le particelle di solfuro di stagno sono utilizzate nei dispositivi optoelettronici in base alla loro buona risposta ottica e alle propriet\u00e0 di conversione fotoelettrica nelle regioni della luce visibile e infrarossa.<\/p>\n<p>Batterie agli ioni di litio: gli elementi di stagno e zolfo nelle particelle di SnS\u2082 possono avere una reazione chimica reversibile con gli ioni di litio, che possono essere inseriti e staccati dalla struttura reticolare di SnS\u2082 durante il processo di carica e scarica della batteria, realizzando cos\u00ec l&#8217;accumulo e il rilascio di energia elettrica.<\/p>\n","protected":false},"featured_media":1032506,"comment_status":"open","ping_status":"closed","template":"","meta":{"_acf_changed":false},"product_brand":[],"product_cat":[198],"product_tag":[],"class_list":{"0":"post-1022966","1":"product","2":"type-product","3":"status-publish","4":"has-post-thumbnail","6":"product_cat-materiali-per-levaporazione","8":"first","9":"instock","10":"shipping-taxable","11":"product-type-variable"},"acf":[],"_links":{"self":[{"href":"https:\/\/vimaterial.de\/it\/wp-json\/wp\/v2\/product\/1022966","targetHints":{"allow":["GET"]}}],"collection":[{"href":"https:\/\/vimaterial.de\/it\/wp-json\/wp\/v2\/product"}],"about":[{"href":"https:\/\/vimaterial.de\/it\/wp-json\/wp\/v2\/types\/product"}],"replies":[{"embeddable":true,"href":"https:\/\/vimaterial.de\/it\/wp-json\/wp\/v2\/comments?post=1022966"}],"wp:featuredmedia":[{"embeddable":true,"href":"https:\/\/vimaterial.de\/it\/wp-json\/wp\/v2\/media\/1032506"}],"wp:attachment":[{"href":"https:\/\/vimaterial.de\/it\/wp-json\/wp\/v2\/media?parent=1022966"}],"wp:term":[{"taxonomy":"product_brand","embeddable":true,"href":"https:\/\/vimaterial.de\/it\/wp-json\/wp\/v2\/product_brand?post=1022966"},{"taxonomy":"product_cat","embeddable":true,"href":"https:\/\/vimaterial.de\/it\/wp-json\/wp\/v2\/product_cat?post=1022966"},{"taxonomy":"product_tag","embeddable":true,"href":"https:\/\/vimaterial.de\/it\/wp-json\/wp\/v2\/product_tag?post=1022966"}],"curies":[{"name":"wp","href":"https:\/\/api.w.org\/{rel}","templated":true}]}}