{"id":1022857,"date":"2024-06-17T15:40:37","date_gmt":"2024-06-17T07:40:37","guid":{"rendered":"https:\/\/vimaterial.de\/product\/seleniuro-di-stagno-3\/"},"modified":"2024-10-30T14:19:35","modified_gmt":"2024-10-30T06:19:35","slug":"seleniuro-di-stagno-3","status":"publish","type":"product","link":"https:\/\/vimaterial.de\/it\/product\/seleniuro-di-stagno-3\/","title":{"rendered":"Seleniuro di stagno"},"content":{"rendered":"<p>I target SnSe sono un materiale importante per processi come la deposizione di film sottili.<\/p>\n<p>Informazioni di base<\/p>\n<p>Formula chimica e composizione: La formula chimica di SnSe indica che \u00e8 costituito da stagno (Sn) e selenio (Se) in un rapporto atomico 1:1.<br \/>\nPeso molecolare: 197,67.<br \/>\nAspetto: Generalmente grigio-nero o nero.<br \/>\nStruttura cristallina: Ha una struttura cristallina ortorombica.<br \/>\nDensit\u00e0: La densit\u00e0 \u00e8 di circa 6,14 g\/cm\u00b3.<br \/>\nPunto di fusione: Il punto di fusione \u00e8 di circa 861\u00b0C. Vicino al punto di fusione, la struttura cristallina e le propriet\u00e0 fisiche dello SnSe cambiano in modo significativo.<br \/>\nConducibilit\u00e0 termica: la bassa conducibilit\u00e0 termica delle polveri di SnSe \u00e8 un vantaggio chiave per le applicazioni termoelettriche.<\/p>\n<p>Aree di applicazione<\/p>\n<p>Campo dei semiconduttori: seleniuro di stagno Pu\u00f2 essere utilizzato per preparare dispositivi a semiconduttore, come transistor ad effetto di campo, fotorivelatori e cos\u00ec via.<\/p>\n<p>Celle solari: come strato assorbente delle celle solari, il seleniuro di stagno ha un elevato coefficiente di assorbimento della luce e una banda proibita adeguata, che pu\u00f2 assorbire efficacemente la luce solare e convertirla in elettricit\u00e0.<\/p>\n<p>Campo di stoccaggio a cambiamento di fase: SnSe pu\u00f2 subire un cambiamento di fase in determinate condizioni di temperatura e pressione e le sue caratteristiche di cambiamento di fase lo rendono potenzialmente prezioso nel campo dello stoccaggio a cambiamento di fase. La struttura a film sottile superreticolo preparata mediante sputtering di bersagli SnSe pu\u00f2 essere utilizzata per la preparazione della memoria a cambiamento di fase.<\/p>\n","protected":false},"excerpt":{"rendered":"<p>I target SnSe sono un materiale importante per processi come la deposizione di film sottili.<\/p>\n<p>Campo a semiconduttore: seleniuro di stagno Pu\u00f2 essere utilizzato per preparare dispositivi a semiconduttore, come transistor ad effetto di campo, fotorivelatori e cos\u00ec via.<\/p>\n<p>Celle solari: come strato assorbente delle celle solari, il seleniuro di stagno ha un elevato coefficiente di assorbimento della luce e una banda proibita adeguata, che pu\u00f2 assorbire efficacemente la luce solare e convertirla in elettricit\u00e0.<\/p>\n","protected":false},"featured_media":1032546,"comment_status":"open","ping_status":"closed","template":"","meta":{"_acf_changed":false},"product_brand":[],"product_cat":[197],"product_tag":[],"class_list":{"0":"post-1022857","1":"product","2":"type-product","3":"status-publish","4":"has-post-thumbnail","6":"product_cat-obiettivi-di-sputtering-planari","8":"first","9":"instock","10":"shipping-taxable","11":"product-type-variable"},"acf":[],"_links":{"self":[{"href":"https:\/\/vimaterial.de\/it\/wp-json\/wp\/v2\/product\/1022857","targetHints":{"allow":["GET"]}}],"collection":[{"href":"https:\/\/vimaterial.de\/it\/wp-json\/wp\/v2\/product"}],"about":[{"href":"https:\/\/vimaterial.de\/it\/wp-json\/wp\/v2\/types\/product"}],"replies":[{"embeddable":true,"href":"https:\/\/vimaterial.de\/it\/wp-json\/wp\/v2\/comments?post=1022857"}],"wp:featuredmedia":[{"embeddable":true,"href":"https:\/\/vimaterial.de\/it\/wp-json\/wp\/v2\/media\/1032546"}],"wp:attachment":[{"href":"https:\/\/vimaterial.de\/it\/wp-json\/wp\/v2\/media?parent=1022857"}],"wp:term":[{"taxonomy":"product_brand","embeddable":true,"href":"https:\/\/vimaterial.de\/it\/wp-json\/wp\/v2\/product_brand?post=1022857"},{"taxonomy":"product_cat","embeddable":true,"href":"https:\/\/vimaterial.de\/it\/wp-json\/wp\/v2\/product_cat?post=1022857"},{"taxonomy":"product_tag","embeddable":true,"href":"https:\/\/vimaterial.de\/it\/wp-json\/wp\/v2\/product_tag?post=1022857"}],"curies":[{"name":"wp","href":"https:\/\/api.w.org\/{rel}","templated":true}]}}