{"id":1022836,"date":"2024-06-17T15:40:38","date_gmt":"2024-06-17T07:40:38","guid":{"rendered":"https:\/\/vimaterial.de\/product\/seleniuro-di-stagno-2\/"},"modified":"2024-10-30T11:01:09","modified_gmt":"2024-10-30T03:01:09","slug":"seleniuro-di-stagno-2","status":"publish","type":"product","link":"https:\/\/vimaterial.de\/it\/product\/seleniuro-di-stagno-2\/","title":{"rendered":"Seleniuro di stagno"},"content":{"rendered":"<p>Il target SnSe\u2082 \u00e8 un materiale importante utilizzato in processi come la preparazione di film sottili.<\/p>\n<h3>Informazioni di base:<\/h3>\n<p>Composizione chimica: composto principalmente da due elementi, stagno (Sn) e selenio (Se), la formula chimica \u00e8 SnSe\u2082.<\/p>\n<p>N. CAS: 20770 &#8211; 09 &#8211; 6.<\/p>\n<p>Aspetto: solitamente solido grumoso grigio o nero, con forme e dimensioni specifiche dopo essere stato trasformato in materiali target, comunemente rotondo, quadrato e cos\u00ec via.<\/p>\n<p>Struttura cristallina: Ha una struttura cristallina stratificata, che rende le sue propriet\u00e0 fisiche diverse in diverse direzioni.<\/p>\n<p>Punto di fusione: Il punto di fusione \u00e8 alto, circa 650\u00b0C.<\/p>\n<h3>Campi di applicazione:<\/h3>\n<p>Campo dei semiconduttori: il seleniuro di stagno pu\u00f2 essere utilizzato per preparare film sottili di semiconduttori, come nella produzione di celle solari, transistor ad effetto di campo e altri dispositivi, polverizzando i bersagli di SnSe\u2082 possono essere depositati sul substrato con film di SnSe\u2082 di alta qualit\u00e0.<\/p>\n<p>Campo ottico: poich\u00e9 il seleniuro di stagno ha determinate propriet\u00e0 di assorbimento e trasmissione ottica nelle regioni di luce visibile e nel vicino infrarosso, pu\u00f2 essere utilizzato per preparare pellicole ottiche, come pellicole antiriflesso e pellicole per il miglioramento della permeazione, ecc., che vengono applicate in dispositivi ottici e rivestimenti ottici.<\/p>\n<p>Campo elettronico: nella produzione di dispositivi elettronici, i bersagli SnSe\u2082 possono essere utilizzati per preparare elettrodi, strati conduttivi e altri componenti, fornendo una buona conduttivit\u00e0 e una struttura stabile per i dispositivi elettronici.<\/p>\n","protected":false},"excerpt":{"rendered":"<p>Il target SnSe\u2082 \u00e8 un materiale importante utilizzato in processi come la preparazione di film sottili.<\/p>\n<p>Campo dei semiconduttori: il seleniuro di stagno pu\u00f2 essere utilizzato per preparare film sottili di semiconduttori, come nella produzione di celle solari, transistor ad effetto di campo e altri dispositivi, mediante sputtering I bersagli di SnSe\u2082 possono essere depositati sul substrato con film di SnSe\u2082 di alta qualit\u00e0.<\/p>\n<p>Campo ottico: poich\u00e9 il seleniuro di stagno ha determinate propriet\u00e0 di assorbimento e trasmissione ottica nelle regioni di luce visibile e nel vicino infrarosso, pu\u00f2 essere utilizzato per preparare pellicole ottiche, come pellicole antiriflesso e pellicole per il miglioramento della permeazione, ecc., che vengono applicate in dispositivi ottici e rivestimenti ottici.<\/p>\n","protected":false},"featured_media":1032551,"comment_status":"open","ping_status":"closed","template":"","meta":{"_acf_changed":false},"product_brand":[],"product_cat":[197],"product_tag":[],"class_list":{"0":"post-1022836","1":"product","2":"type-product","3":"status-publish","4":"has-post-thumbnail","6":"product_cat-obiettivi-di-sputtering-planari","8":"first","9":"instock","10":"shipping-taxable","11":"product-type-variable"},"acf":[],"_links":{"self":[{"href":"https:\/\/vimaterial.de\/it\/wp-json\/wp\/v2\/product\/1022836","targetHints":{"allow":["GET"]}}],"collection":[{"href":"https:\/\/vimaterial.de\/it\/wp-json\/wp\/v2\/product"}],"about":[{"href":"https:\/\/vimaterial.de\/it\/wp-json\/wp\/v2\/types\/product"}],"replies":[{"embeddable":true,"href":"https:\/\/vimaterial.de\/it\/wp-json\/wp\/v2\/comments?post=1022836"}],"wp:featuredmedia":[{"embeddable":true,"href":"https:\/\/vimaterial.de\/it\/wp-json\/wp\/v2\/media\/1032551"}],"wp:attachment":[{"href":"https:\/\/vimaterial.de\/it\/wp-json\/wp\/v2\/media?parent=1022836"}],"wp:term":[{"taxonomy":"product_brand","embeddable":true,"href":"https:\/\/vimaterial.de\/it\/wp-json\/wp\/v2\/product_brand?post=1022836"},{"taxonomy":"product_cat","embeddable":true,"href":"https:\/\/vimaterial.de\/it\/wp-json\/wp\/v2\/product_cat?post=1022836"},{"taxonomy":"product_tag","embeddable":true,"href":"https:\/\/vimaterial.de\/it\/wp-json\/wp\/v2\/product_tag?post=1022836"}],"curies":[{"name":"wp","href":"https:\/\/api.w.org\/{rel}","templated":true}]}}