{"id":1022832,"date":"2024-06-17T15:40:38","date_gmt":"2024-06-17T07:40:38","guid":{"rendered":"https:\/\/vimaterial.de\/product\/seleniuro-di-stagno\/"},"modified":"2024-10-30T10:44:53","modified_gmt":"2024-10-30T02:44:53","slug":"seleniuro-di-stagno","status":"publish","type":"product","link":"https:\/\/vimaterial.de\/it\/product\/seleniuro-di-stagno\/","title":{"rendered":"Seleniuro di stagno"},"content":{"rendered":"<p>La polvere di SnSe\u2082 \u00e8 un composto inorganico con un importante valore di ricerca e prospettive applicative.<\/p>\n<h3>Informazioni di base<\/h3>\n<p>Formula chimica: SnSe\u2082, composto dall&#8217;elemento stagno (Sn) e dall&#8217;elemento selenio (Se), il suo rapporto atomico \u00e8 1:2.<\/p>\n<p>Peso molecolare: 276,63.<\/p>\n<p>Numero di registro CAS: 23913 &#8211; 55 &#8211; 1.<\/p>\n<p>Aspetto e colore: di solito una polvere grigia o nera. Struttura cristallina: Ha una struttura cristallina stratificata e appartiene al sistema cristallino esagonale.<\/p>\n<p>Densit\u00e0: la sua densit\u00e0 \u00e8 di circa 6,18 g\/cm\u00b3 e la dimensione della densit\u00e0 influisce sulle sue propriet\u00e0 come la stabilit\u00e0 fisica nella sintesi dei materiali e nelle applicazioni.<\/p>\n<p>Punto di fusione e punto di ebollizione: il punto di fusione \u00e8 di circa 650\u00b0C.<\/p>\n<p>Durezza: A causa della sua struttura a strati, la durezza \u00e8 relativamente bassa ed \u00e8 facile scivolare tra gli strati se sottoposto a forze esterne.<\/p>\n<h3>Campi di applicazione<\/h3>\n<p>Campo di materiali termoelettrici: La struttura cristallina stratificata del seleniuro di stagno rende molto diverse le sue propriet\u00e0 di trasporto di elettroni e calore nella direzione lungo lo strato e nella direzione perpendicolare allo strato, e questa anisotropia lo rende potenzialmente utile nei materiali termoelettrici.<\/p>\n<p>Campo del dispositivo optoelettronico: il seleniuro di stagno ha determinate propriet\u00e0 di assorbimento ed emissione della luce nelle regioni della luce visibile e del vicino infrarosso, che sono correlate alle sue strutture elettroniche e cristalline.<\/p>\n<p>Campo della batteria agli ioni di litio: gli elementi Sn e Se in SnSe\u2082 possono avere reazioni chimiche reversibili con gli ioni di litio, che possono essere inseriti e staccati dalla struttura reticolare di SnSe\u2082 durante il processo di carica e scarica della batteria per ottenere l&#8217;accumulo e il rilascio di energia elettrica.<\/p>\n","protected":false},"excerpt":{"rendered":"<p>La polvere di SnSe\u2082 \u00e8 un composto inorganico con un importante valore di ricerca e prospettive applicative.<\/p>\n<p>Campo di materiali termoelettrici: La struttura cristallina stratificata del seleniuro di stagno rende molto diverse le sue propriet\u00e0 di trasporto di elettroni e calore nella direzione lungo lo strato e nella direzione perpendicolare allo strato, e questa anisotropia lo rende potenzialmente utile nei materiali termoelettrici.<\/p>\n<p>Campo del dispositivo optoelettronico: il seleniuro di stagno ha determinate propriet\u00e0 di assorbimento ed emissione della luce nelle regioni della luce visibile e del vicino infrarosso, che sono correlate alle sue strutture elettroniche e cristalline.<\/p>\n","protected":false},"featured_media":1032551,"comment_status":"open","ping_status":"closed","template":"","meta":{"_acf_changed":false},"product_brand":[],"product_cat":[200],"product_tag":[],"class_list":{"0":"post-1022832","1":"product","2":"type-product","3":"status-publish","4":"has-post-thumbnail","6":"product_cat-materiali-calcogenidici","8":"first","9":"instock","10":"shipping-taxable","11":"purchasable","12":"product-type-variable"},"acf":[],"_links":{"self":[{"href":"https:\/\/vimaterial.de\/it\/wp-json\/wp\/v2\/product\/1022832","targetHints":{"allow":["GET"]}}],"collection":[{"href":"https:\/\/vimaterial.de\/it\/wp-json\/wp\/v2\/product"}],"about":[{"href":"https:\/\/vimaterial.de\/it\/wp-json\/wp\/v2\/types\/product"}],"replies":[{"embeddable":true,"href":"https:\/\/vimaterial.de\/it\/wp-json\/wp\/v2\/comments?post=1022832"}],"wp:featuredmedia":[{"embeddable":true,"href":"https:\/\/vimaterial.de\/it\/wp-json\/wp\/v2\/media\/1032551"}],"wp:attachment":[{"href":"https:\/\/vimaterial.de\/it\/wp-json\/wp\/v2\/media?parent=1022832"}],"wp:term":[{"taxonomy":"product_brand","embeddable":true,"href":"https:\/\/vimaterial.de\/it\/wp-json\/wp\/v2\/product_brand?post=1022832"},{"taxonomy":"product_cat","embeddable":true,"href":"https:\/\/vimaterial.de\/it\/wp-json\/wp\/v2\/product_cat?post=1022832"},{"taxonomy":"product_tag","embeddable":true,"href":"https:\/\/vimaterial.de\/it\/wp-json\/wp\/v2\/product_tag?post=1022832"}],"curies":[{"name":"wp","href":"https:\/\/api.w.org\/{rel}","templated":true}]}}