{"id":1022186,"date":"2024-06-17T15:33:35","date_gmt":"2024-06-17T07:33:35","guid":{"rendered":"https:\/\/vimaterial.de\/product\/solfuro-di-cadmio-3\/"},"modified":"2024-10-12T17:07:50","modified_gmt":"2024-10-12T09:07:50","slug":"solfuro-di-cadmio-3","status":"publish","type":"product","link":"https:\/\/vimaterial.de\/it\/product\/solfuro-di-cadmio-3\/","title":{"rendered":"Solfuro di cadmio"},"content":{"rendered":"<p>La polvere di solfuro di cadmio \u00e8 un importante composto inorganico.<\/p>\n<p>&nbsp;<\/p>\n<p>Informazioni di base:<\/p>\n<p>&nbsp;<\/p>\n<p>Formula chimica: CdS.<\/p>\n<p>Peso molecolare: 144,48 g\/mol.<\/p>\n<p>Numero CAS: 1306-23-6.<\/p>\n<p>Aspetto: Di solito polvere da arancione a marrone scuro.<\/p>\n<p>Densit\u00e0: La densit\u00e0 relativa \u00e8 di circa 4.826 g\/cm\u00b3.<\/p>\n<p>Punto di fusione: alto, circa 1750\u00b0C.<\/p>\n<p>Solubilit\u00e0: poco solubile in acqua, solubile in acido, poco solubile in ammoniaca.<\/p>\n<p>Diottrie: 2,529.<\/p>\n<p>&nbsp;<\/p>\n<p>Metodo di preparazione:<\/p>\n<p>&nbsp;<\/p>\n<p>Modo comune di preparazione: Di solito per reazione di una soluzione acida di sale di cadmio con idrogeno solforato.<\/p>\n<p>&nbsp;<\/p>\n<p>Altri metodi: Pu\u00f2 anche essere preparato con il metodo della fase solida ad alta temperatura, il metodo idrotermale e altri metodi, ma questi metodi hanno requisiti pi\u00f9 elevati per le condizioni di reazione e le apparecchiature.<\/p>\n<p>&nbsp;<\/p>\n<p>Campo di applicazione:<\/p>\n<p>&nbsp;<\/p>\n<p>Campo dei semiconduttori: il solfuro di cadmio ad alta purezza \u00e8 un buon semiconduttore, ha un forte effetto fotoelettrico sulla luce visibile, pu\u00f2 essere utilizzato per realizzare fotocellule, celle solari e cos\u00ec via.<\/p>\n<p>&nbsp;<\/p>\n<p>Campo biomedico: pu\u00f2 essere utilizzato per l&#8217;imaging biologico, la marcatura cellulare, ecc., Ma poich\u00e9 il cadmio ha una certa tossicit\u00e0, la sua applicazione in campo biomedico richiede un rigoroso controllo della dose e della sicurezza.<\/p>\n","protected":false},"excerpt":{"rendered":"<p>La polvere di solfuro di cadmio \u00e8 un importante composto inorganico.<\/p>\n<p>Campo dei semiconduttori: il solfuro di cadmio ad alta purezza \u00e8 un buon semiconduttore, ha un forte effetto fotoelettrico sulla luce visibile, pu\u00f2 essere utilizzato per realizzare fotocellule, celle solari e cos\u00ec via.<\/p>\n<p>Campo biomedico: pu\u00f2 essere utilizzato per l&#8217;imaging biologico, la marcatura cellulare, ecc., Ma poich\u00e9 il cadmio ha una certa tossicit\u00e0, la sua applicazione in campo biomedico richiede un rigoroso controllo della dose e della sicurezza.<\/p>\n","protected":false},"featured_media":1032101,"comment_status":"open","ping_status":"closed","template":"","meta":{"_acf_changed":false},"product_brand":[],"product_cat":[200],"product_tag":[],"class_list":{"0":"post-1022186","1":"product","2":"type-product","3":"status-publish","4":"has-post-thumbnail","6":"product_cat-materiali-calcogenidici","8":"first","9":"instock","10":"shipping-taxable","11":"product-type-variable"},"acf":[],"_links":{"self":[{"href":"https:\/\/vimaterial.de\/it\/wp-json\/wp\/v2\/product\/1022186","targetHints":{"allow":["GET"]}}],"collection":[{"href":"https:\/\/vimaterial.de\/it\/wp-json\/wp\/v2\/product"}],"about":[{"href":"https:\/\/vimaterial.de\/it\/wp-json\/wp\/v2\/types\/product"}],"replies":[{"embeddable":true,"href":"https:\/\/vimaterial.de\/it\/wp-json\/wp\/v2\/comments?post=1022186"}],"wp:featuredmedia":[{"embeddable":true,"href":"https:\/\/vimaterial.de\/it\/wp-json\/wp\/v2\/media\/1032101"}],"wp:attachment":[{"href":"https:\/\/vimaterial.de\/it\/wp-json\/wp\/v2\/media?parent=1022186"}],"wp:term":[{"taxonomy":"product_brand","embeddable":true,"href":"https:\/\/vimaterial.de\/it\/wp-json\/wp\/v2\/product_brand?post=1022186"},{"taxonomy":"product_cat","embeddable":true,"href":"https:\/\/vimaterial.de\/it\/wp-json\/wp\/v2\/product_cat?post=1022186"},{"taxonomy":"product_tag","embeddable":true,"href":"https:\/\/vimaterial.de\/it\/wp-json\/wp\/v2\/product_tag?post=1022186"}],"curies":[{"name":"wp","href":"https:\/\/api.w.org\/{rel}","templated":true}]}}