{"id":1022181,"date":"2024-06-17T15:33:35","date_gmt":"2024-06-17T07:33:35","guid":{"rendered":"https:\/\/vimaterial.de\/product\/solfuro-di-cadmio-2\/"},"modified":"2024-10-12T16:55:32","modified_gmt":"2024-10-12T08:55:32","slug":"solfuro-di-cadmio-2","status":"publish","type":"product","link":"https:\/\/vimaterial.de\/it\/product\/solfuro-di-cadmio-2\/","title":{"rendered":"Solfuro di cadmio"},"content":{"rendered":"<p>Le particelle di solfuro di cadmio sono un importante materiale composto inorganico.<\/p>\n<p>&nbsp;<\/p>\n<p>Informazioni di base:<\/p>\n<p>&nbsp;<\/p>\n<p>Formula chimica: CdS.<\/p>\n<p>Peso molecolare: 144,46.<\/p>\n<p>CAS: 1306-23-6.<\/p>\n<p>Aspetto: Polvere solitamente da arancione a marrone scuro, inodore.<\/p>\n<p>Densit\u00e0: La densit\u00e0 relativa \u00e8 di circa 4,82 g\/cm\u00b3.<\/p>\n<p>Punto di fusione: alto, circa 1750\u00b0C.<\/p>\n<p>Solubilit\u00e0: Insolubile in acqua, ma solubile in acido concentrato.<\/p>\n<p>Diottrie: 2,529.<\/p>\n<p>&nbsp;<\/p>\n<p>Metodo di preparazione:<\/p>\n<p>&nbsp;<\/p>\n<p>Metodo in fase solida ad alta temperatura: la sorgente di cadmio (come la polvere di cadmio o i composti di cadmio) e la fonte di zolfo (come la polvere di zolfo o l&#8217;idrogeno solforato gassoso) vengono miscelate in una certa proporzione e la reazione viene eseguita ad alta temperatura per produrre particelle di CdS.<\/p>\n<p>&nbsp;<\/p>\n<p>Metodo di precipitazione chimica: la soluzione di sale di cadmio e la soluzione di solfuro vengono miscelate per produrre la precipitazione di CdS attraverso una reazione chimica. Quindi, attraverso la filtrazione, il lavaggio, l&#8217;asciugatura e altri passaggi, si ottengono particelle di solfuro di cadmio.<\/p>\n<p>&nbsp;<\/p>\n<p>Metodo idrotermale: in condizioni idrotermali di alta temperatura e alta pressione, la sorgente di cadmio e la sorgente di zolfo reagiscono in soluzione acquosa per formare particelle di CdS.<\/p>\n<p>&nbsp;<\/p>\n<p>Applicazioni:<\/p>\n<p>&nbsp;<\/p>\n<p>Campo di pigmenti: le particelle di solfuro di cadmio sono un pigmento giallo comunemente usato, ampiamente utilizzato in smalto, vetro, ceramica, plastica, vernici e altri coloranti.<\/p>\n<p>&nbsp;<\/p>\n<p>Campo dei semiconduttori: come materiale semiconduttore, le particelle di CdS hanno applicazioni in dispositivi fotovoltaici come celle solari, fotoresistori e fotorivelatori.<\/p>\n<p>&nbsp;<\/p>\n<p>Campo biomedico: le particelle di CdS hanno buone caratteristiche di fluorescenza e biocompatibilit\u00e0, che possono essere utilizzate per il bioimaging, la marcatura cellulare e la somministrazione di farmaci.<\/p>\n<p>&nbsp;<\/p>\n<p>Nel campo della fotocatalisi: le particelle di CdS hanno una certa attivit\u00e0 nella reazione fotocatalitica e possono essere utilizzate per degradare gli inquinanti organici, decomporre l&#8217;acqua e produrre idrogeno.<\/p>\n","protected":false},"excerpt":{"rendered":"<p>Le particelle di solfuro di cadmio sono un importante materiale composto inorganico.<\/p>\n<p>Campo di pigmenti: le particelle di CdS sono un pigmento giallo comunemente usato, ampiamente utilizzato in smalto, vetro, ceramica, plastica, vernici e altri coloranti.<\/p>\n<p>Campo dei semiconduttori: come materiale semiconduttore, le particelle di CdS hanno applicazioni in dispositivi fotovoltaici come celle solari, fotoresistori e fotorivelatori.<\/p>\n","protected":false},"featured_media":1032096,"comment_status":"open","ping_status":"closed","template":"","meta":{"_acf_changed":false},"product_brand":[],"product_cat":[198],"product_tag":[],"class_list":{"0":"post-1022181","1":"product","2":"type-product","3":"status-publish","4":"has-post-thumbnail","6":"product_cat-materiali-per-levaporazione","8":"first","9":"instock","10":"shipping-taxable","11":"product-type-variable"},"acf":[],"_links":{"self":[{"href":"https:\/\/vimaterial.de\/it\/wp-json\/wp\/v2\/product\/1022181","targetHints":{"allow":["GET"]}}],"collection":[{"href":"https:\/\/vimaterial.de\/it\/wp-json\/wp\/v2\/product"}],"about":[{"href":"https:\/\/vimaterial.de\/it\/wp-json\/wp\/v2\/types\/product"}],"replies":[{"embeddable":true,"href":"https:\/\/vimaterial.de\/it\/wp-json\/wp\/v2\/comments?post=1022181"}],"wp:featuredmedia":[{"embeddable":true,"href":"https:\/\/vimaterial.de\/it\/wp-json\/wp\/v2\/media\/1032096"}],"wp:attachment":[{"href":"https:\/\/vimaterial.de\/it\/wp-json\/wp\/v2\/media?parent=1022181"}],"wp:term":[{"taxonomy":"product_brand","embeddable":true,"href":"https:\/\/vimaterial.de\/it\/wp-json\/wp\/v2\/product_brand?post=1022181"},{"taxonomy":"product_cat","embeddable":true,"href":"https:\/\/vimaterial.de\/it\/wp-json\/wp\/v2\/product_cat?post=1022181"},{"taxonomy":"product_tag","embeddable":true,"href":"https:\/\/vimaterial.de\/it\/wp-json\/wp\/v2\/product_tag?post=1022181"}],"curies":[{"name":"wp","href":"https:\/\/api.w.org\/{rel}","templated":true}]}}