{"id":1022147,"date":"2024-06-17T15:33:35","date_gmt":"2024-06-17T07:33:35","guid":{"rendered":"https:\/\/vimaterial.de\/product\/solfuro-di-cadmio\/"},"modified":"2024-10-12T16:41:01","modified_gmt":"2024-10-12T08:41:01","slug":"solfuro-di-cadmio","status":"publish","type":"product","link":"https:\/\/vimaterial.de\/it\/product\/solfuro-di-cadmio\/","title":{"rendered":"Solfuro di cadmio"},"content":{"rendered":"<p>Il bersaglio del solfuro di cadmio \u00e8 un materiale importante.<\/p>\n<p>&nbsp;<\/p>\n<p>Informazioni di base:<\/p>\n<p>&nbsp;<\/p>\n<p>Formula chimica: CdS.<\/p>\n<p>Struttura cristallina: ci sono due strutture cristalline del sistema cristallino cubico e del sistema cristallino esagonale, e la struttura comune della sfalerite del sistema cristallino cubico \u00e8.<\/p>\n<p>Aspetto: solitamente solido giallo o arancione, lo stato in polvere pu\u00f2 essere leggermente pi\u00f9 chiaro.<\/p>\n<p>Densit\u00e0: La densit\u00e0 relativa \u00e8 di circa 4,82 g\/cm\u00b3.<\/p>\n<p>Punto di fusione: alto punto di fusione, circa 1750\u00b0C.<\/p>\n<p>Durezza: Ha una certa durezza e pu\u00f2 mantenere una buona stabilit\u00e0 di forma nell&#8217;applicazione di materiali target.<\/p>\n<p>&nbsp;<\/p>\n<p>Metodo di preparazione:<\/p>\n<p>&nbsp;<\/p>\n<p>Metodo di metallurgia delle polveri: prima di tutto, la polvere di cadmio ad alta purezza e la polvere di zolfo vengono miscelate in una certa proporzione e quindi sinterizzate ad alta temperatura e alta pressione, in modo che le particelle di polvere si combinino tra loro per formare un bersaglio denso.<\/p>\n<p>&nbsp;<\/p>\n<p>Metodo di fusione sottovuoto: in un ambiente sottovuoto, il cadmio e lo zolfo vengono riscaldati ad alte temperature per fondere e reagire completamente, quindi raffreddati e solidificati per ottenere materiali di solfuro di cadmio e quindi trasformati in bersagli.<\/p>\n<p>&nbsp;<\/p>\n<p>Campo di applicazione:<\/p>\n<p>&nbsp;<\/p>\n<p>Celle solari: nelle celle solari a film sottile, il solfuro di cadmio pu\u00f2 essere utilizzato come materiale per lo strato tampone, che pu\u00f2 migliorare l&#8217;efficienza di conversione fotoelettrica e la stabilit\u00e0 della batteria. Le sue buone propriet\u00e0 ottiche ed elettriche contribuiscono a favorire la separazione e il trasporto dei vettori fotogenerati.<\/p>\n<p>&nbsp;<\/p>\n<p>Dispositivi fotoelettrici: possono essere utilizzati per preparare diodi emettitori di luce (LED), diodi laser, fotorilevatori e altri dispositivi fotoelettrici.<\/p>\n<p>&nbsp;<\/p>\n<p>Rivestimento ottico: poich\u00e9 il solfuro di cadmio ha un alto indice di rifrazione e buone propriet\u00e0 ottiche, pu\u00f2 essere utilizzato nel campo del rivestimento ottico, come la preparazione di pellicole antiriflesso, pellicole riflettenti, ecc., Per migliorare le prestazioni dei componenti ottici.<\/p>\n<p>&nbsp;<\/p>\n<p>Industria dei semiconduttori: come materiale semiconduttore, il solfuro di cadmio ha anche alcune applicazioni nella produzione di dispositivi a semiconduttore, come per la preparazione di transistor ad effetto di campo.<\/p>\n","protected":false},"excerpt":{"rendered":"<p>Il bersaglio del solfuro di cadmio \u00e8 un materiale importante.<\/p>\n<p>Celle solari: nelle celle solari a film sottile, il solfuro di cadmio pu\u00f2 essere utilizzato come materiale per lo strato tampone, che pu\u00f2 migliorare l&#8217;efficienza di conversione fotoelettrica e la stabilit\u00e0 della batteria. Le sue buone propriet\u00e0 ottiche ed elettriche contribuiscono a favorire la separazione e il trasporto dei vettori fotogenerati.<\/p>\n<p>Dispositivi fotoelettrici: possono essere utilizzati per preparare diodi emettitori di luce (LED), diodi laser, fotorilevatori e altri dispositivi fotoelettrici.<\/p>\n<p>&nbsp;<\/p>\n","protected":false},"featured_media":1032106,"comment_status":"open","ping_status":"closed","template":"","meta":{"_acf_changed":false},"product_brand":[],"product_cat":[197],"product_tag":[],"class_list":{"0":"post-1022147","1":"product","2":"type-product","3":"status-publish","4":"has-post-thumbnail","6":"product_cat-obiettivi-di-sputtering-planari","8":"first","9":"instock","10":"shipping-taxable","11":"product-type-variable"},"acf":[],"_links":{"self":[{"href":"https:\/\/vimaterial.de\/it\/wp-json\/wp\/v2\/product\/1022147","targetHints":{"allow":["GET"]}}],"collection":[{"href":"https:\/\/vimaterial.de\/it\/wp-json\/wp\/v2\/product"}],"about":[{"href":"https:\/\/vimaterial.de\/it\/wp-json\/wp\/v2\/types\/product"}],"replies":[{"embeddable":true,"href":"https:\/\/vimaterial.de\/it\/wp-json\/wp\/v2\/comments?post=1022147"}],"wp:featuredmedia":[{"embeddable":true,"href":"https:\/\/vimaterial.de\/it\/wp-json\/wp\/v2\/media\/1032106"}],"wp:attachment":[{"href":"https:\/\/vimaterial.de\/it\/wp-json\/wp\/v2\/media?parent=1022147"}],"wp:term":[{"taxonomy":"product_brand","embeddable":true,"href":"https:\/\/vimaterial.de\/it\/wp-json\/wp\/v2\/product_brand?post=1022147"},{"taxonomy":"product_cat","embeddable":true,"href":"https:\/\/vimaterial.de\/it\/wp-json\/wp\/v2\/product_cat?post=1022147"},{"taxonomy":"product_tag","embeddable":true,"href":"https:\/\/vimaterial.de\/it\/wp-json\/wp\/v2\/product_tag?post=1022147"}],"curies":[{"name":"wp","href":"https:\/\/api.w.org\/{rel}","templated":true}]}}