{"id":1021547,"date":"2024-06-17T15:36:33","date_gmt":"2024-06-17T07:36:33","guid":{"rendered":"https:\/\/vimaterial.de\/product\/ossido-di-indio-e-zinco-stagno-izto\/"},"modified":"2024-10-31T10:43:41","modified_gmt":"2024-10-31T02:43:41","slug":"ossido-di-indio-e-zinco-stagno-izto","status":"publish","type":"product","link":"https:\/\/vimaterial.de\/it\/product\/ossido-di-indio-e-zinco-stagno-izto\/","title":{"rendered":"Ossido di indio-zinco-stagno (IZTO)"},"content":{"rendered":"<p>I bersagli dell&#8217;ossido di indio-zinco-stagno sono un importante materiale funzionale.<\/p>\n<h3>Informazioni di base:<\/h3>\n<p>Composizione: I bersagli dell&#8217;ossido di indio e zinco-stagno sono composti principalmente da ossido di indio (In\u2082O\u2083), ossido di zinco (ZnO) e ossido di stagno (SnO\u2082), che sono miscelati in un certo rapporto di questi tre ossidi metallici.<\/p>\n<p>Struttura: Solitamente con una struttura policristallina, le caratteristiche della struttura cristallina influenzano le propriet\u00e0 fisiche e chimiche del bersaglio, nonch\u00e9 la qualit\u00e0 dei film successivamente preparati.<\/p>\n<p>Propriet\u00e0 elettriche: l&#8217;elevata mobilit\u00e0 della portante, che consente ai film IZTO di ottenere un rapido trasporto della carica nei dispositivi elettronici, \u00e8 importante per la produzione di dispositivi elettronici ad alte prestazioni come i transistor a film sottile (TFT).<\/p>\n<p>Propriet\u00e0 ottiche: Elevata trasmittanza nella gamma visibile, ma anche nella regione dell&#8217;infrarosso. Queste propriet\u00e0 ottiche rendono i bersagli IZTO potenzialmente preziosi per applicazioni in dispositivi ottici e celle solari.<\/p>\n<h3>Aree di applicazione:<\/h3>\n<p>Display a schermo piatto: nel display a cristalli liquidi (LCD), nel display a diodi organici a emissione di luce attivi (AMOLED) e nel display flessibile e in altre tecnologie di visualizzazione a schermo piatto, i target IZTO possono essere utilizzati per preparare lo strato semiconduttore del TFT, possono migliorare le prestazioni e la risoluzione del display.<\/p>\n<p>Celle solari: il film di ossido di indio-zinco-stagno ha una buona conduttivit\u00e0 e propriet\u00e0 ottiche, pu\u00f2 essere utilizzato come materiale per elettrodi trasparenti per celle solari, migliora l&#8217;efficienza di conversione fotoelettrica delle celle solari.<\/p>\n<p>Sensori: le propriet\u00e0 elettriche dei materiali in ossido di zinco-stagno indio sono sensibili al gas, alla temperatura, all&#8217;umidit\u00e0 e ad altri fattori nell&#8217;ambiente e possono essere utilizzate per preparare una variet\u00e0 di sensori, come sensori di gas, sensori di temperatura e cos\u00ec via.<\/p>\n","protected":false},"excerpt":{"rendered":"<p>I bersagli dell&#8217;ossido di indio-zinco-stagno sono un importante materiale funzionale.<\/p>\n<p>Display a schermo piatto: nel display a cristalli liquidi (LCD), nel display a diodi organici a emissione di luce attivi (AMOLED) e nel display flessibile e in altre tecnologie di visualizzazione a schermo piatto, i target IZTO possono essere utilizzati per preparare lo strato semiconduttore del TFT, possono migliorare le prestazioni e la risoluzione del display.<\/p>\n<p>Celle solari: il film IZTO ha una buona conduttivit\u00e0 e propriet\u00e0 ottiche, pu\u00f2 essere utilizzato come materiale per elettrodi trasparenti per celle solari, migliora l&#8217;efficienza di conversione fotoelettrica delle celle solari.<\/p>\n","protected":false},"featured_media":1032261,"comment_status":"open","ping_status":"closed","template":"","meta":{"_acf_changed":false},"product_brand":[],"product_cat":[197],"product_tag":[],"class_list":{"0":"post-1021547","1":"product","2":"type-product","3":"status-publish","4":"has-post-thumbnail","6":"product_cat-obiettivi-di-sputtering-planari","8":"first","9":"instock","10":"shipping-taxable","11":"product-type-variable"},"acf":[],"_links":{"self":[{"href":"https:\/\/vimaterial.de\/it\/wp-json\/wp\/v2\/product\/1021547","targetHints":{"allow":["GET"]}}],"collection":[{"href":"https:\/\/vimaterial.de\/it\/wp-json\/wp\/v2\/product"}],"about":[{"href":"https:\/\/vimaterial.de\/it\/wp-json\/wp\/v2\/types\/product"}],"replies":[{"embeddable":true,"href":"https:\/\/vimaterial.de\/it\/wp-json\/wp\/v2\/comments?post=1021547"}],"wp:featuredmedia":[{"embeddable":true,"href":"https:\/\/vimaterial.de\/it\/wp-json\/wp\/v2\/media\/1032261"}],"wp:attachment":[{"href":"https:\/\/vimaterial.de\/it\/wp-json\/wp\/v2\/media?parent=1021547"}],"wp:term":[{"taxonomy":"product_brand","embeddable":true,"href":"https:\/\/vimaterial.de\/it\/wp-json\/wp\/v2\/product_brand?post=1021547"},{"taxonomy":"product_cat","embeddable":true,"href":"https:\/\/vimaterial.de\/it\/wp-json\/wp\/v2\/product_cat?post=1021547"},{"taxonomy":"product_tag","embeddable":true,"href":"https:\/\/vimaterial.de\/it\/wp-json\/wp\/v2\/product_tag?post=1021547"}],"curies":[{"name":"wp","href":"https:\/\/api.w.org\/{rel}","templated":true}]}}