{"id":1021532,"date":"2024-06-17T15:36:32","date_gmt":"2024-06-17T07:36:32","guid":{"rendered":"https:\/\/vimaterial.de\/product\/ossido-di-indio-e-zinco-izo\/"},"modified":"2024-10-31T13:45:29","modified_gmt":"2024-10-31T05:45:29","slug":"ossido-di-indio-e-zinco-izo","status":"publish","type":"product","link":"https:\/\/vimaterial.de\/it\/product\/ossido-di-indio-e-zinco-izo\/","title":{"rendered":"Ossido di zinco indio (IZO)"},"content":{"rendered":"<p>Il bersaglio IZO \u00e8 un importante bersaglio per lo sputtering.<\/p>\n<h3>Informazioni di base:<\/h3>\n<p>Composizione: i bersagli IZO sono composti principalmente da ossido di indio (In\u2082O\u2083) e ossido di zinco (ZnO).<\/p>\n<p>Struttura cristallina: Sulla base della struttura cubica del ferromanganese dell&#8217;ossido di indio, l&#8217;aggiunta di ossido di zinco produrr\u00e0 un certo grado di distorsione nella struttura cristallina e questo cambiamento strutturale ha un effetto importante sulle sue propriet\u00e0 fisiche e chimiche.<\/p>\n<p>Propriet\u00e0 elettriche: \u00e8 un materiale semiconduttore con un&#8217;elevata mobilit\u00e0 del vettore e la sua concentrazione e mobilit\u00e0 del vettore possono essere regolate attraverso il drogaggio e altri mezzi, modificando cos\u00ec la conduttivit\u00e0.<\/p>\n<p>Propriet\u00e0 ottiche: elevata trasparenza nella gamma visibile e comportamento ottico specifico nella banda delle lunghezze d&#8217;onda dell&#8217;infrarosso, che gli conferisce un potenziale per applicazioni in materiali conduttivi trasparenti e dispositivi ottici a infrarossi.<\/p>\n<p>Propriet\u00e0 termiche: una buona stabilit\u00e0 termica, in grado di mantenere la stabilit\u00e0 delle propriet\u00e0 fisiche e chimiche entro un certo intervallo di temperatura, pu\u00f2 essere adattata ad alcuni dei processi di produzione che richiedono un processo ad alta temperatura.<\/p>\n<h3>Aree di applicazione:<\/h3>\n<p>Campo di visualizzazione a schermo piatto: pu\u00f2 essere utilizzato per la preparazione di display a cristalli liquidi (LCD), display a diodi organici a emissione di luce (OLED) e altri elettrodi conduttivi trasparenti, non solo per garantire una buona conduttivit\u00e0, ma anche per mantenere l&#8217;elevata trasparenza dello schermo, per ottenere una visualizzazione chiara dell&#8217;immagine.<\/p>\n<p>Campo dei semiconduttori: pu\u00f2 essere utilizzato nella produzione di dispositivi a semiconduttore nei componenti attivi, come transistor, ecc., per migliorare le prestazioni e l&#8217;integrazione del dispositivo. Campo delle celle solari: come elettrodo conduttivo trasparente o materiale dello strato tampone, pu\u00f2 migliorare l&#8217;efficienza di conversione fotoelettrica delle celle solari.<\/p>\n","protected":false},"excerpt":{"rendered":"<p>Il bersaglio dell&#8217;ossido di zinco indio \u00e8 un importante bersaglio per lo sputtering.<\/p>\n<p>Campo di visualizzazione a schermo piatto: IZO pu\u00f2 essere utilizzato per la preparazione di display a cristalli liquidi (LCD), display a diodi organici a emissione di luce (OLED) e altri elettrodi conduttivi trasparenti, non solo per garantire una buona conduttivit\u00e0, ma anche per mantenere l&#8217;elevata trasparenza dello schermo, per ottenere una visualizzazione chiara dell&#8217;immagine.<\/p>\n<p>Campo dei semiconduttori: IZO pu\u00f2 essere utilizzato nella produzione di dispositivi a semiconduttore nei componenti attivi, come transistor, ecc., per migliorare le prestazioni e l&#8217;integrazione del dispositivo.<\/p>\n<p>&nbsp;<\/p>\n","protected":false},"featured_media":1041843,"comment_status":"open","ping_status":"closed","template":"","meta":{"_acf_changed":false},"product_brand":[],"product_cat":[197],"product_tag":[],"class_list":{"0":"post-1021532","1":"product","2":"type-product","3":"status-publish","4":"has-post-thumbnail","6":"product_cat-obiettivi-di-sputtering-planari","8":"first","9":"instock","10":"shipping-taxable","11":"purchasable","12":"product-type-variable"},"acf":[],"_links":{"self":[{"href":"https:\/\/vimaterial.de\/it\/wp-json\/wp\/v2\/product\/1021532","targetHints":{"allow":["GET"]}}],"collection":[{"href":"https:\/\/vimaterial.de\/it\/wp-json\/wp\/v2\/product"}],"about":[{"href":"https:\/\/vimaterial.de\/it\/wp-json\/wp\/v2\/types\/product"}],"replies":[{"embeddable":true,"href":"https:\/\/vimaterial.de\/it\/wp-json\/wp\/v2\/comments?post=1021532"}],"wp:featuredmedia":[{"embeddable":true,"href":"https:\/\/vimaterial.de\/it\/wp-json\/wp\/v2\/media\/1041843"}],"wp:attachment":[{"href":"https:\/\/vimaterial.de\/it\/wp-json\/wp\/v2\/media?parent=1021532"}],"wp:term":[{"taxonomy":"product_brand","embeddable":true,"href":"https:\/\/vimaterial.de\/it\/wp-json\/wp\/v2\/product_brand?post=1021532"},{"taxonomy":"product_cat","embeddable":true,"href":"https:\/\/vimaterial.de\/it\/wp-json\/wp\/v2\/product_cat?post=1021532"},{"taxonomy":"product_tag","embeddable":true,"href":"https:\/\/vimaterial.de\/it\/wp-json\/wp\/v2\/product_tag?post=1021532"}],"curies":[{"name":"wp","href":"https:\/\/api.w.org\/{rel}","templated":true}]}}