{"id":1021522,"date":"2024-06-17T15:36:33","date_gmt":"2024-06-17T07:36:33","guid":{"rendered":"https:\/\/vimaterial.de\/product\/solfuro-di-indio-3\/"},"modified":"2024-10-31T11:08:07","modified_gmt":"2024-10-31T03:08:07","slug":"solfuro-di-indio-3","status":"publish","type":"product","link":"https:\/\/vimaterial.de\/it\/product\/solfuro-di-indio-3\/","title":{"rendered":"Solfuro di indio"},"content":{"rendered":"<p>La polvere di solfuro di indio \u00e8 un importante materiale composto inorganico.<\/p>\n<h3>Propriet\u00e0 di base:<\/h3>\n<p>Composizione chimica: composto da due elementi, indio (In) e zolfo (S), con la formula chimica In\u2082S\u2083.<\/p>\n<p>Aspetto e colore: Solitamente giallo o giallo-arancio. Densit\u00e0 e durezza: La densit\u00e0 \u00e8 di circa 4,9 &#8211; 5,0 g\/cm\u00b3. Struttura cristallina: In\u2082S\u2083 ha tre strutture cristalline, cubiche, tetragonali e tripartite.<\/p>\n<p>Larghezza di banda: con una larghezza di banda di 2,0 &#8211; 2,3 eV, \u2083No\u2083 appartiene ai materiali semiconduttori a larghezza di banda stretta, il che gli conferisce una certa capacit\u00e0 di assorbimento e risposta nella gamma della luce visibile.<\/p>\n<p>Propriet\u00e0 elettriche: Essendo un materiale semiconduttore n-conduttore, ha un&#8217;elevata mobilit\u00e0 degli elettroni, che \u00e8 importante per il trasporto di elettroni e le relative applicazioni di dispositivi elettronici.<\/p>\n<h3>Campi di applicazione:<\/h3>\n<p>Celle solari: le polveri di solfuro di indio possono essere utilizzate per preparare materiali per strati tampone o assorbenti nelle celle solari. Grazie alla sua adeguata larghezza di banda vietata e alle buone propriet\u00e0 ottiche, pu\u00f2 migliorare l&#8217;efficienza di assorbimento della luce solare da parte della cella solare, aumentando cos\u00ec l&#8217;efficienza di conversione fotoelettrica.<\/p>\n<p>Diodo a emissione di luce (LED): nella produzione di LED, la polvere di solfuro di indio pu\u00f2 essere utilizzata come materiale emettitore di luce o materiale per il trasporto di elettroni. In base alle sue propriet\u00e0 ottiche ed elettriche, la lunghezza d&#8217;onda, l&#8217;intensit\u00e0 e l&#8217;efficienza dei LED possono essere regolate mediante drogaggio e ottimizzazione del processo.<\/p>\n<p>Principio della reazione fotocatalitica: l&#8217;applicazione della polvere di In\u2082S\u2083 nel campo della fotocatalisi si basa sulla sua capacit\u00e0 di generare coppie elettrone-cavit\u00e0 sotto la luce.<\/p>\n<p>Sensori di gas: la polvere di In\u2082S\u2083 ha propriet\u00e0 di risposta elettrica e ottica sensibili a determinati gas e pu\u00f2 essere utilizzata per preparare sensori di gas.<\/p>\n","protected":false},"excerpt":{"rendered":"<p>La polvere di solfuro di indio \u00e8 un importante materiale composto inorganico.<\/p>\n<p>Celle solari: le polveri di solfuro di indio possono essere utilizzate per preparare materiali per strati tampone o assorbenti nelle celle solari. Grazie alla sua adeguata larghezza di banda vietata e alle buone propriet\u00e0 ottiche, pu\u00f2 migliorare l&#8217;efficienza di assorbimento della luce solare da parte della cella solare, aumentando cos\u00ec l&#8217;efficienza di conversione fotoelettrica.<\/p>\n<p>Diodo a emissione di luce (LED): nella produzione di LED, la polvere di solfuro di indio pu\u00f2 essere utilizzata come materiale emettitore di luce o materiale per il trasporto di elettroni. In base alle sue propriet\u00e0 ottiche ed elettriche, la lunghezza d&#8217;onda, l&#8217;intensit\u00e0 e l&#8217;efficienza dei LED possono essere regolate mediante drogaggio e ottimizzazione del processo.<\/p>\n","protected":false},"featured_media":1032271,"comment_status":"open","ping_status":"closed","template":"","meta":{"_acf_changed":false},"product_brand":[],"product_cat":[200],"product_tag":[],"class_list":{"0":"post-1021522","1":"product","2":"type-product","3":"status-publish","4":"has-post-thumbnail","6":"product_cat-materiali-calcogenidici","8":"first","9":"instock","10":"shipping-taxable","11":"purchasable","12":"product-type-variable"},"acf":[],"_links":{"self":[{"href":"https:\/\/vimaterial.de\/it\/wp-json\/wp\/v2\/product\/1021522","targetHints":{"allow":["GET"]}}],"collection":[{"href":"https:\/\/vimaterial.de\/it\/wp-json\/wp\/v2\/product"}],"about":[{"href":"https:\/\/vimaterial.de\/it\/wp-json\/wp\/v2\/types\/product"}],"replies":[{"embeddable":true,"href":"https:\/\/vimaterial.de\/it\/wp-json\/wp\/v2\/comments?post=1021522"}],"wp:featuredmedia":[{"embeddable":true,"href":"https:\/\/vimaterial.de\/it\/wp-json\/wp\/v2\/media\/1032271"}],"wp:attachment":[{"href":"https:\/\/vimaterial.de\/it\/wp-json\/wp\/v2\/media?parent=1021522"}],"wp:term":[{"taxonomy":"product_brand","embeddable":true,"href":"https:\/\/vimaterial.de\/it\/wp-json\/wp\/v2\/product_brand?post=1021522"},{"taxonomy":"product_cat","embeddable":true,"href":"https:\/\/vimaterial.de\/it\/wp-json\/wp\/v2\/product_cat?post=1021522"},{"taxonomy":"product_tag","embeddable":true,"href":"https:\/\/vimaterial.de\/it\/wp-json\/wp\/v2\/product_tag?post=1021522"}],"curies":[{"name":"wp","href":"https:\/\/api.w.org\/{rel}","templated":true}]}}