{"id":1021454,"date":"2024-06-17T15:36:34","date_gmt":"2024-06-17T07:36:34","guid":{"rendered":"https:\/\/vimaterial.de\/product\/tellururo-di-indio-2\/"},"modified":"2024-10-31T09:48:21","modified_gmt":"2024-10-31T01:48:21","slug":"tellururo-di-indio-2","status":"publish","type":"product","link":"https:\/\/vimaterial.de\/it\/product\/tellururo-di-indio-2\/","title":{"rendered":"Tellururo di indio"},"content":{"rendered":"<p>Le particelle InTe sono particelle composte composte da indio (In) e tellurio (Te).<\/p>\n<h3>Propriet\u00e0 di base<\/h3>\n<p>Propriet\u00e0 strutturali: Ha una struttura cristallina stratificata, una caratteristica strutturale che gli fa esibire una marcata anisotropia in alcune propriet\u00e0 fisiche e chimiche.<\/p>\n<p>Propriet\u00e0 elettriche: InTe \u00e8 un materiale semiconduttore le cui propriet\u00e0 elettriche possono essere regolate modificando le condizioni esterne (ad esempio, temperatura, pressione, drogaggio, ecc.).<\/p>\n<p>Propriet\u00e0 ottiche: In termini di ottica, le propriet\u00e0 di assorbimento e riflessione di InTe sono strettamente correlate alla lunghezza d&#8217;onda della luce. Ha una certa capacit\u00e0 di assorbimento ed emissione nella banda delle lunghezze d&#8217;onda dell&#8217;infrarosso, che lo rende potenzialmente applicabile nel campo dei dispositivi optoelettronici a infrarossi.<\/p>\n<p>Propriet\u00e0 termiche: La conducibilit\u00e0 termica relativamente bassa di InTe significa che potrebbe avere alcune applicazioni speciali nella gestione termica.<\/p>\n<h3>Aree di applicazione<\/h3>\n<p>Elettronica: il tellururo di indio pu\u00f2 essere utilizzato come materiale semiconduttore nei dispositivi elettronici, utilizzato nella produzione di transistor, diodi e altri componenti elettronici di base.<\/p>\n<p>Dispositivi optoelettronici: in base alle sue propriet\u00e0 ottiche, il tellururo di indio pu\u00f2 essere utilizzato per produrre dispositivi optoelettronici come rilevatori a infrarossi, diodi a emissione di luce (LED) e diodi laser.<\/p>\n<p>Campo termoelettrico: i semiconduttori e le propriet\u00e0 termiche dell&#8217;InTe lo rendono un potenziale materiale termoelettrico. I materiali termoelettrici possono ottenere la conversione diretta tra calore ed elettricit\u00e0 e hanno importanti applicazioni in settori come il recupero del calore residuo, la differenza di temperatura, la generazione di energia e la refrigerazione.<\/p>\n","protected":false},"excerpt":{"rendered":"<p>Le particelle di tellururo di indio sono particelle composte composte da indio (In) e tellurio (Te).<\/p>\n<p>Elettronica: il tellururo di indio pu\u00f2 essere utilizzato come materiale semiconduttore nei dispositivi elettronici, utilizzato nella produzione di transistor, diodi e altri componenti elettronici di base.<\/p>\n<p>Dispositivi optoelettronici: in base alle sue propriet\u00e0 ottiche, il tellururo di indio pu\u00f2 essere utilizzato per produrre dispositivi optoelettronici come rilevatori a infrarossi, diodi a emissione di luce (LED) e diodi laser.<\/p>\n<p>&nbsp;<\/p>\n","protected":false},"featured_media":1032291,"comment_status":"open","ping_status":"closed","template":"","meta":{"_acf_changed":false},"product_brand":[],"product_cat":[198],"product_tag":[],"class_list":{"0":"post-1021454","1":"product","2":"type-product","3":"status-publish","4":"has-post-thumbnail","6":"product_cat-materiali-per-levaporazione","8":"first","9":"instock","10":"shipping-taxable","11":"product-type-variable"},"acf":[],"_links":{"self":[{"href":"https:\/\/vimaterial.de\/it\/wp-json\/wp\/v2\/product\/1021454","targetHints":{"allow":["GET"]}}],"collection":[{"href":"https:\/\/vimaterial.de\/it\/wp-json\/wp\/v2\/product"}],"about":[{"href":"https:\/\/vimaterial.de\/it\/wp-json\/wp\/v2\/types\/product"}],"replies":[{"embeddable":true,"href":"https:\/\/vimaterial.de\/it\/wp-json\/wp\/v2\/comments?post=1021454"}],"wp:featuredmedia":[{"embeddable":true,"href":"https:\/\/vimaterial.de\/it\/wp-json\/wp\/v2\/media\/1032291"}],"wp:attachment":[{"href":"https:\/\/vimaterial.de\/it\/wp-json\/wp\/v2\/media?parent=1021454"}],"wp:term":[{"taxonomy":"product_brand","embeddable":true,"href":"https:\/\/vimaterial.de\/it\/wp-json\/wp\/v2\/product_brand?post=1021454"},{"taxonomy":"product_cat","embeddable":true,"href":"https:\/\/vimaterial.de\/it\/wp-json\/wp\/v2\/product_cat?post=1021454"},{"taxonomy":"product_tag","embeddable":true,"href":"https:\/\/vimaterial.de\/it\/wp-json\/wp\/v2\/product_tag?post=1021454"}],"curies":[{"name":"wp","href":"https:\/\/api.w.org\/{rel}","templated":true}]}}