{"id":1021449,"date":"2024-06-17T15:36:34","date_gmt":"2024-06-17T07:36:34","guid":{"rendered":"https:\/\/vimaterial.de\/product\/seleniuro-di-indio\/"},"modified":"2024-10-31T09:27:03","modified_gmt":"2024-10-31T01:27:03","slug":"seleniuro-di-indio","status":"publish","type":"product","link":"https:\/\/vimaterial.de\/it\/product\/seleniuro-di-indio\/","title":{"rendered":"Seleniuro di indio"},"content":{"rendered":"<p>Il target InSe \u00e8 un importante target di sputtering.<\/p>\n<p>Informazioni di base:<\/p>\n<p>Formula chimica: In\u2082Se\u2083, un composto composto da due elementi, indio (In) e selenio (Se).<br \/>\nAspetto: Di solito si presenta come un solido cristallino grigio-argento.<br \/>\nPunto di fusione: circa 890\u00b0C.<br \/>\nDensit\u00e0 teorica: 5,67 g\/cm\u00b3.<br \/>\nSolubilit\u00e0: insolubile in acqua.<br \/>\nElevata purezza: gli obiettivi InSe ad alta purezza possono garantire la qualit\u00e0 e le prestazioni dei film sputtered e ridurre l&#8217;impatto delle impurit\u00e0 sulle prestazioni del dispositivo.<br \/>\nBuona cristallinit\u00e0: i bersagli con una buona cristallinit\u00e0 possono far s\u00ec che il film sputtered abbia una migliore struttura cristallina e uniformit\u00e0, migliorando la stabilit\u00e0 e l&#8217;affidabilit\u00e0 del dispositivo.<\/p>\n<p>Campo di applicazione:<\/p>\n<p>Campo dei semiconduttori: il seleniuro di indio \u00e8 un importante materiale semiconduttore, i bersagli InSe possono essere utilizzati per preparare film sottili di semiconduttori, che hanno una vasta gamma di applicazioni nel campo dei dispositivi elettronici, dei dispositivi optoelettronici e di altri campi.<\/p>\n<p>Campo ottico: il seleniuro di indio pu\u00f2 essere utilizzato per preparare rivestimenti ottici, come rivestimenti antiriflesso, rivestimenti che migliorano la trasmissione, ecc., per migliorare le prestazioni dei dispositivi ottici.<\/p>\n<p>Campo fotovoltaico: ha un certo potenziale applicativo nel campo delle celle solari e pu\u00f2 fornire un&#8217;elevata efficienza di conversione fotoelettrica per le celle solari. Ricerca scientifica: comunemente utilizzata negli esperimenti di ricerca scientifica come strumento importante per studiare le propriet\u00e0 dei materiali InSe e i fenomeni fisici correlati, che \u00e8 di grande importanza per esplorare nuovi tipi di materiali e dispositivi.<\/p>\n","protected":false},"excerpt":{"rendered":"<p>Il bersaglio del seleniuro di indio \u00e8 un importante bersaglio per lo sputtering.<\/p>\n<p>Campo dei semiconduttori: il seleniuro di indio \u00e8 un importante materiale semiconduttore, i bersagli InSe possono essere utilizzati per preparare film sottili di semiconduttori, che hanno una vasta gamma di applicazioni nel campo dei dispositivi elettronici, dei dispositivi optoelettronici e di altri campi.<\/p>\n<p>Campo ottico: pu\u00f2 essere utilizzato per preparare rivestimenti ottici, come rivestimenti antiriflesso, rivestimenti che migliorano la trasmissione, ecc., per migliorare le prestazioni dei dispositivi ottici.<\/p>\n","protected":false},"featured_media":1032281,"comment_status":"open","ping_status":"closed","template":"","meta":{"_acf_changed":false},"product_brand":[],"product_cat":[197],"product_tag":[],"class_list":{"0":"post-1021449","1":"product","2":"type-product","3":"status-publish","4":"has-post-thumbnail","6":"product_cat-obiettivi-di-sputtering-planari","8":"first","9":"instock","10":"shipping-taxable","11":"product-type-variable"},"acf":[],"_links":{"self":[{"href":"https:\/\/vimaterial.de\/it\/wp-json\/wp\/v2\/product\/1021449","targetHints":{"allow":["GET"]}}],"collection":[{"href":"https:\/\/vimaterial.de\/it\/wp-json\/wp\/v2\/product"}],"about":[{"href":"https:\/\/vimaterial.de\/it\/wp-json\/wp\/v2\/types\/product"}],"replies":[{"embeddable":true,"href":"https:\/\/vimaterial.de\/it\/wp-json\/wp\/v2\/comments?post=1021449"}],"wp:featuredmedia":[{"embeddable":true,"href":"https:\/\/vimaterial.de\/it\/wp-json\/wp\/v2\/media\/1032281"}],"wp:attachment":[{"href":"https:\/\/vimaterial.de\/it\/wp-json\/wp\/v2\/media?parent=1021449"}],"wp:term":[{"taxonomy":"product_brand","embeddable":true,"href":"https:\/\/vimaterial.de\/it\/wp-json\/wp\/v2\/product_brand?post=1021449"},{"taxonomy":"product_cat","embeddable":true,"href":"https:\/\/vimaterial.de\/it\/wp-json\/wp\/v2\/product_cat?post=1021449"},{"taxonomy":"product_tag","embeddable":true,"href":"https:\/\/vimaterial.de\/it\/wp-json\/wp\/v2\/product_tag?post=1021449"}],"curies":[{"name":"wp","href":"https:\/\/api.w.org\/{rel}","templated":true}]}}