{"id":1021428,"date":"2024-06-17T15:36:34","date_gmt":"2024-06-17T07:36:34","guid":{"rendered":"https:\/\/vimaterial.de\/product\/tellururo-di-indio\/"},"modified":"2024-10-31T10:08:08","modified_gmt":"2024-10-31T02:08:08","slug":"tellururo-di-indio","status":"publish","type":"product","link":"https:\/\/vimaterial.de\/it\/product\/tellururo-di-indio\/","title":{"rendered":"Tellururo di indio"},"content":{"rendered":"<p>La polvere di tellururo di indio \u00e8 una polvere composta da indio (In) e tellurio (Te).<\/p>\n<h3>Propriet\u00e0 di base<\/h3>\n<p>Aspetto: Le polveri di InTe sono solitamente di colore grigio o nero.<\/p>\n<p>Densit\u00e0: La densit\u00e0 teorica dell&#8217;InTe \u00e8 di circa 6,24 g\/cm\u00b3.<\/p>\n<p>Punto di fusione: InTe ha un punto di fusione di circa 790 &#8211; 800\u00b0C.<\/p>\n<p>Conducibilit\u00e0 termica: InTe ha una conduttivit\u00e0 termica relativamente bassa, una propriet\u00e0 che lo rende potenzialmente prezioso nelle applicazioni in cui \u00e8 richiesto l&#8217;isolamento termico o il flusso di calore controllato.<\/p>\n<p>Propriet\u00e0 elettriche: InTe \u00e8 un materiale semiconduttore e le sue propriet\u00e0 elettriche sono influenzate da una serie di fattori.<\/p>\n<h3>Aree di applicazione<\/h3>\n<p>Dispositivi a semiconduttore: come materiale semiconduttore, il tellururo di indio viene utilizzato nella produzione di una variet\u00e0 di dispositivi elettronici come transistor, transistor ad effetto di campo (FET) e circuiti integrati.<\/p>\n<p>Optoelettronica: in base alle sue propriet\u00e0 ottiche, il tellururo di indio pu\u00f2 essere utilizzato per realizzare dispositivi optoelettronici come fotorivelatori, diodi emettitori di luce (LED) e diodi laser.<\/p>\n<p>Termoelettrico: le propriet\u00e0 semiconduttive e termiche dell&#8217;InTe lo rendono uno dei candidati per i materiali termoelettrici. I materiali termoelettrici consentono la conversione diretta tra energia termica ed elettrica.<\/p>\n<p>Catalizzatori: le polveri di InTe possono essere utilizzate come catalizzatori o vettori di catalizzatori in alcune reazioni chimiche. Rivestimenti funzionali: le polveri InTe possono essere utilizzate per la preparazione di rivestimenti funzionali, come rivestimenti termici o antiossidanti su superfici metalliche.<\/p>\n","protected":false},"excerpt":{"rendered":"<p>La polvere di tellururo di indio \u00e8 una polvere composta da indio (In) e tellurio (Te).<\/p>\n<p>Dispositivi a semiconduttore: come materiale semiconduttore, il tellururo di indio viene utilizzato nella produzione di una variet\u00e0 di dispositivi elettronici come transistor, transistor ad effetto di campo (FET) e circuiti integrati.<\/p>\n<p>Optoelettronica: in base alle sue propriet\u00e0 ottiche, InTe pu\u00f2 essere utilizzato per realizzare dispositivi optoelettronici come fotorilevatori, diodi emettitori di luce (LED) e diodi laser.<\/p>\n","protected":false},"featured_media":1032296,"comment_status":"open","ping_status":"closed","template":"","meta":{"_acf_changed":false},"product_brand":[],"product_cat":[200],"product_tag":[],"class_list":{"0":"post-1021428","1":"product","2":"type-product","3":"status-publish","4":"has-post-thumbnail","6":"product_cat-materiali-calcogenidici","8":"first","9":"instock","10":"shipping-taxable","11":"product-type-variable"},"acf":[],"_links":{"self":[{"href":"https:\/\/vimaterial.de\/it\/wp-json\/wp\/v2\/product\/1021428","targetHints":{"allow":["GET"]}}],"collection":[{"href":"https:\/\/vimaterial.de\/it\/wp-json\/wp\/v2\/product"}],"about":[{"href":"https:\/\/vimaterial.de\/it\/wp-json\/wp\/v2\/types\/product"}],"replies":[{"embeddable":true,"href":"https:\/\/vimaterial.de\/it\/wp-json\/wp\/v2\/comments?post=1021428"}],"wp:featuredmedia":[{"embeddable":true,"href":"https:\/\/vimaterial.de\/it\/wp-json\/wp\/v2\/media\/1032296"}],"wp:attachment":[{"href":"https:\/\/vimaterial.de\/it\/wp-json\/wp\/v2\/media?parent=1021428"}],"wp:term":[{"taxonomy":"product_brand","embeddable":true,"href":"https:\/\/vimaterial.de\/it\/wp-json\/wp\/v2\/product_brand?post=1021428"},{"taxonomy":"product_cat","embeddable":true,"href":"https:\/\/vimaterial.de\/it\/wp-json\/wp\/v2\/product_cat?post=1021428"},{"taxonomy":"product_tag","embeddable":true,"href":"https:\/\/vimaterial.de\/it\/wp-json\/wp\/v2\/product_tag?post=1021428"}],"curies":[{"name":"wp","href":"https:\/\/api.w.org\/{rel}","templated":true}]}}