{"id":1021409,"date":"2024-06-17T15:36:34","date_gmt":"2024-06-17T07:36:34","guid":{"rendered":"https:\/\/vimaterial.de\/product\/arsenuro-di-indio\/"},"modified":"2024-10-31T10:26:16","modified_gmt":"2024-10-31T02:26:16","slug":"arsenuro-di-indio","status":"publish","type":"product","link":"https:\/\/vimaterial.de\/it\/product\/arsenuro-di-indio\/","title":{"rendered":"Arseniuro di indio"},"content":{"rendered":"<p>Il lingotto InAs \u00e8 un importante materiale semiconduttore.<\/p>\n<h3>Propriet\u00e0 di base<\/h3>\n<p>Struttura: InAs \u00e8 un composto di indio (In) e arsenico (As) con una struttura cristallina di sfalerite.<\/p>\n<p>Aspetto: Ha una lucentezza metallica grigio-argentea e una superficie relativamente piatta e liscia.<\/p>\n<p>Densit\u00e0: 5,67 g\/cm\u00b3.<\/p>\n<p>Durezza: circa 3,5.<\/p>\n<p>Punto di fusione: Il punto di fusione degli InAs \u00e8 relativamente basso, circa 942\u00b0C.<\/p>\n<p>Propriet\u00e0 elettriche:<br \/>\nInAs \u00e8 un materiale semiconduttore a banda proibita diretta con una banda proibita intrinseca di circa 0,36 eV a temperatura ambiente.<\/p>\n<p>La mobilit\u00e0 del vettore di InAs \u00e8 molto elevata, con una mobilit\u00e0 elettronica fino a 33.000 cm\u00b2\/(V\u30fbs), il che significa che gli elettroni vengono trasportati in modo efficiente attraverso i materiali InAs, contribuendo alle prestazioni dei dispositivi elettronici.<\/p>\n<h3>Aree di applicazione<\/h3>\n<p>Elettronica ad alta velocit\u00e0: a causa della loro elevata mobilit\u00e0 portante, l&#8217;arseniuro di indio pu\u00f2 essere utilizzato per realizzare transistor ad alta velocit\u00e0 e circuiti integrati.<\/p>\n<p>Dispositivi elettronici a bassa potenza: le caratteristiche di bassa banda proibita degli InAs lo rendono un&#8217;applicazione promettente nel campo dei dispositivi elettronici a bassa potenza.<\/p>\n<p>Rivelatori a infrarossi: Le propriet\u00e0 ottiche degli InA nella banda dell&#8217;infrarosso lo rendono un materiale ideale per i rilevatori a infrarossi.<\/p>\n<p>Diodi a emissione di luce (LED) e diodi laser (LD): l&#8217;arseniuro di indio pu\u00f2 essere utilizzato come materiale per aree attive per la produzione di diodi a emissione di luce infrarossa e diodi laser. Questi dispositivi optoelettronici hanno importanti applicazioni nei settori della comunicazione ottica, della memorizzazione ottica e dell&#8217;illuminazione a infrarossi, ecc. Ad esempio, all&#8217;estremit\u00e0 di emissione dell&#8217;infrarosso della comunicazione ottica, InAs &#8211; LD pu\u00f2 fornire segnali luminosi a infrarossi stabili ed efficienti.<\/p>\n","protected":false},"excerpt":{"rendered":"<p>Il lingotto di arseniuro di indio \u00e8 un importante materiale semiconduttore.<\/p>\n<p>Elettronica ad alta velocit\u00e0: a causa della loro elevata mobilit\u00e0 portante, l&#8217;arseniuro di indio pu\u00f2 essere utilizzato per realizzare transistor ad alta velocit\u00e0 e circuiti integrati.<\/p>\n<p>Dispositivi elettronici a bassa potenza: le caratteristiche di bassa banda proibita degli InAs lo rendono un&#8217;applicazione promettente nel campo dei dispositivi elettronici a bassa potenza.<\/p>\n","protected":false},"featured_media":1032301,"comment_status":"open","ping_status":"closed","template":"","meta":{"_acf_changed":false},"product_brand":[],"product_cat":[207],"product_tag":[],"class_list":{"0":"post-1021409","1":"product","2":"type-product","3":"status-publish","4":"has-post-thumbnail","6":"product_cat-profilo","8":"first","9":"instock","10":"shipping-taxable","11":"product-type-variable"},"acf":[],"_links":{"self":[{"href":"https:\/\/vimaterial.de\/it\/wp-json\/wp\/v2\/product\/1021409","targetHints":{"allow":["GET"]}}],"collection":[{"href":"https:\/\/vimaterial.de\/it\/wp-json\/wp\/v2\/product"}],"about":[{"href":"https:\/\/vimaterial.de\/it\/wp-json\/wp\/v2\/types\/product"}],"replies":[{"embeddable":true,"href":"https:\/\/vimaterial.de\/it\/wp-json\/wp\/v2\/comments?post=1021409"}],"wp:featuredmedia":[{"embeddable":true,"href":"https:\/\/vimaterial.de\/it\/wp-json\/wp\/v2\/media\/1032301"}],"wp:attachment":[{"href":"https:\/\/vimaterial.de\/it\/wp-json\/wp\/v2\/media?parent=1021409"}],"wp:term":[{"taxonomy":"product_brand","embeddable":true,"href":"https:\/\/vimaterial.de\/it\/wp-json\/wp\/v2\/product_brand?post=1021409"},{"taxonomy":"product_cat","embeddable":true,"href":"https:\/\/vimaterial.de\/it\/wp-json\/wp\/v2\/product_cat?post=1021409"},{"taxonomy":"product_tag","embeddable":true,"href":"https:\/\/vimaterial.de\/it\/wp-json\/wp\/v2\/product_tag?post=1021409"}],"curies":[{"name":"wp","href":"https:\/\/api.w.org\/{rel}","templated":true}]}}