{"id":1020707,"date":"2024-06-17T15:29:39","date_gmt":"2024-06-17T07:29:39","guid":{"rendered":"https:\/\/vimaterial.de\/product\/solfuro-di-molibdeno\/"},"modified":"2024-09-26T16:41:05","modified_gmt":"2024-09-26T08:41:05","slug":"solfuro-di-molibdeno","status":"publish","type":"product","link":"https:\/\/vimaterial.de\/it\/product\/solfuro-di-molibdeno\/","title":{"rendered":"Solfuro di molibdeno"},"content":{"rendered":"<p>La polvere di solfuro di molibdeno (MoS\u2082) \u00e8 un materiale ben noto utilizzato principalmente per le sue eccellenti propriet\u00e0 lubrificanti ed \u00e8 sempre pi\u00f9 importante nelle applicazioni elettroniche ed energetiche.<br \/>\nCome membro dei dicalcogenuri dei metalli di transizione (TMD), il MoS\u2082 ha una struttura a strati, che lo rende ideale per applicazioni che richiedono lubrificazione e anche per materiali avanzati come semiconduttori e catalizzatori.<br \/>\nPropriet\u00e0 chiave Formula chimica: MoS\u2082 Peso molecolare: ~160,07 g\/mol Aspetto: polvere grigio scuro o nera Struttura cristallina: esagonale stratificata (simile alla grafite) Densit\u00e0: ~5,06 g\/cm\u00b3 Punto di fusione: 1185\u00b0C Solubilit\u00e0: insolubile in acqua, ma stabile in aria e non reattiva con la maggior parte delle sostanze chimiche Stabilit\u00e0 termica: stabile fino a ~1100\u00b0C in atmosfere inerti Caratteristiche notevoli Struttura stratificata:  Simile al grafene, il MoS\u2082 ha una struttura a strati con deboli forze di van der Waals tra gli strati, che consente una facile esfoliazione in fogli sottili, che \u00e8 fondamentale per il suo utilizzo in materiali 2D.<br \/>\nComportamento semiconduttore: MoS\u2082 presenta una banda proibita semiconduttiva (~1,2 eV in massa, ~1,8 eV in monostrati), che lo rende adatto per l&#8217;elettronica.<br \/>\nPropriet\u00e0 lubrificanti: La struttura a strati ne consente l&#8217;utilizzo come lubrificante solido, riducendo l&#8217;attrito e l&#8217;usura nei sistemi meccanici.<br \/>\nApplicazioni: Lubrificanti solidi: la polvere di solfuro di molibdeno \u00e8 ampiamente utilizzata come lubrificante secco nei macchinari aerospaziali, automobilistici e industriali.<br \/>\nLa sua struttura a strati consente un facile scorrimento tra le lastre, riducendo l&#8217;attrito e l&#8217;usura, in particolare in ambienti ad alta temperatura e vuoto.<br \/>\nElettronica e optoelettronica: il MoS\u2082 \u00e8 in fase di studio per l&#8217;uso nell&#8217;elettronica flessibile e bidimensionale (2D), compresi i transistor a effetto di campo (FET) e i fotorivelatori.<br \/>\nLe sue propriet\u00e0 semiconduttive lo rendono adatto alla creazione di dispositivi elettronici e sensori ultrasottili.<br \/>\nCatalisi: il solfuro di molibdeno viene utilizzato nei catalizzatori di idrodesolforazione (HDS) per rimuovere lo zolfo dal petrolio greggio durante la raffinazione.<br \/>\n\u00c8 anche ricercato per catalizzare le reazioni di evoluzione dell&#8217;idrogeno (HER) nei processi di scissione dell&#8217;acqua per applicazioni di energia pulita.<br \/>\nAccumulo di energia: il solfuro di molibdeno \u00e8 studiato come materiale anodico nelle batterie agli ioni di litio (LIB) e nei supercondensatori grazie alla sua capacit\u00e0 di intercalare gli ioni di litio tra gli strati, portando a un&#8217;elevata capacit\u00e0 di stoccaggio.<br \/>\nRivestimenti: la polvere di solfuro di molibdeno pu\u00f2 essere utilizzata nei rivestimenti per strumenti e macchinari per ridurre l&#8217;attrito e migliorare la resistenza all&#8217;usura.<br \/>\nQuesti rivestimenti sono particolarmente utili in ambienti difficili come il vuoto e le temperature estreme.<br \/>\nRicerca sui materiali 2D: il MoS\u2082 ha attirato l&#8217;attenzione come materiale 2D, dove pu\u00f2 essere esfoliato in monostrati e utilizzato in applicazioni nanotecnologiche avanzate.<br \/>\nGradi di polvere di MoS\u2082 Grado tecnico: utilizzato per applicazioni industriali come lubrificazione e rivestimenti.<br \/>\nGrado superfine: granulometrie pi\u00f9 fini, tipicamente utilizzate in lubrificanti e grassi ad alte prestazioni.<br \/>\nNanopolvere\/MoS\u2082 esfoliato: utilizzato per la ricerca e applicazioni avanzate come l&#8217;elettronica, dove sono necessari monostrati o MoS\u2082 a pochi strati.                 <\/p>\n","protected":false},"excerpt":{"rendered":"<p>La polvere di solfuro di molibdeno (MoS\u2082) \u00e8 un materiale ben noto utilizzato principalmente per le sue eccellenti propriet\u00e0 lubrificanti ed \u00e8 sempre pi\u00f9 importante nelle applicazioni elettroniche ed energetiche.<br \/>\nCome membro dei dicalcogenuri dei metalli di transizione (TMD), il MoS\u2082 ha una struttura a strati, che lo rende ideale per applicazioni che richiedono lubrificazione e anche per materiali avanzati come semiconduttori e catalizzatori.   &nbsp;<\/p>\n","protected":false},"featured_media":1031871,"comment_status":"open","ping_status":"closed","template":"","meta":{"_acf_changed":false},"product_brand":[],"product_cat":[200],"product_tag":[],"class_list":{"0":"post-1020707","1":"product","2":"type-product","3":"status-publish","4":"has-post-thumbnail","6":"product_cat-materiali-calcogenidici","8":"first","9":"instock","10":"shipping-taxable","11":"product-type-variable"},"acf":[],"_links":{"self":[{"href":"https:\/\/vimaterial.de\/it\/wp-json\/wp\/v2\/product\/1020707","targetHints":{"allow":["GET"]}}],"collection":[{"href":"https:\/\/vimaterial.de\/it\/wp-json\/wp\/v2\/product"}],"about":[{"href":"https:\/\/vimaterial.de\/it\/wp-json\/wp\/v2\/types\/product"}],"replies":[{"embeddable":true,"href":"https:\/\/vimaterial.de\/it\/wp-json\/wp\/v2\/comments?post=1020707"}],"wp:featuredmedia":[{"embeddable":true,"href":"https:\/\/vimaterial.de\/it\/wp-json\/wp\/v2\/media\/1031871"}],"wp:attachment":[{"href":"https:\/\/vimaterial.de\/it\/wp-json\/wp\/v2\/media?parent=1020707"}],"wp:term":[{"taxonomy":"product_brand","embeddable":true,"href":"https:\/\/vimaterial.de\/it\/wp-json\/wp\/v2\/product_brand?post=1020707"},{"taxonomy":"product_cat","embeddable":true,"href":"https:\/\/vimaterial.de\/it\/wp-json\/wp\/v2\/product_cat?post=1020707"},{"taxonomy":"product_tag","embeddable":true,"href":"https:\/\/vimaterial.de\/it\/wp-json\/wp\/v2\/product_tag?post=1020707"}],"curies":[{"name":"wp","href":"https:\/\/api.w.org\/{rel}","templated":true}]}}