{"id":1020604,"date":"2024-06-17T15:29:41","date_gmt":"2024-06-17T07:29:41","guid":{"rendered":"https:\/\/vimaterial.de\/product\/tellururo-di-molibdeno-2\/"},"modified":"2024-10-11T16:53:41","modified_gmt":"2024-10-11T08:53:41","slug":"tellururo-di-molibdeno-2","status":"publish","type":"product","link":"https:\/\/vimaterial.de\/it\/product\/tellururo-di-molibdeno-2\/","title":{"rendered":"Tellururo di molibdeno"},"content":{"rendered":"<p>La particella di tellururo di molibdeno \u00e8 un importante materiale composto inorganico.<\/p>\n<p>&nbsp;<\/p>\n<p>Informazioni di base:<\/p>\n<p>&nbsp;<\/p>\n<p>Formula chimica: MoTe\u2082.<\/p>\n<p>Peso molecolare: 351,14 g\/mol.<\/p>\n<p>Numero CAS: 12058-20-7.<\/p>\n<p>Aspetto: Solitamente grigio, solido polveroso esagonale.<\/p>\n<p>Densit\u00e0: circa 7,7 g\/cm\u00b3.<\/p>\n<p>Punto di fusione: i dati specifici del punto di fusione sono difficili da determinare e cambiamenti come la decomposizione possono verificarsi ad alte temperature.<\/p>\n<p>&nbsp;<\/p>\n<p>Propriet\u00e0 chimiche:<\/p>\n<p>&nbsp;<\/p>\n<p>Stabilit\u00e0: pu\u00f2 essere stabile all&#8217;aria, ma si decompone in alcali o sotto vuoto ad alta temperatura. Solubilit\u00e0: insolubile in acqua, solubile in acidi forti come l&#8217;acido nitrico. Reattivit\u00e0: Ha una certa riducibilit\u00e0.<\/p>\n<p>&nbsp;<\/p>\n<p>Metodo di preparazione:<\/p>\n<p>&nbsp;<\/p>\n<p>Metodo fisico: il materiale sfuso di tellururo di molibdeno viene macinato in particelle in polvere mediante macinazione meccanica, macinazione a sfere, ecc., ma la dimensione e la purezza delle particelle ottenute con questo metodo possono essere limitate.<\/p>\n<p>&nbsp;<\/p>\n<p>Metodo chimico: come il metodo di deposizione chimica da vapore, la fonte di molibdeno e la fonte di tellurio come materie prime, in determinate condizioni di temperatura, pressione e atmosfera durante la reazione chimica, vengono generate particelle di tellururo di molibdeno.<\/p>\n<p>&nbsp;<\/p>\n<p>Campo di applicazione:<\/p>\n<p>&nbsp;<\/p>\n<p>Elettronica: grazie alle sue propriet\u00e0 di semiconduttore, pu\u00f2 essere utilizzato per preparare dispositivi elettronici come transistor ad effetto di campo e circuiti integrati. Soprattutto nel campo della nanoelettronica in futuro, le particelle di tellururo di molibdeno hanno un grande potenziale applicativo.<\/p>\n<p>&nbsp;<\/p>\n<p>Optoelettronica: Grazie alle sue eccellenti prestazioni ottiche, pu\u00f2 essere applicato a dispositivi fotoelettronici come rilevatori di luce e celle fotovoltaiche per ottenere una conversione efficiente della luce in energia elettrica.<\/p>\n<p>&nbsp;<\/p>\n<p>Campo catalitico: ha attivit\u00e0 catalitica in alcune reazioni chimiche e pu\u00f2 essere utilizzato come catalizzatore nella raffinazione del petrolio, nella produzione chimica e in altri processi industriali.<\/p>\n","protected":false},"excerpt":{"rendered":"<p>La particella di tellururo di molibdeno \u00e8 un importante materiale composto inorganico.<\/p>\n<p>Elettronica: grazie alle sue propriet\u00e0 di semiconduttore, pu\u00f2 essere utilizzato per preparare dispositivi elettronici come transistor ad effetto di campo e circuiti integrati. Soprattutto nel campo della nanoelettronica in futuro, le particelle di tellururo di molibdeno hanno un grande potenziale applicativo.<\/p>\n<p>Optoelettronica: Grazie alle sue eccellenti prestazioni ottiche, pu\u00f2 essere applicato a dispositivi fotoelettronici come rilevatori di luce e celle fotovoltaiche per ottenere una conversione efficiente della luce in energia elettrica.<\/p>\n","protected":false},"featured_media":1031911,"comment_status":"open","ping_status":"closed","template":"","meta":{"_acf_changed":false},"product_brand":[],"product_cat":[198],"product_tag":[],"class_list":{"0":"post-1020604","1":"product","2":"type-product","3":"status-publish","4":"has-post-thumbnail","6":"product_cat-materiali-per-levaporazione","8":"first","9":"instock","10":"shipping-taxable","11":"product-type-variable"},"acf":[],"_links":{"self":[{"href":"https:\/\/vimaterial.de\/it\/wp-json\/wp\/v2\/product\/1020604","targetHints":{"allow":["GET"]}}],"collection":[{"href":"https:\/\/vimaterial.de\/it\/wp-json\/wp\/v2\/product"}],"about":[{"href":"https:\/\/vimaterial.de\/it\/wp-json\/wp\/v2\/types\/product"}],"replies":[{"embeddable":true,"href":"https:\/\/vimaterial.de\/it\/wp-json\/wp\/v2\/comments?post=1020604"}],"wp:featuredmedia":[{"embeddable":true,"href":"https:\/\/vimaterial.de\/it\/wp-json\/wp\/v2\/media\/1031911"}],"wp:attachment":[{"href":"https:\/\/vimaterial.de\/it\/wp-json\/wp\/v2\/media?parent=1020604"}],"wp:term":[{"taxonomy":"product_brand","embeddable":true,"href":"https:\/\/vimaterial.de\/it\/wp-json\/wp\/v2\/product_brand?post=1020604"},{"taxonomy":"product_cat","embeddable":true,"href":"https:\/\/vimaterial.de\/it\/wp-json\/wp\/v2\/product_cat?post=1020604"},{"taxonomy":"product_tag","embeddable":true,"href":"https:\/\/vimaterial.de\/it\/wp-json\/wp\/v2\/product_tag?post=1020604"}],"curies":[{"name":"wp","href":"https:\/\/api.w.org\/{rel}","templated":true}]}}