{"id":1020588,"date":"2024-06-17T15:29:42","date_gmt":"2024-06-17T07:29:42","guid":{"rendered":"https:\/\/vimaterial.de\/product\/tellururo-di-molibdeno\/"},"modified":"2024-10-11T16:03:00","modified_gmt":"2024-10-11T08:03:00","slug":"tellururo-di-molibdeno","status":"publish","type":"product","link":"https:\/\/vimaterial.de\/it\/product\/tellururo-di-molibdeno\/","title":{"rendered":"Tellururo di molibdeno"},"content":{"rendered":"<p>Il bersaglio del tellururo di molibdeno \u00e8 un importante materiale di rivestimento.<\/p>\n<p>&nbsp;<\/p>\n<p>Informazioni di base:<\/p>\n<p>&nbsp;<\/p>\n<p>Formula chimica: MoTe\u2082, composto dagli elementi molibdeno (Mo) e tellurio (Te)<\/p>\n<p>Peso molecolare: 351,14<\/p>\n<p>Numero CAS: 12058-20-7<\/p>\n<p>Aspetto: solitamente solido grigio scuro con una lucentezza metallica<\/p>\n<p>Densit\u00e0: circa 7,7 g\/cm\u00b3<\/p>\n<p>Punto di fusione: i dati specifici del punto di fusione sono difficili da determinare e cambiamenti come la decomposizione possono verificarsi ad alte temperature<\/p>\n<p>&nbsp;<\/p>\n<p>Struttura cristallina: appartiene alla struttura stratificata, la forza di legame tra gli strati \u00e8 relativamente debole, questa struttura le conferisce propriet\u00e0 uniche in alcune applicazioni, come pu\u00f2 essere preparata mediante strippaggio meccanico e altri metodi di materiali bidimensionali a strato singolo o basso.<\/p>\n<p>&nbsp;<\/p>\n<p>Metodo di preparazione:<\/p>\n<p>&nbsp;<\/p>\n<p>Metallurgia delle polveri: la polvere di tellururo di molibdeno ad alta purezza viene preparata per prima, quindi la polvere viene trasformata nel materiale target mediante pressatura, sinterizzazione e altri processi.<\/p>\n<p>&nbsp;<\/p>\n<p>Metodo di deposizione chimica da vapore: l&#8217;uso della sorgente di molibdeno e del gas di sorgente di tellurio in una certa temperatura, pressione e atmosfera sotto la reazione biochimica, depositato sul substrato per formare un film di tellururo di molibdeno, e quindi il film viene rimosso dal substrato per creare un bersaglio.<\/p>\n<p>&nbsp;<\/p>\n<p>Campo di applicazione:<\/p>\n<p>&nbsp;<\/p>\n<p>Campo dei semiconduttori: come materiale semiconduttore, i bersagli di tellururo di molibdeno possono essere utilizzati per preparare dispositivi a semiconduttore, come transistor ad effetto di campo, diodi, ecc. La sua struttura elettronica unica e le caratteristiche della banda di energia fanno s\u00ec che i dispositivi preparati abbiano eccellenti propriet\u00e0 elettriche.<\/p>\n<p>&nbsp;<\/p>\n<p>Campo ottico: pu\u00f2 essere utilizzato per preparare pellicole ottiche, come pellicole antiriflesso, pellicole antiriflesso, ecc., possono migliorare le prestazioni e l&#8217;efficienza dei dispositivi ottici.<\/p>\n<p>&nbsp;<\/p>\n<p>Campo di celle solari: pu\u00f2 essere utilizzato come materiale per elettrodi o materiale a film sottile per celle solari, che aiuta a migliorare l&#8217;efficienza di conversione fotoelettrica e la stabilit\u00e0 delle celle solari.<\/p>\n<p>&nbsp;<\/p>\n<p>Requisiti di qualit\u00e0:<\/p>\n<p>&nbsp;<\/p>\n<p>Purezza: l&#8217;elevata purezza \u00e8 un importante indice di qualit\u00e0 dell&#8217;obiettivo del tellururo di molibdeno e la purezza deve generalmente essere superiore al 99,9% per garantire che il film preparato abbia buone prestazioni e stabilit\u00e0.<\/p>\n<p>&nbsp;<\/p>\n<p>Densit\u00e0: la maggiore densit\u00e0 pu\u00f2 garantire la stabilit\u00e0 e l&#8217;uniformit\u00e0 del bersaglio nel processo di sputtering e ridurre il processo di sputtering di particelle e difetti.<\/p>\n<p>&nbsp;<\/p>\n<p>Dimensioni e forma: in base ai diversi requisiti dell&#8217;applicazione, i bersagli di tellururo di molibdeno devono essere preparati in diverse dimensioni e forme, come rotondi, quadrati, rettangolari, ecc., e la precisione dimensionale deve soddisfare determinati requisiti.<\/p>\n","protected":false},"excerpt":{"rendered":"<p>Il bersaglio del tellururo di molibdeno \u00e8 un importante materiale di rivestimento.<\/p>\n<p>Campo dei semiconduttori: come materiale semiconduttore, i bersagli di tellururo di molibdeno possono essere utilizzati per preparare dispositivi a semiconduttore, come transistor ad effetto di campo, diodi, ecc. La sua struttura elettronica unica e le caratteristiche della banda di energia fanno s\u00ec che i dispositivi preparati abbiano eccellenti propriet\u00e0 elettriche.<\/p>\n<p>Campo ottico: pu\u00f2 essere utilizzato per preparare pellicole ottiche, come pellicole antiriflesso, pellicole antiriflesso, ecc., possono migliorare le prestazioni e l&#8217;efficienza dei dispositivi ottici.<\/p>\n","protected":false},"featured_media":1031911,"comment_status":"open","ping_status":"closed","template":"","meta":{"_acf_changed":false},"product_brand":[],"product_cat":[197],"product_tag":[],"class_list":{"0":"post-1020588","1":"product","2":"type-product","3":"status-publish","4":"has-post-thumbnail","6":"product_cat-obiettivi-di-sputtering-planari","8":"first","9":"instock","10":"shipping-taxable","11":"product-type-variable"},"acf":[],"_links":{"self":[{"href":"https:\/\/vimaterial.de\/it\/wp-json\/wp\/v2\/product\/1020588","targetHints":{"allow":["GET"]}}],"collection":[{"href":"https:\/\/vimaterial.de\/it\/wp-json\/wp\/v2\/product"}],"about":[{"href":"https:\/\/vimaterial.de\/it\/wp-json\/wp\/v2\/types\/product"}],"replies":[{"embeddable":true,"href":"https:\/\/vimaterial.de\/it\/wp-json\/wp\/v2\/comments?post=1020588"}],"wp:featuredmedia":[{"embeddable":true,"href":"https:\/\/vimaterial.de\/it\/wp-json\/wp\/v2\/media\/1031911"}],"wp:attachment":[{"href":"https:\/\/vimaterial.de\/it\/wp-json\/wp\/v2\/media?parent=1020588"}],"wp:term":[{"taxonomy":"product_brand","embeddable":true,"href":"https:\/\/vimaterial.de\/it\/wp-json\/wp\/v2\/product_brand?post=1020588"},{"taxonomy":"product_cat","embeddable":true,"href":"https:\/\/vimaterial.de\/it\/wp-json\/wp\/v2\/product_cat?post=1020588"},{"taxonomy":"product_tag","embeddable":true,"href":"https:\/\/vimaterial.de\/it\/wp-json\/wp\/v2\/product_tag?post=1020588"}],"curies":[{"name":"wp","href":"https:\/\/api.w.org\/{rel}","templated":true}]}}