{"id":1018824,"date":"2024-06-17T15:17:14","date_gmt":"2024-06-17T07:17:14","guid":{"rendered":"https:\/\/vimaterial.de\/product\/selenio-metallico-4\/"},"modified":"2024-07-12T11:54:31","modified_gmt":"2024-07-12T03:54:31","slug":"selenio-metallico-4","status":"publish","type":"product","link":"https:\/\/vimaterial.de\/it\/product\/selenio-metallico-4\/","title":{"rendered":"Metallo di selenio"},"content":{"rendered":"<p>CaratteristicaIl selenio \u00e8 un elemento chimico di numero atomico 34. \u00c8 un non metallo (pi\u00f9 raramente considerato un metalloide) con propriet\u00e0 intermedie tra gli elementi sopra e sotto nella tavola periodica, zolfo e tellurio, e ha anche somiglianze con l&#8217;arsenico. Fase al solido STPpunto di fusione 494 K (221 \u00b0C, 430 \u00b0F)Punto di ebollizione 958 K (685 \u00b0C, 1265 \u00b0F)Densit\u00e0 (vicino al t.r.) grigio: 4,81 g\/cm3 alfa: 4,39 g\/cm3vitreo: 4,28 g\/cm3 liquido (a p.m.) 3,99 g\/cm3Punto critico 1766 K, 27,2 MPaCalore di fusione grigio: 6,69 kJ\/molCalore di vaporizzazione 95,48 kJ\/molCapacit\u00e0 termica molare 25,363 J\/(mol\u00b7 K) ApplicazioneI principali usi commerciali del selenio oggi sono la produzione di vetro e pigmenti. Il selenio \u00e8 un semiconduttore e viene utilizzato nelle fotocellule. Le applicazioni in elettronica, un tempo importanti, sono state per lo pi\u00f9 sostituite con dispositivi a semiconduttore al silicio. Il selenio \u00e8 ancora utilizzato in alcuni tipi di dispositivi di protezione da sovratensione CC e in un tipo di punto quantico fluorescente.<\/p>\n","protected":false},"excerpt":{"rendered":"<p>CaratteristicaIl selenio \u00e8 un elemento chimico di numero atomico 34. \u00c8 un non metallo (pi\u00f9 raramente considerato un metalloide) con propriet\u00e0 intermedie tra gli elementi sopra e sotto nella tavola periodica, zolfo e tellurio, e ha anche somiglianze con l&#8217;arsenico. Fase al solido STPpunto di fusione 494 K (221 \u00b0C, 430 \u00b0F)Punto di ebollizione 958 [&hellip;]<\/p>\n","protected":false},"featured_media":1004392,"comment_status":"open","ping_status":"closed","template":"","meta":{"_acf_changed":false},"product_brand":[],"product_cat":[198],"product_tag":[],"class_list":{"0":"post-1018824","1":"product","2":"type-product","3":"status-publish","4":"has-post-thumbnail","6":"product_cat-materiali-per-levaporazione","8":"first","9":"instock","10":"shipping-taxable","11":"purchasable","12":"product-type-variable"},"acf":[],"_links":{"self":[{"href":"https:\/\/vimaterial.de\/it\/wp-json\/wp\/v2\/product\/1018824","targetHints":{"allow":["GET"]}}],"collection":[{"href":"https:\/\/vimaterial.de\/it\/wp-json\/wp\/v2\/product"}],"about":[{"href":"https:\/\/vimaterial.de\/it\/wp-json\/wp\/v2\/types\/product"}],"replies":[{"embeddable":true,"href":"https:\/\/vimaterial.de\/it\/wp-json\/wp\/v2\/comments?post=1018824"}],"wp:featuredmedia":[{"embeddable":true,"href":"https:\/\/vimaterial.de\/it\/wp-json\/wp\/v2\/media\/1004392"}],"wp:attachment":[{"href":"https:\/\/vimaterial.de\/it\/wp-json\/wp\/v2\/media?parent=1018824"}],"wp:term":[{"taxonomy":"product_brand","embeddable":true,"href":"https:\/\/vimaterial.de\/it\/wp-json\/wp\/v2\/product_brand?post=1018824"},{"taxonomy":"product_cat","embeddable":true,"href":"https:\/\/vimaterial.de\/it\/wp-json\/wp\/v2\/product_cat?post=1018824"},{"taxonomy":"product_tag","embeddable":true,"href":"https:\/\/vimaterial.de\/it\/wp-json\/wp\/v2\/product_tag?post=1018824"}],"curies":[{"name":"wp","href":"https:\/\/api.w.org\/{rel}","templated":true}]}}