{"id":1018590,"date":"2024-06-17T15:18:33","date_gmt":"2024-06-17T07:18:33","guid":{"rendered":"https:\/\/vimaterial.de\/product\/vanadato-di-stronzio\/"},"modified":"2025-09-18T11:30:44","modified_gmt":"2025-09-18T03:30:44","slug":"vanadato-di-stronzio","status":"publish","type":"product","link":"https:\/\/vimaterial.de\/it\/product\/vanadato-di-stronzio\/","title":{"rendered":"Vanadato di stronzio"},"content":{"rendered":"<h2><span style=\"font-size: 14pt;\">Panoramica del prodotto: Target per sputtering al Vanadato di Stronzio (Sr\u2082V\u2082O\u2087)<\/span><\/h2>\n<p>Il target per sputtering al <span style=\"color: #0000ff;\"><a style=\"color: #0000ff;\" href=\"https:\/\/vimaterial.de\/it\/search\/?type=name&#038;keyword=Sr%E2%82%82V%E2%82%82O%E2%82%87\">Vanadato di Stronzio<\/a><\/span> \u00e8 un ossido inorganico ad alta purezza comunemente utilizzato nella deposizione di film sottili, nei rivestimenti ottici e nella produzione di dispositivi elettronici avanzati. La sua esclusiva struttura cristallina di vanadato conferisce eccellenti propriet\u00e0 ottiche ed elettriche, rendendolo ideale per applicazioni in ceramiche funzionali e film sottili optoelettronici.<\/p>\n<h2><span style=\"font-size: 14pt;\">Specifiche tecniche del Vanadato di Stronzio<\/span><\/h2>\n<table style=\"border-collapse: collapse; width: 52.2584%; height: 168px;\">\n<tbody>\n<tr style=\"height: 24px;\">\n<td style=\"width: 15.0924%; height: 24px; text-align: center;\">Articolo<\/td>\n<td style=\"width: 37.1663%; height: 24px; text-align: center;\">Parametro<\/td>\n<\/tr>\n<tr style=\"height: 24px;\">\n<td style=\"width: 15.0924%; height: 24px; text-align: center;\">Formula chimica<\/td>\n<td style=\"width: 37.1663%; height: 24px; text-align: center;\">Sr\u2082V\u2082O\u2087<\/td>\n<\/tr>\n<tr style=\"height: 24px;\">\n<td style=\"width: 15.0924%; height: 24px; text-align: center;\">Purezza<\/td>\n<td style=\"width: 37.1663%; height: 24px; text-align: center;\">99,9%<\/td>\n<\/tr>\n<tr style=\"height: 24px;\">\n<td style=\"width: 15.0924%; height: 24px; text-align: center;\">Morfologia<\/td>\n<td style=\"width: 37.1663%; height: 24px; text-align: center;\">Target rotondo \/ Target quadrato \/ Personalizzato<\/td>\n<\/tr>\n<tr style=\"height: 24px;\">\n<td style=\"width: 15.0924%; height: 24px; text-align: center;\">Densit\u00e0<\/td>\n<td style=\"width: 37.1663%; height: 24px; text-align: center;\">\u226595% Densit\u00e0 teorica<\/td>\n<\/tr>\n<tr style=\"height: 24px;\">\n<td style=\"width: 15.0924%; height: 24px; text-align: center;\">Dimensioni<\/td>\n<td style=\"width: 37.1663%; height: 24px; text-align: center;\">Personalizzabile<\/td>\n<\/tr>\n<tr style=\"height: 24px;\">\n<td style=\"width: 15.0924%; height: 24px; text-align: center;\">Piastra di supporto<\/td>\n<td style=\"width: 37.1663%; height: 24px; text-align: center;\">Opzionale<\/td>\n<\/tr>\n<\/tbody>\n<\/table>\n<h2><span style=\"font-size: 14pt;\">Vantaggi dei target per sputtering Sr\u2082V\u2082O\u2087 di VIMATERIAL<\/span><\/h2>\n<p><strong>Eccellente stabilit\u00e0 cristallina:<\/strong> prestazioni affidabili in condizioni di sputtering ad alta temperatura, garantendo una qualit\u00e0 uniforme del film sottile.<\/p>\n<p><strong>Elevate prestazioni ottiche:<\/strong> migliora la trasmittanza e la riflettivit\u00e0 dei film ottici, riducendo la perdita ottica.<\/p>\n<p><strong>Eccellenti propriet\u00e0 elettriche:<\/strong> adatto per la deposizione di film sottili di ceramiche funzionali e componenti optoelettronici.<\/p>\n<p><strong>Alta densit\u00e0 e bassa porosit\u00e0:<\/strong> riduce la contaminazione da schizzi e particelle, adatto per apparecchiature di sputtering planetarie e rotanti.<\/p>\n<p><strong>Dimensioni e forme personalizzabili:<\/strong> supporta target rotondi e quadrati, nonch\u00e9 specifiche speciali, con opzioni di piastra di supporto opzionali.<\/p>\n<p><strong>Fornitura stabile a lungo termine:<\/strong> sistemi di produzione e controllo qualit\u00e0 consolidati garantiscono la costanza dei lotti.<\/p>\n<h2><span style=\"font-size: 14pt;\">Principali applicazioni dei target in vanadato di stronzio<\/span><\/h2>\n<p><strong>Film sottili semiconduttori:<\/strong> utilizzati per la deposizione di film sottili in dispositivi elettronici e microelettronici.<\/p>\n<p><span style=\"color: #0000ff;\"><a style=\"color: #0000ff;\" href=\"https:\/\/en.wikipedia.org\/wiki\/Optical_coating\" rel=\"nofollow noopener\" target=\"_blank\"><strong>Rivestimenti ottici:<\/strong><\/a><\/span> migliorano le prestazioni ottiche in filtri ottici, film trasmissivi e film riflettenti. Ceramiche funzionali: Sr\u2082V\u2082O\u2087, un materiale vanadato, presenta un&#8217;eccellente stabilit\u00e0 termica.<\/p>\n<p><strong>Dispositivi elettro-ottici:<\/strong> utilizzato in laser, sensori e dispositivi di conversione fotoelettrica.<\/p>\n<h2><span style=\"font-size: 14pt;\">Imballaggio e consegna dei target per sputtering in vanadato di stronzio<\/span><\/h2>\n<p>Per garantire che i target siano protetti da contaminazione e danni durante il trasporto, utilizziamo imballaggi sottovuoto e imballaggi resistenti agli urti e all&#8217;umidit\u00e0. Vengono fornite schede di sicurezza (MSDS) e rapporti di ispezione qualit\u00e0.<\/p>\n<h2><span style=\"font-size: 14pt;\">Prodotti consigliati<\/span><\/h2>\n<p><span style=\"color: #0000ff;\"><a style=\"color: #0000ff;\" href=\"https:\/\/vimaterial.de\/it\/search\/?type=name&#038;keyword=SrTiO%E2%82%83\">SrTiO\u2083 per sputtering<\/a><\/span><\/p>\n<p><span style=\"color: #0000ff;\"><a style=\"color: #0000ff;\" href=\"https:\/\/vimaterial.de\/it\/search\/?type=name&#038;keyword=V%E2%82%82O%E2%82%85\">V\u2082O\u2085 per sputtering<\/a><\/span><\/p>\n<p><span style=\"color: #0000ff;\"><a style=\"color: #0000ff;\" href=\"https:\/\/vimaterial.de\/it\/search\/?type=name&#038;keyword=BaTiO%E2%82%83\">BaTiO\u2083 per sputtering<\/a><\/span><\/p>\n<h2><span style=\"font-size: 14pt;\">Domande frequenti (FAQ) sui target per sputtering Sr\u2082V\u2082O\u2087<\/span><\/h2>\n<h3><span style=\"font-size: 12pt;\">D1: Quali livelli di purezza sono disponibili per i target Sr\u2082V\u2082O\u2087?<\/span><\/h3>\n<p>R1: In genere offriamo un grado di purezza elevato del 99,9% e supportiamo requisiti personalizzati per purezze pi\u00f9 elevate.<\/p>\n<h3><span style=\"font-size: 12pt;\">D2: Offrite dimensioni o forme personalizzate?<\/span><\/h3>\n<p>R2: S\u00ec, possiamo personalizzare diametri, spessori e forme in base alle esigenze del cliente in termini di apparecchiature di rivestimento.<\/p>\n<h3><span style=\"font-size: 12pt;\">D3: Quali tipi di piastre di supporto sono disponibili?<\/span><\/h3>\n<p>R3: Offriamo una variet\u00e0 di opzioni per le piastre di supporto, tra cui Mo, Cu e Ti. Per maggiori dettagli, consultare la sezione Opzioni per le piastre di supporto.<\/p>\n<h2><span style=\"font-size: 14pt;\">Perch\u00e9 sceglierci<\/span><\/h2>\n<h3><span style=\"font-size: 12pt;\">Scegliere i target per sputtering in Sr2V2O7 di VIMATERIAL offre i seguenti vantaggi:<\/span><\/h3>\n<p><strong>Garanzia di elevata purezza:<\/strong> offriamo target per sputtering in Sr2V2O7 con una purezza del 99,9% o superiore, garantendo la qualit\u00e0 e l&#8217;uniformit\u00e0 della deposizione di film sottili.<\/p>\n<p><strong>Personalizzazione:<\/strong> supportiamo una variet\u00e0 di forme e dimensioni, inclusi target rotondi e quadrati, nonch\u00e9 specifiche personalizzate speciali. \u00c8 possibile selezionare diverse piastre di supporto in base alle attrezzature del cliente.<\/p>\n<p><span style=\"color: #0000ff;\"><a style=\"color: #0000ff;\" href=\"https:\/\/vimaterial.de\/it\/controllo-qualita\/\"><strong>Rigoroso controllo di qualit\u00e0:<\/strong><\/a><\/span> ogni lotto di prodotti viene sottoposto a misurazione della densit\u00e0, analisi della composizione chimica e ispezione visiva per garantire la conformit\u00e0 agli standard internazionali. Vengono forniti una scheda di sicurezza completa e un rapporto di ispezione qualit\u00e0.<\/p>\n<p><strong>Imballaggio sicuro e affidabile:<\/strong> l&#8217;imballaggio sottovuoto, a prova di umidit\u00e0 e antiurto garantisce l&#8217;integrit\u00e0 dei target durante il trasporto.<\/p>\n<p><span style=\"color: #0000ff;\"><a style=\"color: #0000ff;\" href=\"https:\/\/vimaterial.de\/it\/su-di-noi\/\"><strong>Ampia esperienza nel settore:<\/strong><\/a><\/span> vantiamo molti anni di esperienza nel campo dei target per sputtering, servendo clienti in tutto il mondo e fornendo consulenza tecnica e <span style=\"color: #0000ff;\"><a style=\"color: #0000ff;\" href=\"https:\/\/vimaterial.de\/it\/contatto\/\">supporto post-vendita<\/a><\/span>.<\/p>\n","protected":false},"excerpt":{"rendered":"<p>Il target per sputtering al <span style=\"color: #0000ff;\"><a style=\"color: #0000ff;\" href=\"https:\/\/vimaterial.de\/it\/search\/?type=name&#038;keyword=Sr%E2%82%82V%E2%82%82O%E2%82%87\">Vanadato di Stronzio<\/a><\/span> \u00e8 un ossido inorganico ad alta purezza comunemente utilizzato nella deposizione di film sottili, nei rivestimenti ottici e nella produzione di dispositivi elettronici avanzati. La sua esclusiva struttura cristallina di vanadato conferisce eccellenti propriet\u00e0 ottiche ed elettriche, rendendolo ideale per applicazioni in ceramiche funzionali e film sottili optoelettronici.<\/p>\n","protected":false},"featured_media":1004541,"comment_status":"open","ping_status":"closed","template":"","meta":{"_acf_changed":false},"product_brand":[],"product_cat":[197],"product_tag":[],"class_list":{"0":"post-1018590","1":"product","2":"type-product","3":"status-publish","4":"has-post-thumbnail","6":"product_cat-obiettivi-di-sputtering-planari","8":"first","9":"instock","10":"shipping-taxable","11":"product-type-variable"},"acf":[],"_links":{"self":[{"href":"https:\/\/vimaterial.de\/it\/wp-json\/wp\/v2\/product\/1018590","targetHints":{"allow":["GET"]}}],"collection":[{"href":"https:\/\/vimaterial.de\/it\/wp-json\/wp\/v2\/product"}],"about":[{"href":"https:\/\/vimaterial.de\/it\/wp-json\/wp\/v2\/types\/product"}],"replies":[{"embeddable":true,"href":"https:\/\/vimaterial.de\/it\/wp-json\/wp\/v2\/comments?post=1018590"}],"wp:featuredmedia":[{"embeddable":true,"href":"https:\/\/vimaterial.de\/it\/wp-json\/wp\/v2\/media\/1004541"}],"wp:attachment":[{"href":"https:\/\/vimaterial.de\/it\/wp-json\/wp\/v2\/media?parent=1018590"}],"wp:term":[{"taxonomy":"product_brand","embeddable":true,"href":"https:\/\/vimaterial.de\/it\/wp-json\/wp\/v2\/product_brand?post=1018590"},{"taxonomy":"product_cat","embeddable":true,"href":"https:\/\/vimaterial.de\/it\/wp-json\/wp\/v2\/product_cat?post=1018590"},{"taxonomy":"product_tag","embeddable":true,"href":"https:\/\/vimaterial.de\/it\/wp-json\/wp\/v2\/product_tag?post=1018590"}],"curies":[{"name":"wp","href":"https:\/\/api.w.org\/{rel}","templated":true}]}}