{"id":1018584,"date":"2024-06-17T15:04:29","date_gmt":"2024-06-17T07:04:29","guid":{"rendered":"https:\/\/vimaterial.de\/product\/lega-di-zinco-e-alluminio-3\/"},"modified":"2025-03-26T16:01:08","modified_gmt":"2025-03-26T08:01:08","slug":"lega-di-zinco-e-alluminio-3","status":"publish","type":"product","link":"https:\/\/vimaterial.de\/it\/product\/lega-di-zinco-e-alluminio-3\/","title":{"rendered":"Lega di zinco e alluminio"},"content":{"rendered":"<p><span style=\"font-family: arial, helvetica, sans-serif; font-size: 12pt;\">La polvere in lega di zinco e alluminio \u00e8 una lega per la quale non esiste un&#8217;unica formula molecolare; \u00e8 costituito principalmente da zinco (Zn) e alluminio (Al) e di solito contiene piccole quantit\u00e0 di altri elementi.<\/span><\/p>\n<p><span style=\"font-family: arial, helvetica, sans-serif; font-size: 12pt;\">VIMATERIAL \u00e8 in grado di fornire lega di zinco e alluminio in vari pacchetti e specifiche, la lega di zinco e alluminio prodotta dalla nostra azienda ha le caratteristiche di elevata purezza e qualit\u00e0 eccellente e la risposta dei nostri clienti al prodotto \u00e8 molto buona. Ha le propriet\u00e0 di stabilit\u00e0 chimica e resistenza all&#8217;ossidazione e ha un ruolo indispensabile nella produzione industriale pratica. <\/span><\/p>\n<p><span style=\"font-family: arial, helvetica, sans-serif; font-size: 12pt;\">Ha stabilit\u00e0 chimica e propriet\u00e0 antiossidanti e ha un ruolo indispensabile nella produzione industriale pratica. <\/span><\/p>\n<p><a href=\"https:\/\/vimaterial.de\/it\/contatto\/\"><span style=\"font-family: arial, helvetica, sans-serif; font-size: 12pt; color: #0000ff;\">Contattaci.<\/span><\/a><\/p>\n<h2><span style=\"font-family: arial, helvetica, sans-serif; font-size: 14pt;\">Propriet\u00e0 fisiche:<\/span><\/h2>\n<p><span style=\"font-family: arial, helvetica, sans-serif; font-size: 12pt;\">Formula molecolare: ZnAl<\/span><\/p>\n<p><span style=\"font-family: arial, helvetica, sans-serif; font-size: 12pt;\">Aspetto e morfologia: La polvere di lega di zinco-alluminio ha una variet\u00e0 di aspetto e morfologia, quelle comuni sono sferiche, traballanti, aghiformi e cos\u00ec via.<\/span><\/p>\n<p><span style=\"font-family: arial, helvetica, sans-serif; font-size: 12pt;\">Densit\u00e0: le polveri in lega di zinco e alluminio hanno una densit\u00e0 relativamente bassa, in genere compresa tra 2,5 e 6,0 g\/cm\u00b3.<\/span><\/p>\n<p><span style=\"font-family: arial, helvetica, sans-serif; font-size: 12pt;\">Punto di fusione: le leghe di zinco e alluminio hanno un punto di fusione relativamente basso, in genere compreso tra 300 e 400 \u00b0C.<\/span><\/p>\n<h2><span style=\"font-family: arial, helvetica, sans-serif; font-size: 14pt;\">Applicazione:<\/span><\/h2>\n<p><span style=\"font-family: arial, helvetica, sans-serif; font-size: 12pt;\">Campo dei rivestimenti: la polvere di lega di zinco-alluminio pu\u00f2 essere utilizzata come riempitivo nei rivestimenti anticorrosivi per proteggere le strutture metalliche dalla corrosione.<\/span><\/p>\n<p><span style=\"font-family: arial, helvetica, sans-serif; font-size: 12pt;\">Campo di saldatura: La polvere di lega di zinco-alluminio pu\u00f2 essere utilizzata come materiale di saldatura per la saldatura di metalli come alluminio e zinco.<\/span><\/p>\n<p><span style=\"font-family: arial, helvetica, sans-serif; font-size: 12pt;\">Campo della metallurgia delle polveri: la polvere di lega di zinco-alluminio pu\u00f2 essere preparata in varie parti, come ingranaggi, cuscinetti, cursori, ecc., mediante processo di metallurgia delle polveri.<\/span><\/p>\n<p><span style=\"font-family: arial, helvetica, sans-serif; font-size: 12pt;\">Campo elettronico: Nel campo elettronico, la polvere di lega di zinco-alluminio pu\u00f2 essere utilizzata per preparare paste elettroniche, adesivi conduttivi e altri materiali per l&#8217;incapsulamento e il collegamento di componenti elettronici.<\/span><\/p>\n<h2><span style=\"font-family: arial, helvetica, sans-serif; font-size: 14pt;\">Imballaggio e conservazione:<\/span><\/h2>\n<p><span style=\"font-family: arial, helvetica, sans-serif; font-size: 12pt;\">L&#8217;imballaggio pu\u00f2 essere personalizzato. I materiali in polvere possono essere confezionati in sacchetti sottovuoto, barattoli sottovuoto, bottiglie sottovuoto, ecc. <\/span><\/p>\n<p><span style=\"font-family: arial, helvetica, sans-serif; font-size: 12pt;\">I materiali in polvere vengono conservati asciutti e confezionati in confezioni sigillate per garantire la stabilit\u00e0 del materiale.<\/span><\/p>\n<h2><span style=\"font-family: arial, helvetica, sans-serif; font-size: 14pt;\">Controllo di qualit\u00e0:<\/span><\/h2>\n<p><span style=\"font-family: arial, helvetica, sans-serif; font-size: 12pt;\">Ogni lotto di merci ha un COA di accompagnamento e un rapporto di analisi, le merci sono tutte qualificate, ti assicuriamo che l&#8217;ordine.<\/span><\/p>\n","protected":false},"excerpt":{"rendered":"<p><span style=\"font-family: arial, helvetica, sans-serif; font-size: 12pt;\">La polvere in lega di zinco e alluminio \u00e8 una lega per la quale non esiste un&#8217;unica formula molecolare; \u00e8 costituito principalmente da zinco (Zn) e alluminio (Al) e di solito contiene piccole quantit\u00e0 di altri elementi.<\/span><\/p>\n<p><span style=\"font-family: arial, helvetica, sans-serif; font-size: 12pt;\">VIMATERIAL \u00e8 in grado di fornire lega di zinco e alluminio in vari pacchetti e specifiche, la lega di zinco e alluminio prodotta dalla nostra azienda ha le caratteristiche di elevata purezza e qualit\u00e0 eccellente e la risposta dei nostri clienti al prodotto \u00e8 molto buona. Ha le propriet\u00e0 di stabilit\u00e0 chimica e resistenza all&#8217;ossidazione e ha un ruolo indispensabile nella produzione industriale pratica.<\/span><\/p>\n","protected":false},"featured_media":1003526,"comment_status":"open","ping_status":"closed","template":"","meta":{"_acf_changed":false},"product_brand":[],"product_cat":[212],"product_tag":[],"class_list":{"0":"post-1018584","1":"product","2":"type-product","3":"status-publish","4":"has-post-thumbnail","6":"product_cat-polvere-di-metallo-puro-e-leghe","8":"first","9":"instock","10":"shipping-taxable","11":"purchasable","12":"product-type-variable"},"acf":[],"_links":{"self":[{"href":"https:\/\/vimaterial.de\/it\/wp-json\/wp\/v2\/product\/1018584","targetHints":{"allow":["GET"]}}],"collection":[{"href":"https:\/\/vimaterial.de\/it\/wp-json\/wp\/v2\/product"}],"about":[{"href":"https:\/\/vimaterial.de\/it\/wp-json\/wp\/v2\/types\/product"}],"replies":[{"embeddable":true,"href":"https:\/\/vimaterial.de\/it\/wp-json\/wp\/v2\/comments?post=1018584"}],"wp:featuredmedia":[{"embeddable":true,"href":"https:\/\/vimaterial.de\/it\/wp-json\/wp\/v2\/media\/1003526"}],"wp:attachment":[{"href":"https:\/\/vimaterial.de\/it\/wp-json\/wp\/v2\/media?parent=1018584"}],"wp:term":[{"taxonomy":"product_brand","embeddable":true,"href":"https:\/\/vimaterial.de\/it\/wp-json\/wp\/v2\/product_brand?post=1018584"},{"taxonomy":"product_cat","embeddable":true,"href":"https:\/\/vimaterial.de\/it\/wp-json\/wp\/v2\/product_cat?post=1018584"},{"taxonomy":"product_tag","embeddable":true,"href":"https:\/\/vimaterial.de\/it\/wp-json\/wp\/v2\/product_tag?post=1018584"}],"curies":[{"name":"wp","href":"https:\/\/api.w.org\/{rel}","templated":true}]}}