{"id":1018580,"date":"2024-06-17T15:04:28","date_gmt":"2024-06-17T07:04:28","guid":{"rendered":"https:\/\/vimaterial.de\/product\/fosfuro-di-zinco-2\/"},"modified":"2025-03-26T16:07:00","modified_gmt":"2025-03-26T08:07:00","slug":"fosfuro-di-zinco-2","status":"publish","type":"product","link":"https:\/\/vimaterial.de\/it\/product\/fosfuro-di-zinco-2\/","title":{"rendered":"Fosfuro di zinco"},"content":{"rendered":"<p><span style=\"font-family: arial, helvetica, sans-serif; font-size: 12pt;\">Il fosfuro di zinco \u00e8 una polvere grigio scuro o nera. \u00c8 un importante composto inorganico. <\/span><\/p>\n<p><span style=\"font-family: arial, helvetica, sans-serif; font-size: 12pt;\">VIMATERIAL \u00e8 in grado di fornire polvere di fosfuro di zinco in varie confezioni e specifiche, prodotta dalla nostra azienda \u00e8 caratterizzata da elevata purezza e qualit\u00e0 eccellente e la risposta dei nostri clienti a questo prodotto \u00e8 molto buona. Il fosfuro di zinco ha propriet\u00e0 ottiche ed elettriche uniche, indispensabili nella produzione industriale pratica. Il fosfuro di zinco ha propriet\u00e0 ottiche ed elettriche uniche, indispensabili nella produzione industriale pratica. <\/span><\/p>\n<p><span style=\"color: #0000ff;\"><a style=\"color: #0000ff;\" href=\"https:\/\/vimaterial.de\/it\/contatto\/\">Contattaci.<\/a><\/span><\/p>\n<h2><span style=\"font-family: arial, helvetica, sans-serif; font-size: 14pt;\">Propriet\u00e0 fisiche:<\/span><\/h2>\n<p><span style=\"font-family: arial, helvetica, sans-serif; font-size: 12pt;\">Formula molecolare: Zn\u2083P\u2082.<\/span><\/p>\n<p><span style=\"font-family: arial, helvetica, sans-serif; font-size: 12pt;\">Peso molecolare: circa 258,1, dati leggermente diversi, come 258,06, 258,08, 258,12, ecc.<\/span><\/p>\n<p><span style=\"font-family: arial, helvetica, sans-serif; font-size: 12pt;\">Aspetto: cristalli tetragonali grigio scuro, polvere lucida o non lucente; Descritto anche come polvere grigio-nera o cristalli cubici con lucentezza metallica.<\/span><\/p>\n<p><span style=\"font-family: arial, helvetica, sans-serif; font-size: 12pt;\">Densit\u00e0: 4,55 g\/cm\u00b3, o 4,72 g\/L in alcune fonti.<\/span><\/p>\n<p><span style=\"font-family: arial, helvetica, sans-serif; font-size: 12pt;\">Punto di fusione: pi\u00f9 di 420\u00b0C.<\/span><\/p>\n<p><span style=\"font-family: arial, helvetica, sans-serif; font-size: 12pt;\">Punto di ebollizione: 1100\u00b0C.<\/span><\/p>\n<p><span style=\"font-family: arial, helvetica, sans-serif; font-size: 12pt;\">Struttura cristallina: appartiene al sistema cristallino tetragonale, la sua struttura cristallina di atomi di zinco e atomi di fosforo in conformit\u00e0 con una certa legge, formando una matrice spaziale stabile, ogni atomo di zinco \u00e8 circondato da un numero di atomi di fosforo coordinati e viceversa, questa struttura fa s\u00ec che lo Zn \u2083 P \u2082 abbia determinate propriet\u00e0 fisiche e chimiche.<\/span><\/p>\n<h2><span style=\"font-family: arial, helvetica, sans-serif; font-size: 14pt;\">Applicazione:<\/span><\/h2>\n<p><span style=\"font-family: arial, helvetica, sans-serif; font-size: 12pt;\">Rodenticida: Il fosfuro di zinco \u00e8 un rodenticida tradizionale.<\/span><\/p>\n<p><span style=\"font-family: arial, helvetica, sans-serif; font-size: 12pt;\">Applicazione nella sintesi chimica: pu\u00f2 essere utilizzato come fonte di fosforo per la sintesi di alcuni composti contenenti fosforo.<\/span><\/p>\n<h2><span style=\"font-family: arial, helvetica, sans-serif; font-size: 14pt;\">Imballaggio e conservazione:<\/span><\/h2>\n<p><span style=\"font-family: arial, helvetica, sans-serif; font-size: 12pt;\">Conservare in un magazzino fresco, asciutto e ben ventilato. Tenere lontano da fuoco e fonti di calore. Proteggere dalla luce solare diretta. L&#8217;imballaggio deve essere sigillato, non esporre all&#8217;umidit\u00e0. Deve essere conservato separatamente da agenti ossidanti, acidi, prodotti chimici commestibili, ecc. Non mescolare la conservazione. Dotato di adeguate variet\u00e0 e quantit\u00e0 di attrezzature antincendio. L&#8217;area di stoccaggio deve essere dotata di materiali idonei a coprire le perdite. <\/span><\/p>\n<p><span style=\"font-family: arial, helvetica, sans-serif; font-size: 12pt;\">Confezionato in una scatola di cartone spesso con peso netto di 1 kg, sigillato ermeticamente e poi imballato in una scatola di legno spessa 12 mm rivestita con due strati di carta kraft. In sacchetti di carta, peso netto 5 g per sacchetto, sigillati ermeticamente e poi imballati in cartoni, peso netto non superiore a mezzo chilogrammo per scatola, bottiglie di vetro a bocca filettata, bottiglie di vetro con tappi di ferro e bocche a pressione, bottiglie di plastica o fusti di metallo (lattine) al di fuori della normale scatola di legno. <\/span><\/p>\n<h2><span style=\"font-family: arial, helvetica, sans-serif; font-size: 14pt;\">Controllo di qualit\u00e0:<\/span><\/h2>\n<p><span style=\"font-family: arial, helvetica, sans-serif; font-size: 12pt;\">Ogni lotto di merci \u00e8 accompagnato da COA e rapporto di analisi, le merci sono tutte qualificate, non esitate a ordinare.<\/span><\/p>\n","protected":false},"excerpt":{"rendered":"<p><span style=\"font-family: arial, helvetica, sans-serif; font-size: 12pt;\">Il fosfuro di zinco \u00e8 una polvere grigio scuro o nera. \u00c8 un importante composto inorganico. <\/span><\/p>\n<p><span style=\"font-family: arial, helvetica, sans-serif; font-size: 12pt;\">VIMATERIAL \u00e8 in grado di fornire polvere di fosfuro di zinco in varie confezioni e specifiche, prodotta dalla nostra azienda \u00e8 caratterizzata da elevata purezza e qualit\u00e0 eccellente e la risposta dei nostri clienti a questo prodotto \u00e8 molto buona. Il fosfuro di zinco ha propriet\u00e0 ottiche ed elettriche uniche, indispensabili nella produzione industriale pratica. Il fosfuro di zinco ha propriet\u00e0 ottiche ed elettriche uniche, indispensabili nella produzione industriale pratica.<\/span><\/p>\n","protected":false},"featured_media":1003518,"comment_status":"open","ping_status":"closed","template":"","meta":{"_acf_changed":false},"product_brand":[],"product_cat":[213],"product_tag":[],"class_list":{"0":"post-1018580","1":"product","2":"type-product","3":"status-publish","4":"has-post-thumbnail","6":"product_cat-materiali-al-fosforo","8":"first","9":"instock","10":"shipping-taxable","11":"product-type-variable"},"acf":[],"_links":{"self":[{"href":"https:\/\/vimaterial.de\/it\/wp-json\/wp\/v2\/product\/1018580","targetHints":{"allow":["GET"]}}],"collection":[{"href":"https:\/\/vimaterial.de\/it\/wp-json\/wp\/v2\/product"}],"about":[{"href":"https:\/\/vimaterial.de\/it\/wp-json\/wp\/v2\/types\/product"}],"replies":[{"embeddable":true,"href":"https:\/\/vimaterial.de\/it\/wp-json\/wp\/v2\/comments?post=1018580"}],"wp:featuredmedia":[{"embeddable":true,"href":"https:\/\/vimaterial.de\/it\/wp-json\/wp\/v2\/media\/1003518"}],"wp:attachment":[{"href":"https:\/\/vimaterial.de\/it\/wp-json\/wp\/v2\/media?parent=1018580"}],"wp:term":[{"taxonomy":"product_brand","embeddable":true,"href":"https:\/\/vimaterial.de\/it\/wp-json\/wp\/v2\/product_brand?post=1018580"},{"taxonomy":"product_cat","embeddable":true,"href":"https:\/\/vimaterial.de\/it\/wp-json\/wp\/v2\/product_cat?post=1018580"},{"taxonomy":"product_tag","embeddable":true,"href":"https:\/\/vimaterial.de\/it\/wp-json\/wp\/v2\/product_tag?post=1018580"}],"curies":[{"name":"wp","href":"https:\/\/api.w.org\/{rel}","templated":true}]}}