{"id":1018566,"date":"2024-06-17T15:04:29","date_gmt":"2024-06-17T07:04:29","guid":{"rendered":"https:\/\/vimaterial.de\/product\/lega-di-zinco-e-alluminio-2\/"},"modified":"2025-03-26T15:42:42","modified_gmt":"2025-03-26T07:42:42","slug":"lega-di-zinco-e-alluminio-2","status":"publish","type":"product","link":"https:\/\/vimaterial.de\/it\/product\/lega-di-zinco-e-alluminio-2\/","title":{"rendered":"Lega di zinco e alluminio"},"content":{"rendered":"<p><span style=\"font-family: arial, helvetica, sans-serif; font-size: 12pt;\">I granuli di lega di zinco e alluminio sono materiali granulari costituiti da una miscela di due metalli, zinco (Zn) e alluminio (Al), in un certo rapporto.<\/span><\/p>\n<p><span style=\"font-family: arial, helvetica, sans-serif; font-size: 12pt;\">VIMATERIAL \u00e8 in grado di fornire granuli in lega di zinco e alluminio in vari pacchetti e specifiche, i granuli in lega di zinco e alluminio prodotti dalla nostra azienda sono caratterizzati da elevata purezza e qualit\u00e0 eccellente e la risposta dei nostri clienti a questo prodotto \u00e8 molto buona. <\/span><\/p>\n<p><span style=\"font-family: arial, helvetica, sans-serif; font-size: 12pt;\">I granuli di lega di zinco e alluminio hanno forti propriet\u00e0 ossidanti e possono essere utilizzati come additivi per migliorare le propriet\u00e0 dei materiali, che svolgono un ruolo indispensabile nella produzione industriale pratica. I granuli in lega di zinco e alluminio sono chimicamente stabili e resistenti alla corrosione e svolgono un ruolo indispensabile nella produzione industriale pratica. <\/span><\/p>\n<p><span style=\"color: #0000ff; font-family: arial, helvetica, sans-serif; font-size: 12pt;\"><a style=\"color: #0000ff;\" href=\"https:\/\/vimaterial.de\/it\/contatto\/\"> Contattaci.<\/a><\/span><\/p>\n<h2><span style=\"font-family: arial, helvetica, sans-serif; font-size: 14pt;\">Propriet\u00e0 fisiche:<\/span><\/h2>\n<p><span style=\"font-family: arial, helvetica, sans-serif; font-size: 12pt;\">Aspetto: Solitamente granuli grigio-argento o biancastro.<\/span><\/p>\n<p><span style=\"font-family: arial, helvetica, sans-serif; font-size: 12pt;\">Densit\u00e0: La densit\u00e0 \u00e8 compresa tra quella dello zinco e quella dell&#8217;alluminio. La densit\u00e0 delle particelle di lega di zinco e alluminio varia con il rapporto tra zinco e alluminio. <\/span><\/p>\n<p><span style=\"font-family: arial, helvetica, sans-serif; font-size: 12pt;\">Punto di fusione: Ha un punto di fusione inferiore rispetto allo zinco puro.<\/span><\/p>\n<h2><span style=\"font-family: arial, helvetica, sans-serif; font-size: 14pt;\">Applicazione:<\/span><\/h2>\n<p><span style=\"font-family: arial, helvetica, sans-serif; font-size: 12pt;\">Industria della pressofusione: i granuli in lega di zinco e alluminio sono materie prime importanti nel processo di pressofusione.<\/span><\/p>\n<p><span style=\"font-family: arial, helvetica, sans-serif; font-size: 12pt;\">Materiale anticorrosivo: pu\u00f2 essere utilizzato per realizzare un rivestimento anticorrosivo.<\/span><\/p>\n<p><span style=\"font-family: arial, helvetica, sans-serif; font-size: 12pt;\">Materiali per la stampa 3D: con lo sviluppo della tecnologia di stampa 3D, le particelle di lega di zinco e alluminio vengono utilizzate anche come materia prima per la stampa 3D.<\/span><\/p>\n<h2><span style=\"font-family: arial, helvetica, sans-serif; font-size: 14pt;\">Imballaggio e conservazione:<\/span><\/h2>\n<p><span style=\"font-family: arial, helvetica, sans-serif; font-size: 12pt;\">L&#8217;imballaggio pu\u00f2 essere personalizzato. Selezioneremo il materiale di imballaggio appropriato in base alla natura del materiale granulare. <\/span><\/p>\n<p><span style=\"font-family: arial, helvetica, sans-serif; font-size: 12pt;\">I materiali in pellet sono forniti in sacchi, bottiglie e confezioni sottovuoto per garantire la stabilit\u00e0 dei materiali.<\/span><\/p>\n<h2><span style=\"font-family: arial, helvetica, sans-serif; font-size: 14pt;\">Controllo di qualit\u00e0:<\/span><\/h2>\n<p><span style=\"font-family: arial, helvetica, sans-serif; font-size: 12pt;\">Ogni lotto di merci \u00e8 accompagnato da COA e rapporto di analisi, le merci sono tutte qualificate, non esitate a ordinare.<\/span><\/p>\n","protected":false},"excerpt":{"rendered":"<p><span style=\"font-family: arial, helvetica, sans-serif; font-size: 12pt;\">I granuli di lega di zinco e alluminio sono materiali granulari costituiti da una miscela di due metalli, zinco (Zn) e alluminio (Al), in un certo rapporto.<\/span><\/p>\n<p><span style=\"font-family: arial, helvetica, sans-serif; font-size: 12pt;\">VIMATERIAL \u00e8 in grado di fornire granuli in lega di zinco e alluminio in vari pacchetti e specifiche, i granuli in lega di zinco e alluminio prodotti dalla nostra azienda sono caratterizzati da elevata purezza e qualit\u00e0 eccellente e la risposta dei nostri clienti a questo prodotto \u00e8 molto buona.<\/span><\/p>\n","protected":false},"featured_media":1003534,"comment_status":"open","ping_status":"closed","template":"","meta":{"_acf_changed":false},"product_brand":[],"product_cat":[198],"product_tag":[],"class_list":{"0":"post-1018566","1":"product","2":"type-product","3":"status-publish","4":"has-post-thumbnail","6":"product_cat-materiali-per-levaporazione","8":"first","9":"instock","10":"shipping-taxable","11":"purchasable","12":"product-type-variable"},"acf":[],"_links":{"self":[{"href":"https:\/\/vimaterial.de\/it\/wp-json\/wp\/v2\/product\/1018566","targetHints":{"allow":["GET"]}}],"collection":[{"href":"https:\/\/vimaterial.de\/it\/wp-json\/wp\/v2\/product"}],"about":[{"href":"https:\/\/vimaterial.de\/it\/wp-json\/wp\/v2\/types\/product"}],"replies":[{"embeddable":true,"href":"https:\/\/vimaterial.de\/it\/wp-json\/wp\/v2\/comments?post=1018566"}],"wp:featuredmedia":[{"embeddable":true,"href":"https:\/\/vimaterial.de\/it\/wp-json\/wp\/v2\/media\/1003534"}],"wp:attachment":[{"href":"https:\/\/vimaterial.de\/it\/wp-json\/wp\/v2\/media?parent=1018566"}],"wp:term":[{"taxonomy":"product_brand","embeddable":true,"href":"https:\/\/vimaterial.de\/it\/wp-json\/wp\/v2\/product_brand?post=1018566"},{"taxonomy":"product_cat","embeddable":true,"href":"https:\/\/vimaterial.de\/it\/wp-json\/wp\/v2\/product_cat?post=1018566"},{"taxonomy":"product_tag","embeddable":true,"href":"https:\/\/vimaterial.de\/it\/wp-json\/wp\/v2\/product_tag?post=1018566"}],"curies":[{"name":"wp","href":"https:\/\/api.w.org\/{rel}","templated":true}]}}