{"id":1018316,"date":"2024-06-17T15:04:30","date_gmt":"2024-06-17T07:04:30","guid":{"rendered":"https:\/\/vimaterial.de\/product\/bromuro-di-zinco\/"},"modified":"2025-03-26T15:04:24","modified_gmt":"2025-03-26T07:04:24","slug":"bromuro-di-zinco","status":"publish","type":"product","link":"https:\/\/vimaterial.de\/it\/product\/bromuro-di-zinco\/","title":{"rendered":"Bromuro di zinco"},"content":{"rendered":"<p><span style=\"font-family: arial, helvetica, sans-serif;\">Il bromuro di zinco \u00e8 un composto inorganico con formula chimica ZnBr<sub>2<\/sub>. \u00c8 un cristallo incolore o giallastro e solido a temperatura ambiente. <\/span><\/p>\n<p><span style=\"font-family: arial, helvetica, sans-serif;\">VIMATERIAL \u00e8 in grado di fornire polvere di bromuro di zinco in una variet\u00e0 di confezioni e specifiche. La polvere di bromuro di zinco prodotta dalla nostra azienda si caratterizza per la sua elevata purezza e l&#8217;eccellente qualit\u00e0, e la risposta dei nostri clienti a questo prodotto \u00e8 molto buona. Il bromuro di zinco come catalizzatore pu\u00f2 migliorare la promozione della reazione, nella produzione industriale attuale ha un ruolo indispensabile. <\/span><\/p>\n<p><span style=\"color: #0000ff;\"><a style=\"color: #0000ff;\" href=\"https:\/\/vimaterial.de\/it\/contatto\/\"><span style=\"font-family: arial, helvetica, sans-serif;\">Contattaci.<\/span><\/a><\/span><\/p>\n<h2><span style=\"font-family: arial, helvetica, sans-serif; font-size: 14pt;\">Propriet\u00e0 fisiche<\/span><\/h2>\n<p><span style=\"font-family: arial, helvetica, sans-serif;\">Formula molecolare: ZnBr<sub>2<\/sub><\/span><\/p>\n<p><span style=\"font-family: arial, helvetica, sans-serif;\">Peso molecolare: 225.217.<\/span><\/p>\n<p><span style=\"font-family: arial, helvetica, sans-serif;\">Aspetto: polvere cristallina rombica bianca, sono presenti anche casi di cristalli del sistema cristallino romboedrico incolore.<\/span><\/p>\n<p><span style=\"font-family: arial, helvetica, sans-serif;\">Densit\u00e0: la densit\u00e0 relativa \u00e8 di 4,22 kg\/m\u00b3; a 25\u00b0C la densit\u00e0 \u00e8 di 4,201 g\/cm\u00b3.<\/span><\/p>\n<p><span style=\"font-family: arial, helvetica, sans-serif;\">Punto di fusione: 394\u00b0C.<\/span><\/p>\n<p><span style=\"font-family: arial, helvetica, sans-serif;\">Punto di ebollizione: 697\u00b0C; \u00c8 stato riportato anche un punto di ebollizione di 650\u00b0C.<\/span><\/p>\n<p><span style=\"font-family: arial, helvetica, sans-serif;\">Struttura cristallina: cristalli del sistema romboedrico incolore o cristalli rombici bianchi.<\/span><\/p>\n<h2><span style=\"font-family: arial, helvetica, sans-serif; font-size: 14pt;\">Applicazioni<\/span><\/h2>\n<p><span style=\"font-family: arial, helvetica, sans-serif;\">1. Il bromuro di zinco \u00e8 comunemente usato nelle reazioni di sintesi organica, soprattutto come reagente alogenato.<\/span><\/p>\n<p><span style=\"font-family: arial, helvetica, sans-serif;\">2. Pu\u00f2 essere utilizzato come materiale anodico per batterie allo zinco per migliorare le prestazioni della batteria.<\/span><\/p>\n<p><span style=\"font-family: arial, helvetica, sans-serif;\">3. Ha anche applicazioni nella preparazione di catalizzatori per l&#8217;attivazione della luce visibile.<\/span><\/p>\n<h2><span style=\"font-size: 14pt; font-family: arial, helvetica, sans-serif;\">Imballaggio e stoccaggio<\/span><\/h2>\n<p><span style=\"font-family: arial, helvetica, sans-serif;\">L&#8217;imballaggio pu\u00f2 essere personalizzato. I materiali in polvere possono essere confezionati in sacchetti sottovuoto, barattoli sottovuoto, bottiglie sottovuoto, ecc. <\/span><\/p>\n<p><span style=\"font-family: arial, helvetica, sans-serif;\">I materiali in polvere vengono conservati asciutti e confezionati in confezioni sigillate per garantire la stabilit\u00e0 del materiale.<\/span><\/p>\n<h2><span style=\"font-size: 14pt; font-family: arial, helvetica, sans-serif;\">Controllo qualit\u00e0<\/span><\/h2>\n<p><span style=\"font-family: arial, helvetica, sans-serif;\">Ogni lotto di merci ha un COA di accompagnamento e un rapporto di analisi, le merci sono tutte qualificate, ti assicuriamo che l&#8217;ordine.<\/span><\/p>\n","protected":false},"excerpt":{"rendered":"<p><span style=\"font-family: arial, helvetica, sans-serif;\">Il bromuro di zinco \u00e8 un composto inorganico con formula chimica ZnBr<sub>2<\/sub>. \u00c8 un cristallo incolore o giallastro e solido a temperatura ambiente. <\/span><\/p>\n<p><span style=\"font-family: arial, helvetica, sans-serif;\">VIMATERIAL \u00e8 in grado di fornire polvere di bromuro di zinco in una variet\u00e0 di confezioni e specifiche. La polvere di bromuro di zinco prodotta dalla nostra azienda si caratterizza per la sua elevata purezza e l&#8217;eccellente qualit\u00e0, e la risposta dei nostri clienti a questo prodotto \u00e8 molto buona. Il bromuro di zinco come catalizzatore pu\u00f2 migliorare la promozione della reazione, nella produzione industriale attuale ha un ruolo indispensabile.<\/span><\/p>\n","protected":false},"featured_media":1003554,"comment_status":"open","ping_status":"closed","template":"","meta":{"_acf_changed":false},"product_brand":[],"product_cat":[201],"product_tag":[],"class_list":{"0":"post-1018316","1":"product","2":"type-product","3":"status-publish","4":"has-post-thumbnail","6":"product_cat-materiali-a-base-di-alogenuri","8":"first","9":"instock","10":"shipping-taxable","11":"purchasable","12":"product-type-variable"},"acf":[],"_links":{"self":[{"href":"https:\/\/vimaterial.de\/it\/wp-json\/wp\/v2\/product\/1018316","targetHints":{"allow":["GET"]}}],"collection":[{"href":"https:\/\/vimaterial.de\/it\/wp-json\/wp\/v2\/product"}],"about":[{"href":"https:\/\/vimaterial.de\/it\/wp-json\/wp\/v2\/types\/product"}],"replies":[{"embeddable":true,"href":"https:\/\/vimaterial.de\/it\/wp-json\/wp\/v2\/comments?post=1018316"}],"wp:featuredmedia":[{"embeddable":true,"href":"https:\/\/vimaterial.de\/it\/wp-json\/wp\/v2\/media\/1003554"}],"wp:attachment":[{"href":"https:\/\/vimaterial.de\/it\/wp-json\/wp\/v2\/media?parent=1018316"}],"wp:term":[{"taxonomy":"product_brand","embeddable":true,"href":"https:\/\/vimaterial.de\/it\/wp-json\/wp\/v2\/product_brand?post=1018316"},{"taxonomy":"product_cat","embeddable":true,"href":"https:\/\/vimaterial.de\/it\/wp-json\/wp\/v2\/product_cat?post=1018316"},{"taxonomy":"product_tag","embeddable":true,"href":"https:\/\/vimaterial.de\/it\/wp-json\/wp\/v2\/product_tag?post=1018316"}],"curies":[{"name":"wp","href":"https:\/\/api.w.org\/{rel}","templated":true}]}}