{"id":1018308,"date":"2024-06-17T15:04:29","date_gmt":"2024-06-17T07:04:29","guid":{"rendered":"https:\/\/vimaterial.de\/product\/lega-di-zinco-e-alluminio\/"},"modified":"2025-03-26T15:26:11","modified_gmt":"2025-03-26T07:26:11","slug":"lega-di-zinco-e-alluminio","status":"publish","type":"product","link":"https:\/\/vimaterial.de\/it\/product\/lega-di-zinco-e-alluminio\/","title":{"rendered":"Lega di zinco e alluminio"},"content":{"rendered":"<p><span style=\"font-family: arial, helvetica, sans-serif; font-size: 12pt;\">Il bersaglio in lega di zinco e alluminio \u00e8 un importante bersaglio per lo sputtering della lega con molte propriet\u00e0 e un&#8217;ampia gamma di applicazioni.<\/span><\/p>\n<p><span style=\"font-family: arial, helvetica, sans-serif; font-size: 12pt;\">VIMATERIAL \u00e8 in grado di fornire l&#8217;obiettivo della lega di zinco e alluminio in vari pacchetti e specifiche, prodotto dalla nostra azienda ha le caratteristiche di elevata purezza e qualit\u00e0 eccellente, e la risposta dei nostri clienti a questo prodotto \u00e8 molto buona. Ha un&#8217;elevata purezza ed eccellenti propriet\u00e0 di sputtering, indispensabili nella produzione industriale pratica.<\/span><\/p>\n<p><span style=\"color: #0000ff;\"><a style=\"color: #0000ff;\" href=\"https:\/\/vimaterial.de\/it\/contatto\/\">Contattaci.<\/a><\/span><\/p>\n<h2><span style=\"font-family: arial, helvetica, sans-serif; font-size: 14pt;\">Propriet\u00e0 fisiche:<\/span><\/h2>\n<p><span style=\"font-family: arial, helvetica, sans-serif; font-size: 12pt;\">Aspetto: Solitamente granuli grigio-argento o biancastro.<\/span><\/p>\n<p><span style=\"font-family: arial, helvetica, sans-serif; font-size: 12pt;\">Densit\u00e0: La densit\u00e0 \u00e8 compresa tra quella dello zinco e quella dell&#8217;alluminio. La densit\u00e0 delle particelle di lega di zinco e alluminio varia con il rapporto tra zinco e alluminio. <\/span><\/p>\n<p><span style=\"font-family: arial, helvetica, sans-serif; font-size: 12pt;\">Punto di fusione: Ha un punto di fusione inferiore rispetto allo zinco puro.<\/span><\/p>\n<h2><span style=\"font-family: arial, helvetica, sans-serif; font-size: 14pt;\">Applicazione:<\/span><\/h2>\n<p><span style=\"font-family: arial, helvetica, sans-serif; font-size: 12pt;\">Industria elettronica: nella produzione di circuiti integrati a semiconduttore, i target in lega di zinco e alluminio possono essere utilizzati per preparare film conduttivi.<\/span><\/p>\n<p><span style=\"font-family: arial, helvetica, sans-serif; font-size: 12pt;\">Campo ottico: pu\u00f2 essere utilizzato per la preparazione di pellicole ottiche, come pellicole di miglioramento della trasmittanza e pellicole riflettenti.<\/span><\/p>\n<p><span style=\"font-family: arial, helvetica, sans-serif; font-size: 12pt;\">Campo dell&#8217;energia solare: nella produzione di celle solari, i bersagli in lega di zinco e alluminio possono essere utilizzati nella preparazione di celle solari.<\/span><\/p>\n<p><span style=\"font-family: arial, helvetica, sans-serif; font-size: 12pt;\">Campo di rivestimento decorativo: pu\u00f2 essere utilizzato per il rivestimento decorativo sulla superficie di metallo, vetro, ceramica e altri materiali.<\/span><\/p>\n<h2><span style=\"font-family: arial, helvetica, sans-serif; font-size: 14pt;\">Imballaggio e conservazione:<\/span><\/h2>\n<p><span style=\"font-family: arial, helvetica, sans-serif; font-size: 12pt;\">L&#8217;imballaggio e lo stoccaggio dei materiali target saranno gestiti in stretta conformit\u00e0 con i requisiti pertinenti, selezionando materiali di imballaggio e condizioni di conservazione adeguati, adottando metodi di conservazione scientifici e ragionevoli ed effettuando ispezioni e manutenzioni regolari, in modo da garantire che la qualit\u00e0 e le prestazioni dei materiali target siano stabili, prolungare la loro durata e soddisfare le esigenze della produzione e della ricerca scientifica.<\/span><\/p>\n<h2><span style=\"font-family: arial, helvetica, sans-serif; font-size: 14pt;\">Controllo di qualit\u00e0:<\/span><\/h2>\n<p><span style=\"font-family: arial, helvetica, sans-serif; font-size: 12pt;\">Ogni lotto di merci ha un COA di accompagnamento e un rapporto di analisi, le merci sono tutte qualificate, ti assicuriamo che l&#8217;ordine.<\/span><\/p>\n","protected":false},"excerpt":{"rendered":"<p><span style=\"font-family: arial, helvetica, sans-serif; font-size: 12pt;\">Il bersaglio in lega di zinco e alluminio \u00e8 un importante bersaglio per lo sputtering della lega con molte propriet\u00e0 e un&#8217;ampia gamma di applicazioni.<\/span><\/p>\n<p><span style=\"font-family: arial, helvetica, sans-serif; font-size: 12pt;\">VIMATERIAL \u00e8 in grado di fornire l&#8217;obiettivo della lega di zinco e alluminio in vari pacchetti e specifiche, prodotto dalla nostra azienda ha le caratteristiche di elevata purezza e qualit\u00e0 eccellente, e la risposta dei nostri clienti a questo prodotto \u00e8 molto buona. Ha un&#8217;elevata purezza ed eccellenti propriet\u00e0 di sputtering, indispensabili nella produzione industriale pratica.<\/span><\/p>\n","protected":false},"featured_media":1003541,"comment_status":"open","ping_status":"closed","template":"","meta":{"_acf_changed":false},"product_brand":[],"product_cat":[197],"product_tag":[],"class_list":{"0":"post-1018308","1":"product","2":"type-product","3":"status-publish","4":"has-post-thumbnail","6":"product_cat-obiettivi-di-sputtering-planari","8":"first","9":"instock","10":"shipping-taxable","11":"product-type-variable"},"acf":[],"_links":{"self":[{"href":"https:\/\/vimaterial.de\/it\/wp-json\/wp\/v2\/product\/1018308","targetHints":{"allow":["GET"]}}],"collection":[{"href":"https:\/\/vimaterial.de\/it\/wp-json\/wp\/v2\/product"}],"about":[{"href":"https:\/\/vimaterial.de\/it\/wp-json\/wp\/v2\/types\/product"}],"replies":[{"embeddable":true,"href":"https:\/\/vimaterial.de\/it\/wp-json\/wp\/v2\/comments?post=1018308"}],"wp:featuredmedia":[{"embeddable":true,"href":"https:\/\/vimaterial.de\/it\/wp-json\/wp\/v2\/media\/1003541"}],"wp:attachment":[{"href":"https:\/\/vimaterial.de\/it\/wp-json\/wp\/v2\/media?parent=1018308"}],"wp:term":[{"taxonomy":"product_brand","embeddable":true,"href":"https:\/\/vimaterial.de\/it\/wp-json\/wp\/v2\/product_brand?post=1018308"},{"taxonomy":"product_cat","embeddable":true,"href":"https:\/\/vimaterial.de\/it\/wp-json\/wp\/v2\/product_cat?post=1018308"},{"taxonomy":"product_tag","embeddable":true,"href":"https:\/\/vimaterial.de\/it\/wp-json\/wp\/v2\/product_tag?post=1018308"}],"curies":[{"name":"wp","href":"https:\/\/api.w.org\/{rel}","templated":true}]}}