{"id":1018286,"date":"2024-06-17T15:04:30","date_gmt":"2024-06-17T07:04:30","guid":{"rendered":"https:\/\/vimaterial.de\/product\/bromuro-di-zinco-idrato\/"},"modified":"2025-03-26T14:52:47","modified_gmt":"2025-03-26T06:52:47","slug":"bromuro-di-zinco-idrato","status":"publish","type":"product","link":"https:\/\/vimaterial.de\/it\/product\/bromuro-di-zinco-idrato\/","title":{"rendered":"Bromuro di zinco idrato"},"content":{"rendered":"<p><span style=\"font-family: arial, helvetica, sans-serif;\">Il bromuro di zinco idrato \u00e8 un idrato di bromuro di zinco, cio\u00e8 un composto di bromuro di zinco contenente acqua di cristallizzazione.<\/span><\/p>\n<p><span style=\"font-family: arial, helvetica, sans-serif;\">VIMATERIAL \u00e8 in grado di fornire polvere di ossido di zinco in varie confezioni e specifiche, la nostra azienda produce polvere di idrato di bromuro di zinco con elevata purezza e qualit\u00e0 eccellente, i nostri clienti hanno una buona risposta alla qualit\u00e0 del prodotto. L&#8217;idrato di bromuro di zinco pu\u00f2 essere utilizzato come catalizzatore per migliorare le propriet\u00e0 del materiale e ha un idrato di bromuro di zinco come catalizzatore pu\u00f2 migliorare le propriet\u00e0 dei materiali e ha un ruolo indispensabile nella produzione industriale pratica.<\/span><\/p>\n<p><span style=\"color: #0000ff;\"><a style=\"color: #0000ff;\" href=\"https:\/\/vimaterial.de\/it\/contatto\/\">Contattaci.<\/a><\/span><\/p>\n<h2><span style=\"font-family: arial, helvetica, sans-serif; font-size: 14pt;\"> Propriet\u00e0 fisiche:<\/span><\/h2>\n<p><span style=\"font-family: arial, helvetica, sans-serif;\">Formula molecolare: generalmente espressa come ZnBr<sub>2-xH<\/sub> <sub>2<\/sub>O, dove x \u00e8 il numero di molecole idratate, comunemente per il bromuro di zinco diidrato, cio\u00e8 x = 2, a quel punto la formula molecolare \u00e8 ZnBr<sub>2-2H<\/sub> <sub>2<\/sub>O.<\/span><\/p>\n<p><span style=\"font-family: arial, helvetica, sans-serif;\">Peso molecolare: Per il bromuro di zinco diidrato, il peso molecolare \u00e8 261,22.<\/span><\/p>\n<p><span style=\"font-family: arial, helvetica, sans-serif;\">Aspetto: Solitamente cristalli bianchi.<\/span><\/p>\n<p><span style=\"font-family: arial, helvetica, sans-serif;\">Densit\u00e0: La densit\u00e0 dell&#8217;idrato di bromuro di zinco pu\u00f2 variare a seconda del grado di idratazione, ma non sono disponibili dati esatti.<\/span><\/p>\n<p><span style=\"font-family: arial, helvetica, sans-serif;\">Punto di fusione: Il bromuro di zinco diidrato ha un punto di fusione superiore a 300 \u00b0C.<\/span><\/p>\n<p><span style=\"font-family: arial, helvetica, sans-serif;\">Punto di ebollizione: Non sono disponibili informazioni specifiche.<\/span><\/p>\n<p><span style=\"font-family: arial, helvetica, sans-serif;\">Struttura cristallina: i dati specifici sulla struttura cristallina sono pi\u00f9 specializzati e complessi e di solito devono essere determinati con metodi di ricerca cristallografica specializzati.<\/span><\/p>\n<h2><span style=\"font-family: arial, helvetica, sans-serif; font-size: 14pt;\">Applicazioni:<\/span><\/h2>\n<p><span style=\"font-family: arial, helvetica, sans-serif;\">Catalizzatore: pu\u00f2 essere utilizzato come catalizzatore per partecipare a una variet\u00e0 di reazioni organiche, come nella reazione di alchilazione di Friedel-Crafts, nella reazione di eterificazione di Friedel-Crafts, ecc. Promuove la reazione di condensazione tra idrocarburi aromatici e alcoli, acidi o eteri e viene utilizzato per la sintesi di composti aromatici e questi prodotti sono ampiamente utilizzati nelle industrie farmaceutiche, dei profumi e dei coloranti. <\/span><\/p>\n<p><span style=\"font-family: arial, helvetica, sans-serif;\">Reagenti per bromurazione: Fornire ioni bromo per partecipare alla reazione di bromurazione dei composti organici, aiutando a introdurre atomi di bromo in molecole organiche, in modo da sintetizzare bromuri organici con strutture e funzioni specifiche.<\/span><\/p>\n<p><span style=\"font-family: arial, helvetica, sans-serif;\">Partecipare alla costruzione di composti eterociclici: Ha un effetto facilitante sulla reazione sintetica di alcuni composti eterociclici come il carbazolo e il tiofene, che \u00e8 di grande importanza nella ricerca e nello sviluppo di farmaci e nella sintesi di materiali organici.<\/span><\/p>\n<h2><span style=\"font-family: arial, helvetica, sans-serif; font-size: 14pt;\">Imballaggio e conservazione:<\/span><\/h2>\n<p><span style=\"font-family: arial, helvetica, sans-serif;\">L&#8217;imballaggio pu\u00f2 essere personalizzato. I materiali in polvere possono essere confezionati in sacchetti sottovuoto, barattoli sottovuoto, bottiglie sottovuoto, ecc. <\/span><\/p>\n<p><span style=\"font-family: arial, helvetica, sans-serif;\">I materiali in polvere vengono conservati asciutti e confezionati in confezioni sigillate per garantire la stabilit\u00e0 del materiale.<\/span><\/p>\n<h2><span style=\"font-family: arial, helvetica, sans-serif; font-size: 14pt;\">Controllo di qualit\u00e0:<\/span><\/h2>\n<p><span style=\"font-family: arial, helvetica, sans-serif;\">Ogni lotto di merci ha un COA di accompagnamento e un rapporto di analisi, le merci sono tutte qualificate, ti assicuriamo che l&#8217;ordine.<\/span><\/p>\n","protected":false},"excerpt":{"rendered":"<p><span style=\"font-family: arial, helvetica, sans-serif;\">Il bromuro di zinco idrato \u00e8 un idrato di bromuro di zinco, cio\u00e8 un composto di bromuro di zinco contenente acqua di cristallizzazione.<\/span><\/p>\n<p><span style=\"font-family: arial, helvetica, sans-serif;\">VIMATERIAL \u00e8 in grado di fornire polvere di ossido di zinco in varie confezioni e specifiche, la nostra azienda produce polvere di idrato di bromuro di zinco con elevata purezza e qualit\u00e0 eccellente, i nostri clienti hanno una buona risposta alla qualit\u00e0 del prodotto. L&#8217;idrato di bromuro di zinco pu\u00f2 essere utilizzato come catalizzatore per migliorare le propriet\u00e0 del materiale e ha un idrato di bromuro di zinco come catalizzatore pu\u00f2 migliorare le propriet\u00e0 dei materiali e ha un ruolo indispensabile nella produzione industriale pratica.<\/span><\/p>\n","protected":false},"featured_media":1003554,"comment_status":"open","ping_status":"closed","template":"","meta":{"_acf_changed":false},"product_brand":[],"product_cat":[201],"product_tag":[],"class_list":{"0":"post-1018286","1":"product","2":"type-product","3":"status-publish","4":"has-post-thumbnail","6":"product_cat-materiali-a-base-di-alogenuri","8":"first","9":"instock","10":"shipping-taxable","11":"product-type-variable"},"acf":[],"_links":{"self":[{"href":"https:\/\/vimaterial.de\/it\/wp-json\/wp\/v2\/product\/1018286","targetHints":{"allow":["GET"]}}],"collection":[{"href":"https:\/\/vimaterial.de\/it\/wp-json\/wp\/v2\/product"}],"about":[{"href":"https:\/\/vimaterial.de\/it\/wp-json\/wp\/v2\/types\/product"}],"replies":[{"embeddable":true,"href":"https:\/\/vimaterial.de\/it\/wp-json\/wp\/v2\/comments?post=1018286"}],"wp:featuredmedia":[{"embeddable":true,"href":"https:\/\/vimaterial.de\/it\/wp-json\/wp\/v2\/media\/1003554"}],"wp:attachment":[{"href":"https:\/\/vimaterial.de\/it\/wp-json\/wp\/v2\/media?parent=1018286"}],"wp:term":[{"taxonomy":"product_brand","embeddable":true,"href":"https:\/\/vimaterial.de\/it\/wp-json\/wp\/v2\/product_brand?post=1018286"},{"taxonomy":"product_cat","embeddable":true,"href":"https:\/\/vimaterial.de\/it\/wp-json\/wp\/v2\/product_cat?post=1018286"},{"taxonomy":"product_tag","embeddable":true,"href":"https:\/\/vimaterial.de\/it\/wp-json\/wp\/v2\/product_tag?post=1018286"}],"curies":[{"name":"wp","href":"https:\/\/api.w.org\/{rel}","templated":true}]}}