{"id":1018253,"date":"2024-06-17T15:05:18","date_gmt":"2024-06-17T07:05:18","guid":{"rendered":"https:\/\/vimaterial.de\/product\/fluoruro-di-zinco\/"},"modified":"2025-03-25T14:29:24","modified_gmt":"2025-03-25T06:29:24","slug":"fluoruro-di-zinco","status":"publish","type":"product","link":"https:\/\/vimaterial.de\/it\/product\/fluoruro-di-zinco\/","title":{"rendered":"Fluoruro di zinco"},"content":{"rendered":"<p>La polvere di <span style=\"color: #0000ff;\"><a style=\"color: #0000ff;\" href=\"https:\/\/vimaterial.de\/it\/product\/fluoruro-di-zinco-2\/\">fluoruro di zinco<\/a><\/span> \u00e8 una polvere cristallina bianca, il componente principale \u00e8 il fluoruro di zinco, chimicamente stabile, in determinate condizioni pu\u00f2 essere utilizzato nel trattamento delle superfici metalliche, nei materiali ottici e nella sintesi chimica e in altri campi.<\/p>\n<p><span style=\"color: #0000ff;\"><a style=\"color: #0000ff;\" href=\"https:\/\/vimaterial.de\/it\/su-di-noi\/\">VIMATERIIAL<\/a> <\/span>pu\u00f2 fornire polvere di fluoruro di zinco di elevata purezza dal 99,99% in su, la nostra polvere ha un&#8217;elevata purezza e buone prestazioni e i nostri clienti hanno risposto all&#8217;uso di buoni risultati. Siamo un fornitore professionale di prodotti chimici inorganici, abbiamo molti prodotti tra cui scegliere, se avete domande non esitate<span style=\"color: #0000ff;\"> <a style=\"color: #0000ff;\" href=\"https:\/\/vimaterial.de\/it\/contatto\/\">a contattarci.<\/a><\/span><\/p>\n<h2><span style=\"font-size: 14pt;\">Propriet\u00e0 fisiche<\/span><\/h2>\n<p>Formula molecolare: ZnF\u2082<\/p>\n<p>Peso molecolare: 103,4058<\/p>\n<p>Aspetto: cristallo dell&#8217;ago incolore<\/p>\n<p>Densit\u00e0: 4,95 g\/cm\u00b3<\/p>\n<p>Punto di fusione: 872\u00b0C<\/p>\n<p>Punto di ebollizione: 1500\u00b0C<\/p>\n<p>Struttura cristallina: Struttura cristallina rutilo<\/p>\n<h2><span style=\"font-size: 14pt;\">Composizione chimica<\/span><\/h2>\n<table style=\"border-collapse: collapse; width: 100%; height: 97px;\">\n<tbody>\n<tr style=\"height: 51px;\">\n<td style=\"width: 11.1111%; height: 51px;\" colspan=\"9\">\n<p style=\"text-align: center;\"><strong><span style=\"font-size: 12pt;\">composizione del fluoruro di zinco (in peso%)<\/span><\/strong><\/p>\n<\/td>\n<\/tr>\n<tr style=\"height: 23px;\">\n<td style=\"width: 11.1111%; height: 23px; text-align: center;\">ZnF\u2082<\/td>\n<td style=\"width: 11.1111%; height: 23px; text-align: center;\">Cu<\/td>\n<td style=\"width: 11.1111%; height: 23px; text-align: center;\">Fe<\/td>\n<td style=\"width: 11.1111%; height: 23px; text-align: center;\">Ni<\/td>\n<td style=\"width: 11.1111%; height: 23px; text-align: center;\">Al<\/td>\n<td style=\"width: 11.1111%; height: 23px; text-align: center;\">W<\/td>\n<td style=\"width: 11.1111%; height: 23px; text-align: center;\">Ni<\/td>\n<td style=\"width: 11.1111%; height: 23px; text-align: center;\">Pb<\/td>\n<td style=\"width: 11.1111%; height: 23px; text-align: center;\">Cd<\/td>\n<\/tr>\n<tr style=\"height: 23px;\">\n<td style=\"width: 11.1111%; height: 23px; text-align: center;\">99.99<\/td>\n<td style=\"width: 11.1111%; height: 23px; text-align: center;\">0.003<\/td>\n<td style=\"width: 11.1111%; height: 23px; text-align: center;\">0.003<\/td>\n<td style=\"width: 11.1111%; height: 23px; text-align: center;\">0.001<\/td>\n<td style=\"width: 11.1111%; height: 23px; text-align: center;\">0.0008<\/td>\n<td style=\"width: 11.1111%; height: 23px; text-align: center;\">0.0002<\/td>\n<td style=\"width: 11.1111%; height: 23px; text-align: center;\">0.0001<\/td>\n<td style=\"width: 11.1111%; height: 23px; text-align: center;\">0.0001<\/td>\n<td style=\"width: 11.1111%; height: 23px; text-align: center;\">0.0001<\/td>\n<\/tr>\n<\/tbody>\n<\/table>\n<h2><span style=\"font-size: 14pt;\">Applicazioni<\/span><\/h2>\n<p>Industria chimica: \u00e8 un&#8217;importante materia prima per la produzione di composti contenenti fluoro come l&#8217;acido fluoridrico, gli idroclorofluorocarburi e il fluoruro acido.<\/p>\n<p>Industria elettronica: viene utilizzato per la preparazione di pellicole conduttive trasparenti e materiali di rivestimento e come materiali di incapsulamento per componenti elettronici.<\/p>\n<p>Campo ottico: pu\u00f2 essere utilizzato nella produzione di vetro ottico ad alta purezza e fibra ottica, e pu\u00f2 essere utilizzato anche nella preparazione di rivestimenti ottici, come i rivestimenti antiriflesso.<\/p>\n<p>Industria ceramica: aggiunto allo smalto ceramico pu\u00f2 migliorare la resistenza alla corrosione dello smalto e migliorare la durezza e la lucentezza della ceramica.<\/p>\n<p>Campo di saldatura: pu\u00f2 essere utilizzato come uno dei componenti del materiale per brasatura in alluminio e acciaio con connessioni dissimili.<\/p>\n<p>Reagente analitico: utilizzato come reagente in chimica analitica per il test e l&#8217;analisi di altre sostanze.<\/p>\n<p>Catalizzatore: come catalizzatore dell&#8217;acido di Lewis, pu\u00f2 essere utilizzato nella reazione di esterificazione, nella reazione di idrossialdeide di Mukaiyama, nella reazione di Mannich, nella reazione di alchilazione di Fourier, nella reazione di allilazione, ecc. Pu\u00f2 anche essere utilizzato come additivo per partecipare a molti processi di conversione catalitica.<\/p>\n<h2><span style=\"font-size: 14pt;\">Imballaggio<\/span><\/h2>\n<p>Sacchetti o bottiglie sottovuoto a doppio strato, in base alle esigenze del cliente, l&#8217;unit\u00e0 di confezionamento minima \u00e8 di 25 g.<\/p>\n<h2><span style=\"font-size: 12pt;\">Controllo qualit\u00e0<\/span><\/h2>\n<p><span style=\"color: #0000ff;\"><a style=\"color: #0000ff;\" href=\"https:\/\/vimaterial.de\/it\/controllo-qualita\/\">Ogni lotto<\/a><\/span> sar\u00e0 ispezionato e accompagnato da un rapporto di ispezione, altre ispezioni possono essere eseguite in base alle esigenze del cliente e verranno allegati rapporti di ispezione.<\/p>\n<h2><span style=\"font-size: 14pt;\">Immagazzinamento<\/span><\/h2>\n<p>La polvere di fluoruro di zinco deve essere conservata in un ambiente asciutto, fresco e ben ventilato, lontano da fuoco, calore e acqua ed evitare il contatto con acidi, alcali e altre sostanze chimicamente attive.<\/p>\n","protected":false},"excerpt":{"rendered":"<p>La polvere di <span style=\"color: #0000ff;\"><a style=\"color: #0000ff;\" href=\"https:\/\/vimaterial.de\/it\/product\/fluoruro-di-zinco-2\/\">fluoruro di zinco<\/a><\/span> \u00e8 una polvere cristallina bianca, il componente principale \u00e8 il fluoruro di zinco, chimicamente stabile, in determinate condizioni pu\u00f2 essere utilizzato nel trattamento delle superfici metalliche, nei materiali ottici e nella sintesi chimica e in altri campi.<\/p>\n<p><span style=\"color: #0000ff;\"><a style=\"color: #0000ff;\" href=\"https:\/\/vimaterial.de\/it\/su-di-noi\/\">VIMATERIIAL<\/a> <\/span>pu\u00f2 fornire polvere di fluoruro di zinco di elevata purezza dal 99,99% in su, la nostra polvere ha un&#8217;elevata purezza e buone prestazioni e i nostri clienti hanno risposto all&#8217;uso di buoni risultati. Siamo un fornitore professionale di prodotti chimici inorganici, abbiamo molti prodotti tra cui scegliere, se avete domande non esitate<span style=\"color: #0000ff;\"> <a style=\"color: #0000ff;\" href=\"https:\/\/vimaterial.de\/it\/contatto\/\">a contattarci.<\/a><\/span><\/p>\n","protected":false},"featured_media":1040230,"comment_status":"open","ping_status":"closed","template":"","meta":{"_acf_changed":false},"product_brand":[],"product_cat":[201],"product_tag":[],"class_list":{"0":"post-1018253","1":"product","2":"type-product","3":"status-publish","4":"has-post-thumbnail","6":"product_cat-materiali-a-base-di-alogenuri","8":"first","9":"instock","10":"shipping-taxable","11":"purchasable","12":"product-type-variable"},"acf":[],"_links":{"self":[{"href":"https:\/\/vimaterial.de\/it\/wp-json\/wp\/v2\/product\/1018253","targetHints":{"allow":["GET"]}}],"collection":[{"href":"https:\/\/vimaterial.de\/it\/wp-json\/wp\/v2\/product"}],"about":[{"href":"https:\/\/vimaterial.de\/it\/wp-json\/wp\/v2\/types\/product"}],"replies":[{"embeddable":true,"href":"https:\/\/vimaterial.de\/it\/wp-json\/wp\/v2\/comments?post=1018253"}],"wp:featuredmedia":[{"embeddable":true,"href":"https:\/\/vimaterial.de\/it\/wp-json\/wp\/v2\/media\/1040230"}],"wp:attachment":[{"href":"https:\/\/vimaterial.de\/it\/wp-json\/wp\/v2\/media?parent=1018253"}],"wp:term":[{"taxonomy":"product_brand","embeddable":true,"href":"https:\/\/vimaterial.de\/it\/wp-json\/wp\/v2\/product_brand?post=1018253"},{"taxonomy":"product_cat","embeddable":true,"href":"https:\/\/vimaterial.de\/it\/wp-json\/wp\/v2\/product_cat?post=1018253"},{"taxonomy":"product_tag","embeddable":true,"href":"https:\/\/vimaterial.de\/it\/wp-json\/wp\/v2\/product_tag?post=1018253"}],"curies":[{"name":"wp","href":"https:\/\/api.w.org\/{rel}","templated":true}]}}