{"id":1018237,"date":"2024-06-17T15:05:18","date_gmt":"2024-06-17T07:05:18","guid":{"rendered":"https:\/\/vimaterial.de\/product\/lega-di-zinco-e-gallio\/"},"modified":"2025-03-26T14:08:32","modified_gmt":"2025-03-26T06:08:32","slug":"lega-di-zinco-e-gallio","status":"publish","type":"product","link":"https:\/\/vimaterial.de\/it\/product\/lega-di-zinco-e-gallio\/","title":{"rendered":"Lega di zinco gallio"},"content":{"rendered":"<p>Il bersaglio sputtering in <span style=\"color: #0000ff;\"><a style=\"color: #0000ff;\" href=\"https:\/\/vimaterial.de\/it\/product\/gallio-metallico-3\/\">lega di zinco gallio <\/a><\/span>\u00e8 un tipo di materiale funzionale con lega di zinco gallio come componente principale, che viene utilizzato per la tecnica di deposizione fisica del vapore per realizzare gli atomi di zinco gallio depositati sul materiale del substrato mediante bombardamento ionico, al fine di preparare il film sottile utilizzato nel campo dei semiconduttori, dell&#8217;optoelettronica e cos\u00ec via.<\/p>\n<p>Il bersaglio sputtering in lega di zinco gallio ha un&#8217;elevata purezza e il rapporto tra zinco e gallio nel target pu\u00f2 essere regolato in base alle esigenze specifiche dell&#8217;applicazione, regolando cos\u00ec con precisione le caratteristiche del target sputtering. Il bersaglio sputtering in lega di zinco gallio prodotto da VIMATERIAL ha una buona omogeneit\u00e0 e pu\u00f2 essere disponibile un servizio di legatura.<\/p>\n<h2><span style=\"font-size: 14pt;\">Propriet\u00e0 fisiche<\/span><\/h2>\n<p>Formula molecolare: ZnGa<\/p>\n<p>Aspetto: Solitamente materiale bersaglio grigio argento<\/p>\n<h2><span style=\"font-size: 14pt;\">Composizione chimica<\/span><\/h2>\n<table style=\"border-collapse: collapse; width: 100%; height: 72px;\">\n<tbody>\n<tr style=\"height: 24px;\">\n<td style=\"width: 14.2857%; text-align: center; height: 24px;\" colspan=\"7\"><strong><span style=\"font-size: 12pt;\">composizione della lega di zinco gallio (wt%)<\/span><\/strong><\/td>\n<\/tr>\n<tr style=\"height: 24px;\">\n<td style=\"width: 14.2857%; height: 24px; text-align: center;\">ZnGa<\/td>\n<td style=\"width: 14.2857%; height: 24px; text-align: center;\">Fe<\/td>\n<td style=\"width: 14.2857%; height: 24px; text-align: center;\">Cu<\/td>\n<td style=\"width: 14.2857%; height: 24px; text-align: center;\">Al<\/td>\n<td style=\"width: 14.2857%; height: 24px; text-align: center;\">Mg<\/td>\n<td style=\"width: 14.2857%; height: 24px; text-align: center;\">Si<\/td>\n<td style=\"width: 14.2857%; height: 24px; text-align: center;\">Pb<\/td>\n<\/tr>\n<tr style=\"height: 24px;\">\n<td style=\"width: 14.2857%; height: 24px; text-align: center;\">99.99<\/td>\n<td style=\"width: 14.2857%; height: 24px; text-align: center;\">0.0008<\/td>\n<td style=\"width: 14.2857%; height: 24px; text-align: center;\">0.0004<\/td>\n<td style=\"width: 14.2857%; height: 24px; text-align: center;\">0.0001<\/td>\n<td style=\"width: 14.2857%; height: 24px; text-align: center;\">0.0001<\/td>\n<td style=\"width: 14.2857%; height: 24px; text-align: center;\">0.0002<\/td>\n<td style=\"width: 14.2857%; height: 24px; text-align: center;\">0.00001<\/td>\n<\/tr>\n<\/tbody>\n<\/table>\n<h2><span style=\"font-size: 14pt;\">Applicazioni<\/span><\/h2>\n<p>Campo dei semiconduttori: utilizzato nella produzione di film sottili in dispositivi a semiconduttore, come nella fabbricazione di wafer, pu\u00f2 formare uno strato conduttivo, uno strato barriera, ecc., Per aiutare a migliorare le prestazioni e l&#8217;integrazione dei chip semiconduttori.<\/p>\n<p>Campo di visualizzazione a schermo piatto: pu\u00f2 preparare pellicole conduttive trasparenti in display a schermo piatto, come display a cristalli liquidi (LCD), diodi organici a emissione di luce (OLED) e altre tecnologie di visualizzazione, per migliorare la qualit\u00e0 del display e la conduttivit\u00e0 dello schermo.<\/p>\n<p>Campo delle celle solari: utilizzato nella deposizione di film sottili di celle solari, pu\u00f2 migliorare l&#8217;efficienza di conversione fotoelettrica e la stabilit\u00e0 delle celle solari, come elettrodi conduttivi trasparenti o altri materiali funzionali per la preparazione di film.<\/p>\n<p>Campo di rivestimento ottico: pu\u00f2 essere rivestito su lenti ottiche, finestre ottiche e altri componenti ottici, film sottili funzionali, migliorare le prestazioni dei componenti ottici, come l&#8217;aumento della trasmissione della luce, antiriflesso e cos\u00ec via.<\/p>\n<p>Campo dei dispositivi elettronici: utilizzato nella preparazione di dispositivi elettronici nell&#8217;elettrodo, nel filo e in altri componenti, grazie alla sua buona conduttivit\u00e0 e adesione al substrato, pu\u00f2 ridurre la resistenza del dispositivo elettronico, migliorare la velocit\u00e0 di trasmissione del segnale e l&#8217;affidabilit\u00e0 del dispositivo.<\/p>\n<h2><span style=\"font-size: 14pt;\">Imballaggio<\/span><\/h2>\n<p>Sacchetti sottovuoto a doppio strato, possono essere personalizzati in base alle esigenze del cliente.<\/p>\n<h2><span style=\"font-size: 14pt;\">Controllo qualit\u00e0<\/span><\/h2>\n<p><span style=\"color: #0000ff;\"><a style=\"color: #0000ff;\" href=\"https:\/\/vimaterial.de\/it\/controllo-qualita\/\">Ogni lotto<\/a> <\/span>sar\u00e0 ispezionato e accompagnato da un rapporto di ispezione, altre ispezioni possono essere eseguite in base alle esigenze del cliente e verranno allegati rapporti di ispezione.<\/p>\n<h2><span style=\"font-size: 14pt;\">Immagazzinamento<\/span><\/h2>\n<p>I bersagli sputtering in lega di zinco gallio devono essere conservati in un ambiente asciutto, fresco e ben ventilato, evitando umidit\u00e0, ossidazione, impurit\u00e0 e impatto fisico e lontano dal fuoco e da sostanze fortemente corrosive.<\/p>\n","protected":false},"excerpt":{"rendered":"<p>Il bersaglio sputtering in <span style=\"color: #0000ff;\"><a style=\"color: #0000ff;\" href=\"https:\/\/vimaterial.de\/it\/product\/gallio-metallico-3\/\">lega di zinco gallio <\/a><\/span>\u00e8 un tipo di materiale funzionale con lega di zinco gallio come componente principale, che viene utilizzato per la tecnica di deposizione fisica del vapore per realizzare gli atomi di zinco gallio depositati sul materiale del substrato mediante bombardamento ionico, al fine di preparare il film sottile utilizzato nel campo dei semiconduttori, dell&#8217;optoelettronica e cos\u00ec via.<\/p>\n<p>Il bersaglio sputtering in lega di zinco gallio ha un&#8217;elevata purezza e il rapporto tra zinco e gallio nel target pu\u00f2 essere regolato in base alle esigenze specifiche dell&#8217;applicazione, regolando cos\u00ec con precisione le caratteristiche del target sputtering.<\/p>\n<p>Il bersaglio sputtering in lega di zinco gallio prodotto da VIMATERIAL ha una buona omogeneit\u00e0 e pu\u00f2 essere disponibile un servizio di legatura.<\/p>\n","protected":false},"featured_media":1040251,"comment_status":"open","ping_status":"closed","template":"","meta":{"_acf_changed":false},"product_brand":[],"product_cat":[197],"product_tag":[],"class_list":{"0":"post-1018237","1":"product","2":"type-product","3":"status-publish","4":"has-post-thumbnail","6":"product_cat-obiettivi-di-sputtering-planari","8":"first","9":"instock","10":"shipping-taxable","11":"purchasable","12":"product-type-variable"},"acf":[],"_links":{"self":[{"href":"https:\/\/vimaterial.de\/it\/wp-json\/wp\/v2\/product\/1018237","targetHints":{"allow":["GET"]}}],"collection":[{"href":"https:\/\/vimaterial.de\/it\/wp-json\/wp\/v2\/product"}],"about":[{"href":"https:\/\/vimaterial.de\/it\/wp-json\/wp\/v2\/types\/product"}],"replies":[{"embeddable":true,"href":"https:\/\/vimaterial.de\/it\/wp-json\/wp\/v2\/comments?post=1018237"}],"wp:featuredmedia":[{"embeddable":true,"href":"https:\/\/vimaterial.de\/it\/wp-json\/wp\/v2\/media\/1040251"}],"wp:attachment":[{"href":"https:\/\/vimaterial.de\/it\/wp-json\/wp\/v2\/media?parent=1018237"}],"wp:term":[{"taxonomy":"product_brand","embeddable":true,"href":"https:\/\/vimaterial.de\/it\/wp-json\/wp\/v2\/product_brand?post=1018237"},{"taxonomy":"product_cat","embeddable":true,"href":"https:\/\/vimaterial.de\/it\/wp-json\/wp\/v2\/product_cat?post=1018237"},{"taxonomy":"product_tag","embeddable":true,"href":"https:\/\/vimaterial.de\/it\/wp-json\/wp\/v2\/product_tag?post=1018237"}],"curies":[{"name":"wp","href":"https:\/\/api.w.org\/{rel}","templated":true}]}}