{"id":1018219,"date":"2024-06-17T15:05:19","date_gmt":"2024-06-17T07:05:19","guid":{"rendered":"https:\/\/vimaterial.de\/product\/ossido-di-zinco-3\/"},"modified":"2025-03-25T14:08:48","modified_gmt":"2025-03-25T06:08:48","slug":"ossido-di-zinco-3","status":"publish","type":"product","link":"https:\/\/vimaterial.de\/it\/product\/ossido-di-zinco-3\/","title":{"rendered":"Ossido di zinco"},"content":{"rendered":"<p>I granuli di <span style=\"color: #0000ff;\"><a style=\"color: #0000ff;\" href=\"https:\/\/vimaterial.de\/it\/product\/ossido-di-zinco-2\/\">ossido di zinco<\/a><\/span> sono un tipo di materiale granulare composto da ossido di zinco, solitamente di aspetto bianco, con una certa distribuzione granulometrica, chimicamente stabile, in gomma, ceramica, vernici, prodotti farmaceutici e altri campi svolgono una variet\u00e0 di ruoli, come agente attivo di vulcanizzazione della gomma, componenti di smalti ceramici, pigmenti per vernici e medicazioni farmaceutiche e cos\u00ec via.<\/p>\n<p>VIMATERIIAL pu\u00f2 fornire granuli di ossido di zinco con purezza dal 99,9% al 99,995% nella dimensione generale di 1-6 mm, altre dimensioni specifiche possono essere personalizzate. Produciamo granuli di ossido di zinco con elevata purezza, colore puro e basse impurit\u00e0, l&#8217;imballaggio pu\u00f2 essere personalizzato, se hai bisogno di altre specifiche e dimensioni, puoi contattarci, accettiamo un servizio personalizzato, non esitare a <span style=\"color: #0000ff;\"><a style=\"color: #0000ff;\" href=\"https:\/\/vimaterial.de\/it\/contatto\/\">contattarci.<\/a><\/span><\/p>\n<h2><span style=\"font-size: 14pt;\">Propriet\u00e0 fisiche<\/span><\/h2>\n<p>Formula molecolare: ZnO<\/p>\n<p>Peso molecolare: 81,3894<\/p>\n<p>Aspetto: granulo bianco<\/p>\n<p>Densit\u00e0: 5,606 g\/cm\u00b3.<\/p>\n<p>Punto di fusione: 1975\u00b0C<\/p>\n<p>Punto di ebollizione: 2360\u00b0C<\/p>\n<p>Struttura cristallina: Struttura esagonale in zincite<\/p>\n<h2><span style=\"font-size: 14pt;\">Composizione chimica<\/span><\/h2>\n<table style=\"border-collapse: collapse; width: 100%;\">\n<tbody>\n<tr>\n<td style=\"width: 100%;\" colspan=\"6\">\n<h2 style=\"text-align: center;\"><span style=\"font-size: 14pt;\">composizione dell&#8217;ossido di zinco (in peso%)<\/span><\/h2>\n<\/td>\n<\/tr>\n<tr>\n<td style=\"width: 16.776%; text-align: center;\">ZnO<\/td>\n<td style=\"width: 16.5574%; text-align: center;\">Fe<\/td>\n<td style=\"width: 16.6667%; text-align: center;\">Cu<\/td>\n<td style=\"width: 16.6667%; text-align: center;\">Si<\/td>\n<td style=\"width: 16.6667%; text-align: center;\">Ni<\/td>\n<td style=\"width: 16.6667%; text-align: center;\">W<\/td>\n<\/tr>\n<tr>\n<td style=\"width: 16.776%; text-align: center;\">99.995<\/td>\n<td style=\"width: 16.5574%; text-align: center;\">0.0011<\/td>\n<td style=\"width: 16.6667%; text-align: center;\">0.0010<\/td>\n<td style=\"width: 16.6667%; text-align: center;\">0.0009<\/td>\n<td style=\"width: 16.6667%; text-align: center;\">0.0001<\/td>\n<td style=\"width: 16.6667%; text-align: center;\">0.0001<\/td>\n<\/tr>\n<\/tbody>\n<\/table>\n<h2><span style=\"font-size: 14pt;\">Applicazioni<\/span><\/h2>\n<p>Industria della gomma: utilizzato come agente attivo vulcanizzante, agente di rinforzo della gomma e agente anti-invecchiamento dei prodotti in gomma, pu\u00f2 migliorare le propriet\u00e0 fisiche della gomma, resistenza allo strappo, resistenza all&#8217;abrasione, ecc. E anche accelerare la velocit\u00e0 di vulcanizzazione.<\/p>\n<p>Industria del rivestimento: viene utilizzato come pigmento bianco per fornire un buon potere coprente e bianchezza; Pu\u00f2 anche essere utilizzato come assorbitore di raggi ultravioletti per proteggere il rivestimento e gli oggetti rivestiti; Pu\u00f2 migliorare l&#8217;effetto anticorrosivo nei rivestimenti anticorrosivi.<\/p>\n<p>Industria ceramica: \u00e8 un flusso nel processo di cottura della ceramica, che pu\u00f2 ridurre la temperatura di sinterizzazione e pu\u00f2 essere utilizzato anche per preparare pigmenti ceramici.<\/p>\n<p>Settore farmaceutico: ha effetti antibatterici, antinfiammatori e astringenti, e pu\u00f2 essere utilizzato nella preparazione di farmaci topici per il trattamento di infiammazioni cutanee, ustioni, traumi, ecc. Pu\u00f2 anche essere usato come materiale ausiliario medicinale.<\/p>\n<p>Campo cosmetico: \u00e8 un ingrediente comune per la protezione solare, che pu\u00f2 bloccare efficacemente i danni dei raggi ultravioletti sulla pelle; Pu\u00f2 essere utilizzato anche in fondotinta, polvere e altri cosmetici per fornire un effetto di occultamento e modifica del colore della pelle.<\/p>\n<p>Industria elettronica: pu\u00f2 essere utilizzato nella produzione di dispositivi che emettono onde acustiche superficiali, emettitori di campo, sensori, laser UV e celle solari, ecc.; Viene anche utilizzato come varistori e parafulmini nei prodotti elettronici.<\/p>\n<p>Industria delle costruzioni: l&#8217;aggiunta di nanoparticelle di ossido di zinco a nuovi tipi di cemento favorisce il miglioramento della resistenza alla compressione e delle propriet\u00e0 antivegetative dei materiali a base di cemento.<\/p>\n<p>Industria alimentare: come importante fonte di zinco, viene utilizzato negli additivi alimentari, nei cereali per la colazione e nei mangimi.<\/p>\n<h2><span style=\"font-size: 14pt;\">Imballaggio<\/span><\/h2>\n<p>Sacchetti o bottiglie sottovuoto a doppio strato, capacit\u00e0 in base alle esigenze del cliente, unit\u00e0 di confezionamento minima 50g.<\/p>\n<h2><span style=\"font-size: 14pt;\">Controllo qualit\u00e0<\/span><\/h2>\n<p><span style=\"color: #0000ff;\"><a style=\"color: #0000ff;\" href=\"https:\/\/vimaterial.de\/it\/controllo-qualita\/\">Ogni lotto<\/a> <\/span>sar\u00e0 ispezionato e accompagnato da un rapporto di ispezione, altre ispezioni possono essere eseguite in base alle esigenze del cliente e verranno allegati rapporti di ispezione.<\/p>\n<h2><span style=\"font-size: 14pt;\">Immagazzinamento<\/span><\/h2>\n<p>I granuli di ossido di zinco devono essere conservati in un ambiente asciutto e ventilato a una temperatura di 15 &#8211; 25\u00b0C, umidit\u00e0 relativa del 40% &#8211; 60%, in un imballaggio interno ben sigillato e in un imballaggio esterno resistente con materiale di imbottitura, in un luogo stabile lontano da fonti di calore, acqua e contaminazione chimica, posizionato orizzontalmente ed etichettato correttamente.<\/p>\n","protected":false},"excerpt":{"rendered":"<p>I granuli di <span style=\"color: #0000ff;\"><a style=\"color: #0000ff;\" href=\"https:\/\/vimaterial.de\/it\/product\/ossido-di-zinco-2\/\">ossido di zinco<\/a><\/span> sono un tipo di materiale granulare composto da ossido di zinco, solitamente di aspetto bianco, con una certa distribuzione granulometrica, chimicamente stabile, in gomma, ceramica, vernici, prodotti farmaceutici e altri campi svolgono una variet\u00e0 di ruoli, come agente attivo di vulcanizzazione della gomma, componenti di smalti ceramici, pigmenti per vernici e medicazioni farmaceutiche e cos\u00ec via.<\/p>\n<p>VIMATERIIAL pu\u00f2 fornire granuli di ossido di zinco con purezza dal 99,9% al 99,995% nella dimensione generale di 1-6 mm, altre dimensioni specifiche possono essere personalizzate. Produciamo granuli di ossido di zinco con elevata purezza, colore puro e basse impurit\u00e0, l&#8217;imballaggio pu\u00f2 essere personalizzato, se hai bisogno di altre specifiche e dimensioni, puoi contattarci, accettiamo un servizio personalizzato, non esitare a <span style=\"color: #0000ff;\"><a style=\"color: #0000ff;\" href=\"https:\/\/vimaterial.de\/it\/contatto\/\">contattarci.<\/a><\/span><\/p>\n","protected":false},"featured_media":1048219,"comment_status":"open","ping_status":"closed","template":"","meta":{"_acf_changed":false},"product_brand":[],"product_cat":[198],"product_tag":[],"class_list":{"0":"post-1018219","1":"product","2":"type-product","3":"status-publish","4":"has-post-thumbnail","6":"product_cat-materiali-per-levaporazione","8":"first","9":"instock","10":"shipping-taxable","11":"purchasable","12":"product-type-variable"},"acf":[],"_links":{"self":[{"href":"https:\/\/vimaterial.de\/it\/wp-json\/wp\/v2\/product\/1018219","targetHints":{"allow":["GET"]}}],"collection":[{"href":"https:\/\/vimaterial.de\/it\/wp-json\/wp\/v2\/product"}],"about":[{"href":"https:\/\/vimaterial.de\/it\/wp-json\/wp\/v2\/types\/product"}],"replies":[{"embeddable":true,"href":"https:\/\/vimaterial.de\/it\/wp-json\/wp\/v2\/comments?post=1018219"}],"wp:featuredmedia":[{"embeddable":true,"href":"https:\/\/vimaterial.de\/it\/wp-json\/wp\/v2\/media\/1048219"}],"wp:attachment":[{"href":"https:\/\/vimaterial.de\/it\/wp-json\/wp\/v2\/media?parent=1018219"}],"wp:term":[{"taxonomy":"product_brand","embeddable":true,"href":"https:\/\/vimaterial.de\/it\/wp-json\/wp\/v2\/product_brand?post=1018219"},{"taxonomy":"product_cat","embeddable":true,"href":"https:\/\/vimaterial.de\/it\/wp-json\/wp\/v2\/product_cat?post=1018219"},{"taxonomy":"product_tag","embeddable":true,"href":"https:\/\/vimaterial.de\/it\/wp-json\/wp\/v2\/product_tag?post=1018219"}],"curies":[{"name":"wp","href":"https:\/\/api.w.org\/{rel}","templated":true}]}}