{"id":1018046,"date":"2024-06-17T15:05:27","date_gmt":"2024-06-17T07:05:27","guid":{"rendered":"https:\/\/vimaterial.de\/product\/ossido-di-zinco-drogato-con-allumina\/"},"modified":"2025-04-09T17:51:34","modified_gmt":"2025-04-09T09:51:34","slug":"ossido-di-zinco-drogato-con-allumina","status":"publish","type":"product","link":"https:\/\/vimaterial.de\/it\/product\/ossido-di-zinco-drogato-con-allumina\/","title":{"rendered":"Ossido di zinco drogato con allumina (AZO)"},"content":{"rendered":"<p>Il bersaglio sputtering <span style=\"color: #0000ff;\"><a style=\"color: #0000ff;\" href=\"https:\/\/vimaterial.de\/en\/product\/alumina-doped-zinc-oxide\/\">in ossido di zinco drogato con allumina<\/a> <\/span>\u00e8 un tipo di materiale che droga l&#8217;allumina in ossido di zinco, che ha una buona conduttivit\u00e0 elettrica, stabilit\u00e0 chimica e trasparenza ottica e viene utilizzato principalmente per la preparazione di film sottili funzionali ampiamente utilizzati nei settori dell&#8217;elettronica e dell&#8217;ottica attraverso il processo di sputtering.<\/p>\n<p>VIMATERIAL \u00e8 in grado di fornire bersagli di ossido di zinco drogati con allumina in varie specifiche e i nostri bersagli AZO sono caratterizzati da un&#8217;ampia gamma di prodotti e prestazioni stabili. Siamo stati nella produzione di destinazione per molti anni e abbiamo un team di ricerca e sviluppo tecnologico professionale e possiamo accettare un servizio personalizzato. Abbiamo anche molti anni di esperienza nella rilegatura del bersaglio, se avete bisogno vi preghiamo di<span style=\"color: #0000ff;\"> <a style=\"color: #0000ff;\" href=\"https:\/\/vimaterial.de\/en\/contact-us\/\">contattarci.<\/a><\/span>  <\/p>\n<h2><span style=\"font-size: 14pt;\">Propriet\u00e0 fisiche<\/span><\/h2>\n<p>Formula molecolare: AZO (ZnO-Al2O3)<\/p>\n<p>Aspetto: solitamente bersagli in ceramica bianca o grigia<\/p>\n<p>Densit\u00e0: generalmente non inferiore a 5,56 g\/cm\u00b3.<\/p>\n<p>Punto di fusione: Il punto di fusione dell&#8217;ossido di zinco drogato con allumina \u00e8 vicino a quello dell&#8217;ossido di zinco, all&#8217;incirca sopra i 1900\u00b0C.<\/p>\n<p>Struttura cristallina: struttura esagonale della zincite, la stessa della struttura cristallina dell&#8217;ossido di zinco.<\/p>\n<h2><span style=\"font-size: 14pt;\">Applicazioni<\/span><\/h2>\n<p>Campo fotovoltaico a film sottile: utilizzato nella produzione di celle solari a film sottile, fornendo atomi bersaglio di ossido di zinco drogato con allumina per formare un film sottile per trasmettere elettroni generati da fotoni.<\/p>\n<p>Campo di visualizzazione a cristalli liquidi: elettrodo conduttivo trasparente per LCD, con basso consumo energetico, nessuna radiazione e altri vantaggi, utilizzato in una variet\u00e0 di dispositivi di visualizzazione.<\/p>\n<p>Campo touch screen: come strato conduttivo trasparente del touch screen, pu\u00f2 rilevare con precisione la posizione del tocco e condurre segnali.<\/p>\n<p>Campo di film antistatico: a causa della sua buona conduttivit\u00e0, pu\u00f2 essere utilizzato come film antistatico per eliminare l&#8217;elettricit\u00e0 statica sulla superficie degli strumenti elettronici, prevenendo il malfunzionamento e la rottura dei semiconduttori.<\/p>\n<p>Campo di schermatura delle onde elettromagnetiche: pu\u00f2 bloccare efficacemente le interferenze delle onde elettromagnetiche, utilizzato nella produzione di materiali di schermatura elettromagnetica per proteggere i componenti delle apparecchiature elettroniche.<\/p>\n<h1><span style=\"font-size: 14pt;\">Controllo qualit\u00e0<\/span><\/h1>\n<p><span style=\"color: #0000ff;\"><a style=\"color: #0000ff;\" href=\"https:\/\/vimaterial.de\/en\/quality-control\/\">Ogni lotto<\/a> <\/span>di prodotti sar\u00e0 ispezionato per composizione, microstruttura, forza legante, dimensioni e altre caratteristiche ed emetter\u00e0 rapporti di ispezione e fornir\u00e0 anche campioni dei prodotti. Ogni lotto di prodotti sar\u00e0 ispezionato per composizione, microstruttura, forza di legame, dimensioni e altre caratteristiche ed emetter\u00e0 rapporti di ispezione e fornir\u00e0 anche campioni per i clienti da ispezionare nuovamente. <\/p>\n<h2><span style=\"font-size: 14pt;\">Imballaggio e stoccaggio<\/span><\/h2>\n<p>Utilizziamo il sacco a vuoto, il doppio sacco a vuoto e, per obiettivi speciali, utilizziamo anche imballaggi in scatola per la protezione.<\/p>\n<p>I bersagli di ossido di zinco drogati con allumina devono essere collocati in un ambiente asciutto, pulito, a temperatura costante e ben ventilato, evitare umidit\u00e0, polvere, contatto con sostanze corrosive e allo stesso tempo per prevenire danni fisici come collisioni, estrusione, ecc., \u00e8 meglio utilizzare scaffali specializzati per lo stoccaggio e, se possibile, \u00e8 possibile controllare l&#8217;umidit\u00e0 e la temperatura dell&#8217;ambiente nell&#8217;intervallo appropriato per garantire che le sue prestazioni non vengano danneggiate.<\/p>\n","protected":false},"excerpt":{"rendered":"<p>Il bersaglio sputtering in ossido di zinco drogato con allumina \u00e8 un tipo di materiale che droga l&#8217;allumina in ossido di zinco, che ha una buona conduttivit\u00e0 elettrica, stabilit\u00e0 chimica e trasparenza ottica e viene utilizzato principalmente per la preparazione di film sottili funzionali ampiamente utilizzati nei settori dell&#8217;elettronica e dell&#8217;ottica attraverso il processo di sputtering.<\/p>\n","protected":false},"featured_media":1003659,"comment_status":"open","ping_status":"closed","template":"","meta":{"_acf_changed":false},"product_brand":[],"product_cat":[197],"product_tag":[],"class_list":{"0":"post-1018046","1":"product","2":"type-product","3":"status-publish","4":"has-post-thumbnail","6":"product_cat-obiettivi-di-sputtering-planari","8":"first","9":"instock","10":"shipping-taxable","11":"product-type-variable"},"acf":[],"_links":{"self":[{"href":"https:\/\/vimaterial.de\/it\/wp-json\/wp\/v2\/product\/1018046","targetHints":{"allow":["GET"]}}],"collection":[{"href":"https:\/\/vimaterial.de\/it\/wp-json\/wp\/v2\/product"}],"about":[{"href":"https:\/\/vimaterial.de\/it\/wp-json\/wp\/v2\/types\/product"}],"replies":[{"embeddable":true,"href":"https:\/\/vimaterial.de\/it\/wp-json\/wp\/v2\/comments?post=1018046"}],"wp:featuredmedia":[{"embeddable":true,"href":"https:\/\/vimaterial.de\/it\/wp-json\/wp\/v2\/media\/1003659"}],"wp:attachment":[{"href":"https:\/\/vimaterial.de\/it\/wp-json\/wp\/v2\/media?parent=1018046"}],"wp:term":[{"taxonomy":"product_brand","embeddable":true,"href":"https:\/\/vimaterial.de\/it\/wp-json\/wp\/v2\/product_brand?post=1018046"},{"taxonomy":"product_cat","embeddable":true,"href":"https:\/\/vimaterial.de\/it\/wp-json\/wp\/v2\/product_cat?post=1018046"},{"taxonomy":"product_tag","embeddable":true,"href":"https:\/\/vimaterial.de\/it\/wp-json\/wp\/v2\/product_tag?post=1018046"}],"curies":[{"name":"wp","href":"https:\/\/api.w.org\/{rel}","templated":true}]}}