{"id":1017957,"date":"2024-06-17T15:06:41","date_gmt":"2024-06-17T07:06:41","guid":{"rendered":"https:\/\/vimaterial.de\/product\/solfuro-di-zinco-5\/"},"modified":"2024-10-11T11:27:37","modified_gmt":"2024-10-11T03:27:37","slug":"solfuro-di-zinco-5","status":"publish","type":"product","link":"https:\/\/vimaterial.de\/it\/product\/solfuro-di-zinco-5\/","title":{"rendered":"Solfuro di zinco"},"content":{"rendered":"<p>Le particelle di solfuro di zinco sono un importante materiale composto inorganico con varie propriet\u00e0 e ampie applicazioni.<\/p>\n<p>&nbsp;<\/p>\n<p>Propriet\u00e0 di base:<\/p>\n<p>&nbsp;<\/p>\n<p>Aspetto: le particelle di solfuro di zinco sono da bianche a leggermente gialle.<\/p>\n<p>&nbsp;<\/p>\n<p>Struttura cristallina: Ci sono due strutture cristalline principali, la variante \u03b1 e la variante \u03b2. La variante alpha \u00e8 un cristallo esagonale incolore con una densit\u00e0 di 3,98 g\/cm\u00b3. La variante \u03b2 \u00e8 un cristallo cubico incolore con una densit\u00e0 di 4,102 g\/cm\u00b3 e pu\u00f2 essere convertito nel tipo \u03b1 a 1020\u00b0C.<\/p>\n<p>&nbsp;<\/p>\n<p>Solubilit\u00e0: Insolubile in acqua, ma solubile in acido.<\/p>\n<p>&nbsp;<\/p>\n<p>Punto di fusione: Alto punto di fusione, circa 1700 \u00b0 C (variante \u03b1).<\/p>\n<p>&nbsp;<\/p>\n<p>Metodo di preparazione:<\/p>\n<p>&nbsp;<\/p>\n<p>Metodo comune: Di solito si ottiene dall&#8217;interazione di idrogeno solforato e soluzione di sale di zinco.<\/p>\n<p>&nbsp;<\/p>\n<p>Metodo di precipitazione uniforme: questo \u00e8 un metodo di preparazione pi\u00f9 speciale, l&#8217;uso di una reazione chimica per far s\u00ec che gli ioni cristallini nella soluzione vengano rilasciati lentamente e uniformemente dalla soluzione, controllando la concentrazione dell&#8217;agente precipitante nella soluzione, per garantire che la precipitazione nella soluzione sia in uno stato di equilibrio, in modo da precipitare uniformemente le particelle di solfuro di zinco.<\/p>\n<p>&nbsp;<\/p>\n<p>Applicazioni:<\/p>\n<p>&nbsp;<\/p>\n<p>Rivestimento ottico: il solfuro di zinco ha un alto indice di rifrazione e una buona uniformit\u00e0, che pu\u00f2 essere utilizzato per il rivestimento ottico, come la produzione di pellicole a luce fredda, pellicole decorative, filtri per la luce, pellicole ad alta riflessione, pellicole a infrarossi e cos\u00ec via.<\/p>\n<p>&nbsp;<\/p>\n<p>Componenti ottici: \u00e8 un materiale importante per la realizzazione di finestrini, carenature e componenti ottici a infrarossi, adatto per sistemi di imaging termico.<\/p>\n<p>&nbsp;<\/p>\n<p>Campo elettronico: ha un potenziale applicativo in componenti a semiconduttore, piezoelettricit\u00e0, optoelettronica, dispositivi termoelettrici, ecc., Come materiali di substrato che possono essere utilizzati come fosfori per dispositivi elettroluminescenti.<\/p>\n<p>&nbsp;<\/p>\n<p>Campo di pigmenti: Grazie al suo colore e potere coprente e ad altre caratteristiche, pu\u00f2 essere utilizzato nella produzione di coloranti, rivestimenti, pigmenti e vetro, che possono fornire un buon colore e un effetto coprente per i prodotti.<\/p>\n<p>&nbsp;<\/p>\n<p>Caratteristiche della fluorescenza: l&#8217;aggiunta di tracce di rame, manganese, argento e cos\u00ec via al solfuro di zinco cristallino come attivatori, dopo che la luce pu\u00f2 emettere diversi colori di fluorescenza, questa caratteristica rende il solfuro di zinco in fosforo, materiali luminescenti fluorescenti e altri aspetti hanno applicazioni importanti.<\/p>\n","protected":false},"excerpt":{"rendered":"<p>Le particelle di solfuro di zinco sono un importante materiale composto inorganico con varie propriet\u00e0 e ampie applicazioni.<\/p>\n<p>Rivestimento ottico: il solfuro di zinco ha un alto indice di rifrazione e una buona uniformit\u00e0, che pu\u00f2 essere utilizzato per il rivestimento ottico, come la produzione di pellicole a luce fredda, pellicole decorative, filtri per la luce, pellicole ad alta riflessione, pellicole a infrarossi e cos\u00ec via.<\/p>\n<p>Componenti ottici: \u00e8 un materiale importante per la realizzazione di finestrini, carenature e componenti ottici a infrarossi, adatto per sistemi di imaging termico. Campo elettronico: ha un potenziale applicativo in componenti a semiconduttore, piezoelettricit\u00e0, optoelettronica, dispositivi termoelettrici, ecc., Come materiali di substrato che possono essere utilizzati come fosfori per dispositivi elettroluminescenti.<\/p>\n","protected":false},"featured_media":1003715,"comment_status":"open","ping_status":"closed","template":"","meta":{"_acf_changed":false},"product_brand":[],"product_cat":[198],"product_tag":[],"class_list":{"0":"post-1017957","1":"product","2":"type-product","3":"status-publish","4":"has-post-thumbnail","6":"product_cat-materiali-per-levaporazione","8":"first","9":"instock","10":"shipping-taxable","11":"purchasable","12":"product-type-variable"},"acf":[],"_links":{"self":[{"href":"https:\/\/vimaterial.de\/it\/wp-json\/wp\/v2\/product\/1017957","targetHints":{"allow":["GET"]}}],"collection":[{"href":"https:\/\/vimaterial.de\/it\/wp-json\/wp\/v2\/product"}],"about":[{"href":"https:\/\/vimaterial.de\/it\/wp-json\/wp\/v2\/types\/product"}],"replies":[{"embeddable":true,"href":"https:\/\/vimaterial.de\/it\/wp-json\/wp\/v2\/comments?post=1017957"}],"wp:featuredmedia":[{"embeddable":true,"href":"https:\/\/vimaterial.de\/it\/wp-json\/wp\/v2\/media\/1003715"}],"wp:attachment":[{"href":"https:\/\/vimaterial.de\/it\/wp-json\/wp\/v2\/media?parent=1017957"}],"wp:term":[{"taxonomy":"product_brand","embeddable":true,"href":"https:\/\/vimaterial.de\/it\/wp-json\/wp\/v2\/product_brand?post=1017957"},{"taxonomy":"product_cat","embeddable":true,"href":"https:\/\/vimaterial.de\/it\/wp-json\/wp\/v2\/product_cat?post=1017957"},{"taxonomy":"product_tag","embeddable":true,"href":"https:\/\/vimaterial.de\/it\/wp-json\/wp\/v2\/product_tag?post=1017957"}],"curies":[{"name":"wp","href":"https:\/\/api.w.org\/{rel}","templated":true}]}}