{"id":1017939,"date":"2024-06-17T15:06:41","date_gmt":"2024-06-17T07:06:41","guid":{"rendered":"https:\/\/vimaterial.de\/product\/solfuro-di-zinco-3\/"},"modified":"2024-10-10T18:04:41","modified_gmt":"2024-10-10T10:04:41","slug":"solfuro-di-zinco-3","status":"publish","type":"product","link":"https:\/\/vimaterial.de\/it\/product\/solfuro-di-zinco-3\/","title":{"rendered":"Solfuro di zinco"},"content":{"rendered":"<p>Il foglio di solfuro di zinco \u00e8 un tipo di materiale con propriet\u00e0 e usi specifici.<\/p>\n<p>&nbsp;<\/p>\n<p>Informazioni di base:<\/p>\n<p>&nbsp;<\/p>\n<p>Formula chimica: ZnS<\/p>\n<p>Aspetto: scaglia da bianca a biancastra<\/p>\n<p>Densit\u00e0: 4,1 g\/cm3<\/p>\n<p>Durezza: durezza moderata, ma relativamente fragile<\/p>\n<p>Punto di fusione: 1700\u00b0C<\/p>\n<p>Propriet\u00e0 luminose: ZnS ha propriet\u00e0 fluorescenti e fosforescenti.<\/p>\n<p>Stabilit\u00e0: a temperatura e pressione normali, il foglio ZnS ha una buona stabilit\u00e0 chimica<\/p>\n<p>&nbsp;<\/p>\n<p>Processo produttivo:<\/p>\n<p>&nbsp;<\/p>\n<p>Preparazione delle materie prime: la polvere di zinco ad alta purezza e la polvere di zolfo sono selezionate come materie prime per garantire che la purezza delle materie prime soddisfi i requisiti di produzione per garantire la qualit\u00e0 del foglio finale di solfuro di zinco.<\/p>\n<p>&nbsp;<\/p>\n<p>Reazione di sintesi: la polvere di zinco e la polvere di zolfo vengono miscelate uniformemente in una certa proporzione e quindi sintetizzate ad alta temperatura, alta pressione e altre condizioni per produrre composti ZnS.<\/p>\n<p>&nbsp;<\/p>\n<p>Processo di formatura: la polvere di ZnS sintetizzata viene trasformata in materiale ZnS in fogli mediante pressatura, sinterizzazione e altri processi.<\/p>\n<p>&nbsp;<\/p>\n<p>Trattamento superficiale: in base alle esigenze, \u00e8 possibile eseguire il trattamento superficiale della lastra ZnS, come lucidatura, rivestimento, ecc., per migliorarne la qualit\u00e0 e le prestazioni della superficie.<\/p>\n<p>&nbsp;<\/p>\n<p>Applicazioni:<\/p>\n<p>&nbsp;<\/p>\n<p>Campo ottico: poich\u00e9 ZnS ha buone propriet\u00e0 ottiche, il foglio ZnS \u00e8 ampiamente utilizzato in vetro ottico, pellicola ottica, fosforo e altri campi.<\/p>\n<p>&nbsp;<\/p>\n<p>Campo elettronico: Nel campo dei materiali elettronici, i fogli di ZnS possono essere utilizzati come materiali semiconduttori, materiali isolanti, ecc. Ad esempio, in alcuni dispositivi elettronici, ZnS pu\u00f2 essere utilizzato per preparare diodi emettitori di luce (led), celle solari e cos\u00ec via.<\/p>\n<p>&nbsp;<\/p>\n<p>Industria chimica: ZnS ha anche alcune applicazioni nell&#8217;industria chimica, come la preparazione di additivi per gomma, additivi per rivestimenti e cos\u00ec via.<\/p>\n","protected":false},"excerpt":{"rendered":"<p>Il foglio di solfuro di zinco \u00e8 un tipo di materiale con propriet\u00e0 e usi specifici.<\/p>\n<p>Campo ottico: poich\u00e9 il solfuro di zinco ha buone propriet\u00e0 ottiche, la lastra di solfuro di zinco \u00e8 ampiamente utilizzata in vetro ottico, pellicola ottica, fosforo e altri campi.<\/p>\n<p>Campo elettronico: nel campo dei materiali elettronici, i fogli di solfuro di zinco possono essere utilizzati come materiali semiconduttori, materiali isolanti, ecc. Ad esempio, in alcuni dispositivi elettronici, il solfuro di zinco pu\u00f2 essere utilizzato per preparare diodi emettitori di luce (led), celle solari e cos\u00ec via.<\/p>\n","protected":false},"featured_media":1003723,"comment_status":"open","ping_status":"closed","template":"","meta":{"_acf_changed":false},"product_brand":[],"product_cat":[198],"product_tag":[],"class_list":{"0":"post-1017939","1":"product","2":"type-product","3":"status-publish","4":"has-post-thumbnail","6":"product_cat-materiali-per-levaporazione","8":"first","9":"instock","10":"shipping-taxable","11":"product-type-variable"},"acf":[],"_links":{"self":[{"href":"https:\/\/vimaterial.de\/it\/wp-json\/wp\/v2\/product\/1017939","targetHints":{"allow":["GET"]}}],"collection":[{"href":"https:\/\/vimaterial.de\/it\/wp-json\/wp\/v2\/product"}],"about":[{"href":"https:\/\/vimaterial.de\/it\/wp-json\/wp\/v2\/types\/product"}],"replies":[{"embeddable":true,"href":"https:\/\/vimaterial.de\/it\/wp-json\/wp\/v2\/comments?post=1017939"}],"wp:featuredmedia":[{"embeddable":true,"href":"https:\/\/vimaterial.de\/it\/wp-json\/wp\/v2\/media\/1003723"}],"wp:attachment":[{"href":"https:\/\/vimaterial.de\/it\/wp-json\/wp\/v2\/media?parent=1017939"}],"wp:term":[{"taxonomy":"product_brand","embeddable":true,"href":"https:\/\/vimaterial.de\/it\/wp-json\/wp\/v2\/product_brand?post=1017939"},{"taxonomy":"product_cat","embeddable":true,"href":"https:\/\/vimaterial.de\/it\/wp-json\/wp\/v2\/product_cat?post=1017939"},{"taxonomy":"product_tag","embeddable":true,"href":"https:\/\/vimaterial.de\/it\/wp-json\/wp\/v2\/product_tag?post=1017939"}],"curies":[{"name":"wp","href":"https:\/\/api.w.org\/{rel}","templated":true}]}}