{"id":1017924,"date":"2024-06-17T15:06:42","date_gmt":"2024-06-17T07:06:42","guid":{"rendered":"https:\/\/vimaterial.de\/product\/solfuro-di-zinco-2\/"},"modified":"2024-10-10T17:38:37","modified_gmt":"2024-10-10T09:38:37","slug":"solfuro-di-zinco-2","status":"publish","type":"product","link":"https:\/\/vimaterial.de\/it\/product\/solfuro-di-zinco-2\/","title":{"rendered":"Solfuro di zinco"},"content":{"rendered":"<p>L&#8217;asta di solfuro di zinco \u00e8 una sorta di oggetto a forma di asta realizzato in materiale di solfuro di zinco.<\/p>\n<p>&nbsp;<\/p>\n<p>Informazioni di base:<\/p>\n<p>&nbsp;<\/p>\n<p>Formula chimica: ZnS<\/p>\n<p>Aspetto: da bianco a bianco sporco<\/p>\n<p>Densit\u00e0: 4,1 g\/cm3<\/p>\n<p>Durezza: durezza moderata, ma relativamente fragile<\/p>\n<p>Punto di fusione: 1700\u00b0C<\/p>\n<p>Trasparenza: ha un certo grado di trasparenza in una specifica gamma di lunghezze d&#8217;onda.<\/p>\n<p>Propriet\u00e0 luminose: Quando eccitato da specifiche lunghezze d&#8217;onda della luce, lo ZnS pu\u00f2 essere fluorescente o fosforoso.<\/p>\n<p>Stabilit\u00e0: a temperatura e pressione normali, l&#8217;asta ZnS ha una buona stabilit\u00e0 chimica.<\/p>\n<p>&nbsp;<\/p>\n<p>Processo produttivo:<\/p>\n<p>&nbsp;<\/p>\n<p>Preparazione delle materie prime: la polvere di zinco ad alta purezza e la polvere di zolfo sono selezionate come materie prime per garantire che la purezza delle materie prime soddisfi i requisiti di produzione.<\/p>\n<p>&nbsp;<\/p>\n<p>Reazione di sintesi: dopo aver mescolato polvere di zinco e polvere di zolfo in una certa proporzione, la reazione di sintesi viene eseguita in condizioni specifiche come alta temperatura e alta pressione per produrre ZnS.<\/p>\n<p>&nbsp;<\/p>\n<p>Processo di formatura: il materiale ZnS sintetizzato viene trasformato a forma di barra mediante estrusione, trafilatura e altri processi. Nel processo di lavorazione, \u00e8 necessario controllare rigorosamente i parametri di processo per garantire la precisione dimensionale e la qualit\u00e0 dell&#8217;asta.<\/p>\n<p>&nbsp;<\/p>\n<p>Post-trattamento: dopo aver formato il trattamento superficiale dell&#8217;asta ZnS, test di qualit\u00e0 e altri processi di post-trattamento per migliorare le prestazioni e la qualit\u00e0 del prodotto.<\/p>\n<p>&nbsp;<\/p>\n<p>Applicare<\/p>\n<p>&nbsp;<\/p>\n<p>Campo ottico: A causa della buona trasmissione di ZnS nella regione dell&#8217;infrarosso, le aste di ZnS possono essere utilizzate per produrre dispositivi ottici a infrarossi.<\/p>\n<p>&nbsp;<\/p>\n<p>Campo elettronico: in alcuni dispositivi elettronici, le aste ZnS possono essere utilizzate come materiali isolanti o materiali fluorescenti.<\/p>\n<p>&nbsp;<\/p>\n<p>Ricerca scientifica: nel campo della scienza dei materiali, della fisica e di altre ricerche scientifiche, le barre di solfuro di zinco possono essere utilizzate come oggetti di ricerca per studiare le propriet\u00e0 fisiche e chimiche del solfuro di zinco, le propriet\u00e0 ottiche e cos\u00ec via.<\/p>\n","protected":false},"excerpt":{"rendered":"<p>L&#8217;asta di solfuro di zinco \u00e8 un tipo di oggetto a forma di asta realizzato in materiale ZnS.<\/p>\n<p>Campo ottico: A causa della buona trasmissione del solfuro di zinco nella regione dell&#8217;infrarosso, le barre di solfuro di zinco possono essere utilizzate per produrre dispositivi ottici a infrarossi.<\/p>\n<p>Campo elettronico: in alcuni dispositivi elettronici, le barre di solfuro di zinco possono essere utilizzate come materiali isolanti o materiali fluorescenti.<\/p>\n<p>&nbsp;<\/p>\n","protected":false},"featured_media":1003738,"comment_status":"open","ping_status":"closed","template":"","meta":{"_acf_changed":false},"product_brand":[],"product_cat":[207],"product_tag":[],"class_list":{"0":"post-1017924","1":"product","2":"type-product","3":"status-publish","4":"has-post-thumbnail","6":"product_cat-profilo","8":"first","9":"instock","10":"shipping-taxable","11":"product-type-variable"},"acf":[],"_links":{"self":[{"href":"https:\/\/vimaterial.de\/it\/wp-json\/wp\/v2\/product\/1017924","targetHints":{"allow":["GET"]}}],"collection":[{"href":"https:\/\/vimaterial.de\/it\/wp-json\/wp\/v2\/product"}],"about":[{"href":"https:\/\/vimaterial.de\/it\/wp-json\/wp\/v2\/types\/product"}],"replies":[{"embeddable":true,"href":"https:\/\/vimaterial.de\/it\/wp-json\/wp\/v2\/comments?post=1017924"}],"wp:featuredmedia":[{"embeddable":true,"href":"https:\/\/vimaterial.de\/it\/wp-json\/wp\/v2\/media\/1003738"}],"wp:attachment":[{"href":"https:\/\/vimaterial.de\/it\/wp-json\/wp\/v2\/media?parent=1017924"}],"wp:term":[{"taxonomy":"product_brand","embeddable":true,"href":"https:\/\/vimaterial.de\/it\/wp-json\/wp\/v2\/product_brand?post=1017924"},{"taxonomy":"product_cat","embeddable":true,"href":"https:\/\/vimaterial.de\/it\/wp-json\/wp\/v2\/product_cat?post=1017924"},{"taxonomy":"product_tag","embeddable":true,"href":"https:\/\/vimaterial.de\/it\/wp-json\/wp\/v2\/product_tag?post=1017924"}],"curies":[{"name":"wp","href":"https:\/\/api.w.org\/{rel}","templated":true}]}}