{"id":1017894,"date":"2024-06-17T15:06:45","date_gmt":"2024-06-17T07:06:45","guid":{"rendered":"https:\/\/vimaterial.de\/product\/solfuro-di-zinco\/"},"modified":"2024-10-10T16:35:16","modified_gmt":"2024-10-10T08:35:16","slug":"solfuro-di-zinco","status":"publish","type":"product","link":"https:\/\/vimaterial.de\/it\/product\/solfuro-di-zinco\/","title":{"rendered":"Solfuro di zinco"},"content":{"rendered":"<p>Il bersaglio del solfuro di zinco \u00e8 un importante materiale di rivestimento.<\/p>\n<p>&nbsp;<\/p>\n<p>Informazioni di base:<\/p>\n<p>&nbsp;<\/p>\n<p>Formula chimica: ZnS<\/p>\n<p>Caratteristiche dell&#8217;aspetto: Appare da bianco a bianco sporco<\/p>\n<p>Densit\u00e0: 4,1 g\/cm\u00b3<\/p>\n<p>Punto di fusione: 1700\u00b0C<\/p>\n<p>Durezza: ha una certa durezza, ma \u00e8 relativamente fragile<\/p>\n<p>Stabilit\u00e0: A temperatura e pressione normali, il bersaglio del solfuro di zinco ha una buona stabilit\u00e0 chimica e non \u00e8 facile reagire con ossigeno, acqua e altre sostanze nell&#8217;aria.<\/p>\n<p>Solubilit\u00e0: insolubile in acqua, solubile in acido inorganico diluito.<\/p>\n<p>&nbsp;<\/p>\n<p>Processo produttivo:<\/p>\n<p>&nbsp;<\/p>\n<p>Preparazione delle materie prime: la polvere di zinco ad alta purezza e la polvere di zolfo sono selezionate come materie prime per garantire che la purezza delle materie prime soddisfi i requisiti di produzione per garantire la qualit\u00e0 dell&#8217;obiettivo finale di solfuro di zinco.<\/p>\n<p>&nbsp;<\/p>\n<p>Reazione di sintesi: la polvere di zinco e la polvere di zolfo vengono miscelate uniformemente secondo una certa proporzione e quindi sintetizzate ad alta temperatura, alta pressione e altre condizioni per produrre composti di solfuro di zinco.<\/p>\n<p>&nbsp;<\/p>\n<p>Processo di formatura: la polvere di solfuro di zinco sintetizzata viene trasformata nel materiale target della forma e delle dimensioni richieste attraverso la pressatura, la sinterizzazione e altri processi.<\/p>\n<p>&nbsp;<\/p>\n<p>Test di qualit\u00e0: rigorosi test di qualit\u00e0 dell&#8217;obiettivo di solfuro di zinco completato, tra cui analisi della composizione, test di purezza, misurazione della densit\u00e0, test di accuratezza dimensionale, ispezione della qualit\u00e0 della superficie, ecc., per garantire che gli indicatori di prestazione dell&#8217;obiettivo soddisfino i requisiti.<\/p>\n<p>&nbsp;<\/p>\n<p>Campo di applicazione:<\/p>\n<p>&nbsp;<\/p>\n<p>Campo ottico: \u00e8 un materiale importante per la preparazione di pellicole ottiche, come il rivestimento superficiale di lenti per occhiali, lenti ottiche, dispositivi laser e altri prodotti, che possono migliorare la trasmittanza, la riflettivit\u00e0, la resistenza all&#8217;usura e altre propriet\u00e0 dei componenti ottici.<\/p>\n<p>&nbsp;<\/p>\n<p>Campo elettronico: pu\u00f2 essere utilizzato per preparare film sottili in dispositivi elettronici, come dispositivi a semiconduttore, display a schermo piatto, celle solari e altri campi, il film di solfuro di zinco pu\u00f2 essere utilizzato come strato isolante, strato tampone, materiale per elettrodi, ecc., Per proteggere i dispositivi e migliorare le prestazioni.<\/p>\n","protected":false},"excerpt":{"rendered":"<p>Il bersaglio del solfuro di zinco \u00e8 un importante materiale di rivestimento.<\/p>\n<p>Campo ottico: \u00e8 un materiale importante per la preparazione di pellicole ottiche, come il rivestimento superficiale di lenti per occhiali, lenti ottiche, dispositivi laser e altri prodotti, che possono migliorare la trasmittanza, la riflettivit\u00e0, la resistenza all&#8217;usura e altre propriet\u00e0 dei componenti ottici.<\/p>\n<p>Campo elettronico: pu\u00f2 essere utilizzato per preparare film sottili in dispositivi elettronici, come dispositivi a semiconduttore, display a schermo piatto, celle solari e altri campi, il film di solfuro di zinco pu\u00f2 essere utilizzato come strato isolante, strato tampone, materiale per elettrodi, ecc., Per proteggere i dispositivi e migliorare le prestazioni.<\/p>\n","protected":false},"featured_media":1003745,"comment_status":"open","ping_status":"closed","template":"","meta":{"_acf_changed":false},"product_brand":[],"product_cat":[197],"product_tag":[],"class_list":{"0":"post-1017894","1":"product","2":"type-product","3":"status-publish","4":"has-post-thumbnail","6":"product_cat-obiettivi-di-sputtering-planari","8":"first","9":"instock","10":"shipping-taxable","11":"product-type-variable"},"acf":[],"_links":{"self":[{"href":"https:\/\/vimaterial.de\/it\/wp-json\/wp\/v2\/product\/1017894","targetHints":{"allow":["GET"]}}],"collection":[{"href":"https:\/\/vimaterial.de\/it\/wp-json\/wp\/v2\/product"}],"about":[{"href":"https:\/\/vimaterial.de\/it\/wp-json\/wp\/v2\/types\/product"}],"replies":[{"embeddable":true,"href":"https:\/\/vimaterial.de\/it\/wp-json\/wp\/v2\/comments?post=1017894"}],"wp:featuredmedia":[{"embeddable":true,"href":"https:\/\/vimaterial.de\/it\/wp-json\/wp\/v2\/media\/1003745"}],"wp:attachment":[{"href":"https:\/\/vimaterial.de\/it\/wp-json\/wp\/v2\/media?parent=1017894"}],"wp:term":[{"taxonomy":"product_brand","embeddable":true,"href":"https:\/\/vimaterial.de\/it\/wp-json\/wp\/v2\/product_brand?post=1017894"},{"taxonomy":"product_cat","embeddable":true,"href":"https:\/\/vimaterial.de\/it\/wp-json\/wp\/v2\/product_cat?post=1017894"},{"taxonomy":"product_tag","embeddable":true,"href":"https:\/\/vimaterial.de\/it\/wp-json\/wp\/v2\/product_tag?post=1017894"}],"curies":[{"name":"wp","href":"https:\/\/api.w.org\/{rel}","templated":true}]}}