{"id":1017805,"date":"2024-06-17T15:04:20","date_gmt":"2024-06-17T07:04:20","guid":{"rendered":"https:\/\/vimaterial.de\/product\/stannato-di-zinco-zto-ossido-di-zinco-e-stagno-2\/"},"modified":"2025-03-26T17:39:09","modified_gmt":"2025-03-26T09:39:09","slug":"stannato-di-zinco-zto-ossido-di-zinco-e-stagno-2","status":"publish","type":"product","link":"https:\/\/vimaterial.de\/it\/product\/stannato-di-zinco-zto-ossido-di-zinco-e-stagno-2\/","title":{"rendered":"Stannato di zinco (ZTO) (ossido di zinco-stagno)"},"content":{"rendered":"<p><span style=\"font-family: arial, helvetica, sans-serif; font-size: 12pt;\">Il bersaglio dell&#8217;ossido di zinco-stagno (ZTO) \u00e8 un importante materiale di rivestimento con un&#8217;ampia gamma di applicazioni.<\/span><\/p>\n<p><span style=\"font-family: arial, helvetica, sans-serif; font-size: 12pt;\">VIMATERIAL \u00e8 in grado di fornire l&#8217;obiettivo ZTO in vari pacchetti e specifiche, prodotto dalla nostra azienda \u00e8 caratterizzato da elevata purezza e qualit\u00e0 eccellente, e la risposta dei nostri clienti a questo prodotto \u00e8 molto buona in termini di qualit\u00e0. Ha una buona conducibilit\u00e0 elettrica e dissipazione del calore e ha un ruolo indispensabile nella produzione industriale vera e propria.<\/span><\/p>\n<p><span style=\"color: #0000ff;\"><a style=\"color: #0000ff;\" href=\"https:\/\/vimaterial.de\/it\/contatto\/\">Contattaci.<\/a><\/span><\/p>\n<h2><span style=\"font-family: arial, helvetica, sans-serif; font-size: 14pt;\">Propriet\u00e0 fisiche:<\/span><\/h2>\n<p><span style=\"font-family: arial, helvetica, sans-serif; font-size: 12pt;\">Formula molecolare: ZnSnO\u2083<\/span><\/p>\n<p><span style=\"font-family: arial, helvetica, sans-serif; font-size: 12pt;\">Peso molecolare: 232.087<\/span><\/p>\n<p><span style=\"font-family: arial, helvetica, sans-serif; font-size: 12pt;\">Aspetto: bersaglio da bianco a bianco sporco<\/span><\/p>\n<p><span style=\"font-family: arial, helvetica, sans-serif; font-size: 12pt;\">Densit\u00e0: 4,25 g\/cm\u00b3<\/span><\/p>\n<p><span style=\"font-family: arial, helvetica, sans-serif; font-size: 12pt;\">Struttura cristallina: Ha una struttura cristallina di tipo calcogenuro, in cui gli ioni zinco (Zn\u00b2\u207a) e gli ioni stagno (Sn\u2074\u207a) occupano insieme il sito B nella struttura calcogenuro e gli ioni ossigeno (O\u00b2-) formano un reticolo cubico centrato sulla faccia. <\/span><\/p>\n<h2><span style=\"font-family: arial, helvetica, sans-serif; font-size: 14pt;\">Applicazione:<\/span><\/h2>\n<p><span style=\"font-family: arial, helvetica, sans-serif; font-size: 12pt;\">Celle solari: nelle celle solari, i film ZTO possono essere utilizzati come elettrodi conduttivi trasparenti in grado di raccogliere efficacemente l&#8217;energia solare e convertirla in elettricit\u00e0. <\/span><\/p>\n<p><span style=\"font-family: arial, helvetica, sans-serif; font-size: 12pt;\">Display a schermo piatto: poich\u00e9 i film ZTO hanno un&#8217;elevata trasmittanza e una bassa resistivit\u00e0, possono essere utilizzati nei transistor a film sottile (TFT) nei display a schermo piatto per migliorare le prestazioni del display in termini di risoluzione, contrasto e velocit\u00e0 di risposta.<\/span><\/p>\n<p><span style=\"font-family: arial, helvetica, sans-serif; font-size: 12pt;\">Touch screen: nella tecnologia touch screen, i target possono essere utilizzati per preparare lo strato conduttivo dei sensori tattili, per ottenere un rilevamento accurato del funzionamento del tocco.<\/span><\/p>\n<p><span style=\"font-family: arial, helvetica, sans-serif; font-size: 12pt;\">Altri campi: i target possono essere utilizzati anche in diodi emettitori di luce (LED), carta elettronica.<\/span><\/p>\n<h2><span style=\"font-family: arial, helvetica, sans-serif; font-size: 14pt;\">Imballaggio e conservazione:<\/span><\/h2>\n<p>I bersagli sputtering di Zinco Stannato sono inscatolati in doppi sacchetti sottovuoto e confezionati in cartoni esterni.<\/p>\n<p>I bersagli sputtering di zinco stannato devono essere conservati in un ambiente asciutto, resistente all&#8217;umidit\u00e0 e sigillato, mantenuti a temperatura ambiente e protetti dalla luce, conservati verticalmente e lontano da acidi e alcali e altre fonti di inquinamento.<\/p>\n<h2><span style=\"font-family: arial, helvetica, sans-serif; font-size: 14pt;\">Controllo di qualit\u00e0:<\/span><\/h2>\n<p><span style=\"font-family: arial, helvetica, sans-serif; font-size: 12pt;\">Ogni lotto di merci ha un COA di accompagnamento e un rapporto di analisi, le merci sono tutte qualificate, ti assicuriamo che l&#8217;ordine.<\/span><\/p>\n","protected":false},"excerpt":{"rendered":"<p><span style=\"font-family: arial, helvetica, sans-serif; font-size: 12pt;\">Il bersaglio dell&#8217;ossido di zinco-stagno (ZTO) \u00e8 un importante materiale di rivestimento con un&#8217;ampia gamma di applicazioni.<\/span><\/p>\n<p><span style=\"font-family: arial, helvetica, sans-serif; font-size: 12pt;\">VIMATERIAL \u00e8 in grado di fornire l&#8217;obiettivo ZTO in vari pacchetti e specifiche, prodotto dalla nostra azienda \u00e8 caratterizzato da elevata purezza e qualit\u00e0 eccellente, e la risposta dei nostri clienti a questo prodotto \u00e8 molto buona in termini di qualit\u00e0. Ha una buona conducibilit\u00e0 elettrica e dissipazione del calore e ha un ruolo indispensabile nella produzione industriale vera e propria.<\/span><\/p>\n","protected":false},"featured_media":1003801,"comment_status":"open","ping_status":"closed","template":"","meta":{"_acf_changed":false},"product_brand":[],"product_cat":[197],"product_tag":[],"class_list":{"0":"post-1017805","1":"product","2":"type-product","3":"status-publish","4":"has-post-thumbnail","6":"product_cat-obiettivi-di-sputtering-planari","8":"first","9":"instock","10":"shipping-taxable","11":"product-type-variable"},"acf":[],"_links":{"self":[{"href":"https:\/\/vimaterial.de\/it\/wp-json\/wp\/v2\/product\/1017805","targetHints":{"allow":["GET"]}}],"collection":[{"href":"https:\/\/vimaterial.de\/it\/wp-json\/wp\/v2\/product"}],"about":[{"href":"https:\/\/vimaterial.de\/it\/wp-json\/wp\/v2\/types\/product"}],"replies":[{"embeddable":true,"href":"https:\/\/vimaterial.de\/it\/wp-json\/wp\/v2\/comments?post=1017805"}],"wp:featuredmedia":[{"embeddable":true,"href":"https:\/\/vimaterial.de\/it\/wp-json\/wp\/v2\/media\/1003801"}],"wp:attachment":[{"href":"https:\/\/vimaterial.de\/it\/wp-json\/wp\/v2\/media?parent=1017805"}],"wp:term":[{"taxonomy":"product_brand","embeddable":true,"href":"https:\/\/vimaterial.de\/it\/wp-json\/wp\/v2\/product_brand?post=1017805"},{"taxonomy":"product_cat","embeddable":true,"href":"https:\/\/vimaterial.de\/it\/wp-json\/wp\/v2\/product_cat?post=1017805"},{"taxonomy":"product_tag","embeddable":true,"href":"https:\/\/vimaterial.de\/it\/wp-json\/wp\/v2\/product_tag?post=1017805"}],"curies":[{"name":"wp","href":"https:\/\/api.w.org\/{rel}","templated":true}]}}