{"id":1017781,"date":"2024-06-17T15:07:50","date_gmt":"2024-06-17T07:07:50","guid":{"rendered":"https:\/\/vimaterial.de\/product\/telluride-di-zinco-3\/"},"modified":"2024-10-12T15:56:28","modified_gmt":"2024-10-12T07:56:28","slug":"telluride-di-zinco-3","status":"publish","type":"product","link":"https:\/\/vimaterial.de\/it\/product\/telluride-di-zinco-3\/","title":{"rendered":"Tellururo di zinco"},"content":{"rendered":"<p>Le particelle di tellururo di zinco sono un importante materiale semiconduttore.<\/p>\n<p>&nbsp;<\/p>\n<p>Informazioni di base:<\/p>\n<p>&nbsp;<\/p>\n<p>Formula chimica: ZnTe, composto da zinco (Zn) e tellurio (Te).<\/p>\n<p>Peso molecolare: 193,988.<\/p>\n<p>CAS: 1315-11-3.<\/p>\n<p>Aspetto: Polvere solida solitamente grigia o rosso-brunastra, attraverso la sublimazione per ottenere cristalli cubici rosso rubino.<\/p>\n<p>Densit\u00e0: La densit\u00e0 relativa \u00e8 di circa 6,34 g\/cm\u00b3 (25 \u00b0 C).<\/p>\n<p>Struttura cristallina: Ha due strutture cristalline: tipo di cristallo cubico e tipo di cristallo esagonale.<\/p>\n<p>Punto di fusione: Il punto di fusione \u00e8 pi\u00f9 alto, 1238,5\u00b0C.<\/p>\n<p>&nbsp;<\/p>\n<p>Metodo di preparazione:<\/p>\n<p>&nbsp;<\/p>\n<p>Metodo di fusione sottovuoto: in un ambiente sottovuoto, lo zinco e il tellurio ad alta purezza vengono riscaldati a una certa temperatura (solitamente superiore a 800 \u00b0 C a 900 \u00b0 C), in modo che vengano fusi e completamente miscelati, quindi raffreddati e solidificati per ottenere materiale di tellururo di zinco, quindi macinati in particelle.<\/p>\n<p>&nbsp;<\/p>\n<p>Metodo di metallurgia delle polveri: la polvere di zinco e la polvere di tellurio miscelate secondo una certa proporzione, dopo la macinazione, l&#8217;essiccazione e altri trattamenti, sinterizzate ad alta temperatura e alta pressione, per ottenere materiale a blocchi di tellururo di zinco e infine frantumate in particelle.<\/p>\n<p>&nbsp;<\/p>\n<p>Campo di applicazione:<\/p>\n<p>&nbsp;<\/p>\n<p>Campo dei semiconduttori: come importante materiale semiconduttore, pu\u00f2 essere utilizzato per preparare dispositivi a semiconduttore, come transistor ad effetto di campo, diodi emettitori di luce, diodi laser, ecc., che ha un potenziale valore applicativo in dispositivi elettronici ad alta frequenza e ad alta velocit\u00e0 e dispositivi optoelettronici.<\/p>\n<p>&nbsp;<\/p>\n<p>Campo delle celle solari: pu\u00f2 essere applicato allo strato di assorbimento o allo strato tampone delle celle solari a film sottile, ecc. per migliorare l&#8217;efficienza di conversione fotoelettrica delle celle solari.<\/p>\n<p>&nbsp;<\/p>\n<p>Campo ottico: Ha alcune applicazioni in ottica, che possono essere utilizzate per realizzare rivestimenti ottici, filtri ottici e altri dispositivi ottici e possono anche essere utilizzate come sorgente di radiazioni THz di rettifica ottica e materiale di rilevamento.<\/p>\n","protected":false},"excerpt":{"rendered":"<p>Le particelle di tellururo di zinco sono un importante materiale semiconduttore.<\/p>\n<p>Campo dei semiconduttori: come importante materiale semiconduttore, pu\u00f2 essere utilizzato per preparare dispositivi a semiconduttore, come transistor ad effetto di campo, diodi emettitori di luce, diodi laser, ecc., che ha un potenziale valore applicativo in dispositivi elettronici ad alta frequenza e ad alta velocit\u00e0 e dispositivi optoelettronici.<\/p>\n<p>Campo delle celle solari: pu\u00f2 essere applicato allo strato di assorbimento o allo strato tampone delle celle solari a film sottile, ecc. per migliorare l&#8217;efficienza di conversione fotoelettrica delle celle solari.<\/p>\n<p>&nbsp;<\/p>\n","protected":false},"featured_media":1003820,"comment_status":"open","ping_status":"closed","template":"","meta":{"_acf_changed":false},"product_brand":[],"product_cat":[198],"product_tag":[],"class_list":{"0":"post-1017781","1":"product","2":"type-product","3":"status-publish","4":"has-post-thumbnail","6":"product_cat-materiali-per-levaporazione","8":"first","9":"instock","10":"shipping-taxable","11":"purchasable","12":"product-type-variable"},"acf":[],"_links":{"self":[{"href":"https:\/\/vimaterial.de\/it\/wp-json\/wp\/v2\/product\/1017781","targetHints":{"allow":["GET"]}}],"collection":[{"href":"https:\/\/vimaterial.de\/it\/wp-json\/wp\/v2\/product"}],"about":[{"href":"https:\/\/vimaterial.de\/it\/wp-json\/wp\/v2\/types\/product"}],"replies":[{"embeddable":true,"href":"https:\/\/vimaterial.de\/it\/wp-json\/wp\/v2\/comments?post=1017781"}],"wp:featuredmedia":[{"embeddable":true,"href":"https:\/\/vimaterial.de\/it\/wp-json\/wp\/v2\/media\/1003820"}],"wp:attachment":[{"href":"https:\/\/vimaterial.de\/it\/wp-json\/wp\/v2\/media?parent=1017781"}],"wp:term":[{"taxonomy":"product_brand","embeddable":true,"href":"https:\/\/vimaterial.de\/it\/wp-json\/wp\/v2\/product_brand?post=1017781"},{"taxonomy":"product_cat","embeddable":true,"href":"https:\/\/vimaterial.de\/it\/wp-json\/wp\/v2\/product_cat?post=1017781"},{"taxonomy":"product_tag","embeddable":true,"href":"https:\/\/vimaterial.de\/it\/wp-json\/wp\/v2\/product_tag?post=1017781"}],"curies":[{"name":"wp","href":"https:\/\/api.w.org\/{rel}","templated":true}]}}