{"id":1017722,"date":"2024-06-17T15:07:52","date_gmt":"2024-06-17T07:07:52","guid":{"rendered":"https:\/\/vimaterial.de\/product\/telluride-di-zinco\/"},"modified":"2024-10-12T15:44:37","modified_gmt":"2024-10-12T07:44:37","slug":"telluride-di-zinco","status":"publish","type":"product","link":"https:\/\/vimaterial.de\/it\/product\/telluride-di-zinco\/","title":{"rendered":"Tellururo di zinco"},"content":{"rendered":"<p>Il bersaglio del tellururo di zinco (ZnTe) \u00e8 un importante bersaglio del materiale semiconduttore.<\/p>\n<p>&nbsp;<\/p>\n<p>Informazioni di base:<\/p>\n<p>&nbsp;<\/p>\n<p>Formula chimica: ZnTe, composto da due elementi: zinco (Zn) e tellurio (Te).<\/p>\n<p>Aspetto: Di solito appare come un solido cristallino bruno-rossastro.<\/p>\n<p>Densit\u00e0: La densit\u00e0 teorica \u00e8 di circa 6,34 g\/cm\u00b3.<\/p>\n<p>Punto di fusione: 1238,5\u00b0C.<\/p>\n<p>&nbsp;<\/p>\n<p>Struttura cristallina: struttura cubica della sfalerite, simile ai comuni materiali semiconduttori come il solfuro di zinco, il seleniuro di zinco e cos\u00ec via. Questa struttura cristallina conferisce al tellururo di zinco propriet\u00e0 elettriche e ottiche uniche.<\/p>\n<p>&nbsp;<\/p>\n<p>Metodo di preparazione:<\/p>\n<p>&nbsp;<\/p>\n<p>Metodo di metallurgia delle polveri: la polvere di zinco ad alta purezza e la polvere di tellurio vengono miscelate secondo una certa proporzione, dopo la macinazione, l&#8217;essiccazione e altri trattamenti, sinterizzate ad alta temperatura e alta pressione per ottenere il bersaglio del tellururo di zinco.<\/p>\n<p>&nbsp;<\/p>\n<p>Metodo di fusione sottovuoto: in un ambiente sottovuoto, lo zinco e il tellurio vengono riscaldati al di sopra del punto di fusione, in modo che vengano fusi e completamente miscelati, quindi raffreddati e solidificati per ottenere lingotti di tellururo di zinco, quindi i lingotti vengono trasformati in bersagli.<\/p>\n<p>&nbsp;<\/p>\n<p>Campo di applicazione:<\/p>\n<p>&nbsp;<\/p>\n<p>Campo dei semiconduttori: il tellururo di zinco \u00e8 un materiale semiconduttore ad ampia banda proibita con una banda proibita di circa 2,26 eV, che ha un&#8217;ampia gamma di applicazioni nei dispositivi a semiconduttore.<\/p>\n<p>&nbsp;<\/p>\n<p>Campo di celle solari: pu\u00f2 essere utilizzato come materiale dello strato di assorbimento o materiale dello strato tampone delle celle solari a film sottile, che pu\u00f2 migliorare l&#8217;efficienza di conversione fotoelettrica delle celle solari.<\/p>\n<p>&nbsp;<\/p>\n<p>Campo ottico: Grazie alle sue speciali propriet\u00e0 ottiche, pu\u00f2 essere utilizzato per preparare rivestimenti ottici, filtri ottici, rilevatori a infrarossi e altri dispositivi ottici.<\/p>\n","protected":false},"excerpt":{"rendered":"<p>Il bersaglio del tellururo di zinco (ZnTe) \u00e8 un importante bersaglio del materiale semiconduttore.<\/p>\n<p>Campo dei semiconduttori: il tellururo di zinco \u00e8 un materiale semiconduttore ad ampia banda proibita con una banda proibita di circa 2,26 eV, che ha un&#8217;ampia gamma di applicazioni nei dispositivi a semiconduttore.<\/p>\n<p>Campo di celle solari: pu\u00f2 essere utilizzato come materiale dello strato di assorbimento o materiale dello strato tampone delle celle solari a film sottile, che pu\u00f2 migliorare l&#8217;efficienza di conversione fotoelettrica delle celle solari.<\/p>\n","protected":false},"featured_media":1003836,"comment_status":"open","ping_status":"closed","template":"","meta":{"_acf_changed":false},"product_brand":[],"product_cat":[197],"product_tag":[],"class_list":{"0":"post-1017722","1":"product","2":"type-product","3":"status-publish","4":"has-post-thumbnail","6":"product_cat-obiettivi-di-sputtering-planari","8":"first","9":"instock","10":"shipping-taxable","11":"product-type-variable"},"acf":[],"_links":{"self":[{"href":"https:\/\/vimaterial.de\/it\/wp-json\/wp\/v2\/product\/1017722","targetHints":{"allow":["GET"]}}],"collection":[{"href":"https:\/\/vimaterial.de\/it\/wp-json\/wp\/v2\/product"}],"about":[{"href":"https:\/\/vimaterial.de\/it\/wp-json\/wp\/v2\/types\/product"}],"replies":[{"embeddable":true,"href":"https:\/\/vimaterial.de\/it\/wp-json\/wp\/v2\/comments?post=1017722"}],"wp:featuredmedia":[{"embeddable":true,"href":"https:\/\/vimaterial.de\/it\/wp-json\/wp\/v2\/media\/1003836"}],"wp:attachment":[{"href":"https:\/\/vimaterial.de\/it\/wp-json\/wp\/v2\/media?parent=1017722"}],"wp:term":[{"taxonomy":"product_brand","embeddable":true,"href":"https:\/\/vimaterial.de\/it\/wp-json\/wp\/v2\/product_brand?post=1017722"},{"taxonomy":"product_cat","embeddable":true,"href":"https:\/\/vimaterial.de\/it\/wp-json\/wp\/v2\/product_cat?post=1017722"},{"taxonomy":"product_tag","embeddable":true,"href":"https:\/\/vimaterial.de\/it\/wp-json\/wp\/v2\/product_tag?post=1017722"}],"curies":[{"name":"wp","href":"https:\/\/api.w.org\/{rel}","templated":true}]}}