{"id":1017644,"date":"2024-06-17T15:09:09","date_gmt":"2024-06-17T07:09:09","guid":{"rendered":"https:\/\/vimaterial.de\/product\/nitrato-di-gallio\/"},"modified":"2024-07-12T11:57:39","modified_gmt":"2024-07-12T03:57:39","slug":"nitrato-di-gallio","status":"publish","type":"product","link":"https:\/\/vimaterial.de\/it\/product\/nitrato-di-gallio\/","title":{"rendered":"Nitrato di gallio"},"content":{"rendered":"<p>CaratteristicaIl nitrato di gallio (nome commerciale Ganite) \u00e8 il sale di gallio dell&#8217;acido nitrico con la formula chimica Ga(NO3)3.Formula chimica:Ga(NO3)3Massa molare:255,7377 g\/molApplicazione\u00c8 un farmaco usato per trattare l&#8217;ipercalcemia sintomatica secondaria al cancro. Agisce prevenendo la rottura dell&#8217;osso attraverso l&#8217;inibizione dell&#8217;attivit\u00e0 degli osteoclasti, abbassando cos\u00ec la quantit\u00e0 di calcio libero nel sangue. Il nitrato di gallio viene utilizzato anche per sintetizzare altri composti di gallio.<\/p>\n","protected":false},"excerpt":{"rendered":"<p>CaratteristicaIl nitrato di gallio (nome commerciale Ganite) \u00e8 il sale di gallio dell&#8217;acido nitrico con la formula chimica Ga(NO3)3.Formula chimica:Ga(NO3)3Massa molare:255,7377 g\/molApplicazione\u00c8 un farmaco usato per trattare l&#8217;ipercalcemia sintomatica secondaria al cancro. Agisce prevenendo la rottura dell&#8217;osso attraverso l&#8217;inibizione dell&#8217;attivit\u00e0 degli osteoclasti, abbassando cos\u00ec la quantit\u00e0 di calcio libero nel sangue. Il nitrato di gallio [&hellip;]<\/p>\n","protected":false},"featured_media":1003897,"comment_status":"open","ping_status":"closed","template":"","meta":{"_acf_changed":false},"product_brand":[],"product_cat":[206],"product_tag":[],"class_list":{"0":"post-1017644","1":"product","2":"type-product","3":"status-publish","4":"has-post-thumbnail","6":"product_cat-altri-materiali","8":"first","9":"instock","10":"shipping-taxable","11":"purchasable","12":"product-type-variable"},"acf":[],"_links":{"self":[{"href":"https:\/\/vimaterial.de\/it\/wp-json\/wp\/v2\/product\/1017644","targetHints":{"allow":["GET"]}}],"collection":[{"href":"https:\/\/vimaterial.de\/it\/wp-json\/wp\/v2\/product"}],"about":[{"href":"https:\/\/vimaterial.de\/it\/wp-json\/wp\/v2\/types\/product"}],"replies":[{"embeddable":true,"href":"https:\/\/vimaterial.de\/it\/wp-json\/wp\/v2\/comments?post=1017644"}],"wp:featuredmedia":[{"embeddable":true,"href":"https:\/\/vimaterial.de\/it\/wp-json\/wp\/v2\/media\/1003897"}],"wp:attachment":[{"href":"https:\/\/vimaterial.de\/it\/wp-json\/wp\/v2\/media?parent=1017644"}],"wp:term":[{"taxonomy":"product_brand","embeddable":true,"href":"https:\/\/vimaterial.de\/it\/wp-json\/wp\/v2\/product_brand?post=1017644"},{"taxonomy":"product_cat","embeddable":true,"href":"https:\/\/vimaterial.de\/it\/wp-json\/wp\/v2\/product_cat?post=1017644"},{"taxonomy":"product_tag","embeddable":true,"href":"https:\/\/vimaterial.de\/it\/wp-json\/wp\/v2\/product_tag?post=1017644"}],"curies":[{"name":"wp","href":"https:\/\/api.w.org\/{rel}","templated":true}]}}