{"id":1017624,"date":"2024-06-17T15:09:10","date_gmt":"2024-06-17T07:09:10","guid":{"rendered":"https:\/\/vimaterial.de\/product\/ossido-di-gallio-3\/"},"modified":"2024-07-12T11:58:07","modified_gmt":"2024-07-12T03:58:07","slug":"ossido-di-gallio-3","status":"publish","type":"product","link":"https:\/\/vimaterial.de\/it\/product\/ossido-di-gallio-3\/","title":{"rendered":"Ossido di gallio"},"content":{"rendered":"<p>CaratteristicaIl triossido di gallio (III) \u00e8 un composto inorganico con la formula Ga2O3. Esiste come diversi polimorfi, tutti solidi bianchi e insolubili in acqua. Sebbene non esistano applicazioni commerciali, Ga2O3 \u00e8 un intermedio nella purificazione del gallio, che viene consumato quasi esclusivamente come arseniuro di gallio. Formula chimica:Ga2O3Massa molare:187,444 g\/molAspetto:polvere cristallina biancaDensit\u00e0:6,44 g\/cm3, alfa 5,88 g\/cm3, betaPunto di fusione:1.900 \u00b0C (3.450 \u00b0F; 2.170 K) alfa 1725 \u00b0C, betaSolubilit\u00e0 in acqua:insolubileSolubilit\u00e0:solubile nella maggior parte degli acidiApplicazioneL&#8217;ossido di gallio (III) \u00e8 stato studiato nell&#8217;uso di laser, fosfori e materiali luminescenti. \u00c8 stato anche utilizzato come barriera isolante in giunzioni strette. Il monoclino \u03b2-Ga2O3 \u00e8 utilizzato nei sensori di gas e nei fosfori luminescenti e pu\u00f2 essere applicato ai rivestimenti dielettrici per celle solari. Questo ossido stabile ha anche mostrato il potenziale per ossidi conduttivi trasparenti nell&#8217;ultravioletto profondo e applicazioni a transistor.\u03b5-Ga2O3film sottili depositati su zaffiro mostrano potenziali applicazioni come fotorivelatore UV cieco solare. I film sottili di Ga2O3 sono di interesse commerciale come materiali sensibili ai gas e Ga2O3. L&#8217;ellissometria \u00e8 una procedura che pu\u00f2 essere utilizzata per determinare le funzioni ottiche del catalizzatore \u03b2-Ga2O3.\u03b2-Ga2O3 utilizzato nella produzione di catalizzatore Ga2O3-Al2O3.<\/p>\n","protected":false},"excerpt":{"rendered":"<p>CaratteristicaIl triossido di gallio (III) \u00e8 un composto inorganico con la formula Ga2O3. Esiste come diversi polimorfi, tutti solidi bianchi e insolubili in acqua. Sebbene non esistano applicazioni commerciali, Ga2O3 \u00e8 un intermedio nella purificazione del gallio, che viene consumato quasi esclusivamente come arseniuro di gallio. Formula chimica:Ga2O3Massa molare:187,444 g\/molAspetto:polvere cristallina biancaDensit\u00e0:6,44 g\/cm3, alfa 5,88 [&hellip;]<\/p>\n","protected":false},"featured_media":1003904,"comment_status":"open","ping_status":"closed","template":"","meta":{"_acf_changed":false},"product_brand":[],"product_cat":[198],"product_tag":[],"class_list":{"0":"post-1017624","1":"product","2":"type-product","3":"status-publish","4":"has-post-thumbnail","6":"product_cat-materiali-per-levaporazione","8":"first","9":"instock","10":"shipping-taxable","11":"product-type-variable"},"acf":[],"_links":{"self":[{"href":"https:\/\/vimaterial.de\/it\/wp-json\/wp\/v2\/product\/1017624","targetHints":{"allow":["GET"]}}],"collection":[{"href":"https:\/\/vimaterial.de\/it\/wp-json\/wp\/v2\/product"}],"about":[{"href":"https:\/\/vimaterial.de\/it\/wp-json\/wp\/v2\/types\/product"}],"replies":[{"embeddable":true,"href":"https:\/\/vimaterial.de\/it\/wp-json\/wp\/v2\/comments?post=1017624"}],"wp:featuredmedia":[{"embeddable":true,"href":"https:\/\/vimaterial.de\/it\/wp-json\/wp\/v2\/media\/1003904"}],"wp:attachment":[{"href":"https:\/\/vimaterial.de\/it\/wp-json\/wp\/v2\/media?parent=1017624"}],"wp:term":[{"taxonomy":"product_brand","embeddable":true,"href":"https:\/\/vimaterial.de\/it\/wp-json\/wp\/v2\/product_brand?post=1017624"},{"taxonomy":"product_cat","embeddable":true,"href":"https:\/\/vimaterial.de\/it\/wp-json\/wp\/v2\/product_cat?post=1017624"},{"taxonomy":"product_tag","embeddable":true,"href":"https:\/\/vimaterial.de\/it\/wp-json\/wp\/v2\/product_tag?post=1017624"}],"curies":[{"name":"wp","href":"https:\/\/api.w.org\/{rel}","templated":true}]}}