{"id":1017519,"date":"2024-06-17T15:10:32","date_gmt":"2024-06-17T07:10:32","guid":{"rendered":"https:\/\/vimaterial.de\/product\/arsenuro-di-gallio-2\/"},"modified":"2024-07-12T11:59:04","modified_gmt":"2024-07-12T03:59:04","slug":"arsenuro-di-gallio-2","status":"publish","type":"product","link":"https:\/\/vimaterial.de\/it\/product\/arsenuro-di-gallio-2\/","title":{"rendered":"Arseniuro di gallio"},"content":{"rendered":"<p>A causa di materiali pericolosi, la data di consegna non pu\u00f2 essere completamente garantita (eventualmente prorogata). Non esitate a contattarci per i dettagli. CaratteristicaL&#8217;arseniuro di gallio (GaAs) \u00e8 un composto degli elementi gallio e arsenico. \u00c8 un semiconduttore a banda proibita diretta III-V con una struttura cristallina di zinco blenda. Formula chimica:GaAsMassa molare:144,645 g\/molAspetto:Cristalli grigiOdore:simile all&#8217;aglio quando inumiditoDensit\u00e0:5,3176 g\/cm3Punto di fusione:1.238 \u00b0C (2.260 \u00b0F; 1.511 K)Solubilit\u00e0 in acqua:insolubileSolubilit\u00e0:solubile in HCl insolubile in etanolo, metanolo, acetoneBand gap:1.441 eV (a 300 K)Mobilit\u00e0 elettronica:9000 cm2\/(V\u00b7s) (a 300 K)Suscettibilit\u00e0 magnetica (\u03c7):-16,2\u00d710\u22126 cgsConducibilit\u00e0 termica:0,56 W\/(cm\u00b7K) (a 300 K)Indice di rifrazione (nD):3,3Struttura cristallina:Miscela di zincoApplicazioneArseniuro di gallio viene utilizzato nella produzione di dispositivi come circuiti integrati a frequenza di microonde, circuiti integrati monolitici a microonde, diodi a emissione di luce a infrarossi, diodi laser, celle solari e finestre ottiche. Il GaAs \u00e8 spesso usato come materiale di substrato per la crescita epitassiale di altri semiconduttori III-V, tra cui arseniuro di indio gallio, arseniuro di alluminio gallio e altri.<\/p>\n","protected":false},"excerpt":{"rendered":"<p>A causa di materiali pericolosi, la data di consegna non pu\u00f2 essere completamente garantita (eventualmente prorogata). Non esitate a contattarci per i dettagli. CaratteristicaL&#8217;arseniuro di gallio (GaAs) \u00e8 un composto degli elementi gallio e arsenico. \u00c8 un semiconduttore a banda proibita diretta III-V con una struttura cristallina di zinco blenda. Formula chimica:GaAsMassa molare:144,645 g\/molAspetto:Cristalli grigiOdore:simile [&hellip;]<\/p>\n","protected":false},"featured_media":1003980,"comment_status":"open","ping_status":"closed","template":"","meta":{"_acf_changed":false},"product_brand":[],"product_cat":[198],"product_tag":[],"class_list":{"0":"post-1017519","1":"product","2":"type-product","3":"status-publish","4":"has-post-thumbnail","6":"product_cat-materiali-per-levaporazione","8":"first","9":"instock","10":"shipping-taxable","11":"purchasable","12":"product-type-variable"},"acf":[],"_links":{"self":[{"href":"https:\/\/vimaterial.de\/it\/wp-json\/wp\/v2\/product\/1017519","targetHints":{"allow":["GET"]}}],"collection":[{"href":"https:\/\/vimaterial.de\/it\/wp-json\/wp\/v2\/product"}],"about":[{"href":"https:\/\/vimaterial.de\/it\/wp-json\/wp\/v2\/types\/product"}],"replies":[{"embeddable":true,"href":"https:\/\/vimaterial.de\/it\/wp-json\/wp\/v2\/comments?post=1017519"}],"wp:featuredmedia":[{"embeddable":true,"href":"https:\/\/vimaterial.de\/it\/wp-json\/wp\/v2\/media\/1003980"}],"wp:attachment":[{"href":"https:\/\/vimaterial.de\/it\/wp-json\/wp\/v2\/media?parent=1017519"}],"wp:term":[{"taxonomy":"product_brand","embeddable":true,"href":"https:\/\/vimaterial.de\/it\/wp-json\/wp\/v2\/product_brand?post=1017519"},{"taxonomy":"product_cat","embeddable":true,"href":"https:\/\/vimaterial.de\/it\/wp-json\/wp\/v2\/product_cat?post=1017519"},{"taxonomy":"product_tag","embeddable":true,"href":"https:\/\/vimaterial.de\/it\/wp-json\/wp\/v2\/product_tag?post=1017519"}],"curies":[{"name":"wp","href":"https:\/\/api.w.org\/{rel}","templated":true}]}}