{"id":1017496,"date":"2024-06-17T15:10:36","date_gmt":"2024-06-17T07:10:36","guid":{"rendered":"https:\/\/vimaterial.de\/product\/bromuro-di-gallio\/"},"modified":"2024-07-12T11:59:36","modified_gmt":"2024-07-12T03:59:36","slug":"bromuro-di-gallio","status":"publish","type":"product","link":"https:\/\/vimaterial.de\/it\/product\/bromuro-di-gallio\/","title":{"rendered":"Bromuro di gallio"},"content":{"rendered":"<p>CaratteristicaIl bromuro di gallio (III) (GaBr3) \u00e8 un composto chimico e uno dei quattro trialogenuri di gallio. Formula chimica:GaBr3Massa molare:309,435 g\/molAspetto:polvere biancaDensit\u00e0:3,69 g\/cm3Punto di fusione:121,5 \u00b0C (250,7 \u00b0F; 394,6 K)Punto di ebollizione:278,8 \u00b0C (533,8 \u00b0F; 552,0 K)Solubilit\u00e0 in acqua:solubileApplicazioneGaBr3 \u00e8 usato come catalizzatore nella sintesi organica, con un meccanismo simile a GaCl3, tuttavia a causa della sua maggiore reattivit\u00e0, a volte \u00e8 sfavorito a causa della maggiore versatilit\u00e0 di GaCl3. GaBr3 cos\u00ec come altri trialogenuri di gallio e trialogenuri metallici del gruppo 13 possono essere utilizzati come catalizzatori nell&#8217;aggiunta ossidativa di composti organici. \u00c8 stato verificato che il dimero GaBr3 si scinde in modo non uniforme in [GaBr4]\u2212 e [GaBr2]+. L&#8217;intero meccanismo \u00e8 incerto in parte perch\u00e9 gli stati intermedi non sono sempre abbastanza stabili per lo studio, e in parte perch\u00e9 GaBr3 \u00e8 studiato meno frequentemente di GaCl3. Il Ga(III) stesso \u00e8 un utile acido di Lewis per le reazioni organiche perch\u00e9 il suo guscio completo di elettroni d lo rende in grado di accettare un numero variabile di leganti, ma rinuncer\u00e0 prontamente ai ligandi se le condizioni si rivelano favorevoli.<\/p>\n","protected":false},"excerpt":{"rendered":"<p>CaratteristicaIl bromuro di gallio (III) (GaBr3) \u00e8 un composto chimico e uno dei quattro trialogenuri di gallio. Formula chimica:GaBr3Massa molare:309,435 g\/molAspetto:polvere biancaDensit\u00e0:3,69 g\/cm3Punto di fusione:121,5 \u00b0C (250,7 \u00b0F; 394,6 K)Punto di ebollizione:278,8 \u00b0C (533,8 \u00b0F; 552,0 K)Solubilit\u00e0 in acqua:solubileApplicazioneGaBr3 \u00e8 usato come catalizzatore nella sintesi organica, con un meccanismo simile a GaCl3, tuttavia a causa [&hellip;]<\/p>\n","protected":false},"featured_media":1004005,"comment_status":"open","ping_status":"closed","template":"","meta":{"_acf_changed":false},"product_brand":[],"product_cat":[198],"product_tag":[],"class_list":{"0":"post-1017496","1":"product","2":"type-product","3":"status-publish","4":"has-post-thumbnail","6":"product_cat-materiali-per-levaporazione","8":"first","9":"instock","10":"shipping-taxable","11":"purchasable","12":"product-type-variable"},"acf":[],"_links":{"self":[{"href":"https:\/\/vimaterial.de\/it\/wp-json\/wp\/v2\/product\/1017496","targetHints":{"allow":["GET"]}}],"collection":[{"href":"https:\/\/vimaterial.de\/it\/wp-json\/wp\/v2\/product"}],"about":[{"href":"https:\/\/vimaterial.de\/it\/wp-json\/wp\/v2\/types\/product"}],"replies":[{"embeddable":true,"href":"https:\/\/vimaterial.de\/it\/wp-json\/wp\/v2\/comments?post=1017496"}],"wp:featuredmedia":[{"embeddable":true,"href":"https:\/\/vimaterial.de\/it\/wp-json\/wp\/v2\/media\/1004005"}],"wp:attachment":[{"href":"https:\/\/vimaterial.de\/it\/wp-json\/wp\/v2\/media?parent=1017496"}],"wp:term":[{"taxonomy":"product_brand","embeddable":true,"href":"https:\/\/vimaterial.de\/it\/wp-json\/wp\/v2\/product_brand?post=1017496"},{"taxonomy":"product_cat","embeddable":true,"href":"https:\/\/vimaterial.de\/it\/wp-json\/wp\/v2\/product_cat?post=1017496"},{"taxonomy":"product_tag","embeddable":true,"href":"https:\/\/vimaterial.de\/it\/wp-json\/wp\/v2\/product_tag?post=1017496"}],"curies":[{"name":"wp","href":"https:\/\/api.w.org\/{rel}","templated":true}]}}