{"id":1017480,"date":"2024-06-17T15:10:37","date_gmt":"2024-06-17T07:10:37","guid":{"rendered":"https:\/\/vimaterial.de\/product\/cloruro-di-gallio\/"},"modified":"2024-07-12T11:59:48","modified_gmt":"2024-07-12T03:59:48","slug":"cloruro-di-gallio","status":"publish","type":"product","link":"https:\/\/vimaterial.de\/it\/product\/cloruro-di-gallio\/","title":{"rendered":"Cloruro di gallio"},"content":{"rendered":"<p>CaratteristicaIl tricloruro di gallio \u00e8 il composto chimico con la formula GaCl3. Il tricloruro di gallio solido esiste come dimero con la formula Ga2Cl6. \u00c8 incolore e solubile praticamente in tutti i solventiFormula chimica:GaCl3Massa molare:176,073 g\/molAspetto:cristalli incolori deliquescentiDensit\u00e0:2,47 g\/cm32,053 g\/cm3 al punto di fusionePunto di fusione:77,9 \u00b0C (172,2 \u00b0F; 351,0 K) (anidro) 44,4 \u00b0C (idrato)Punto di ebollizione:201 \u00b0C (394 \u00b0F; 474 K)Solubilit\u00e0 in acqua:molto solubileSolubilit\u00e0:solubile in benzene, CCl4, CS2Suscettibilit\u00e0 magnetica (\u03c7):\u221263,0\u00b710\u22126cm3\/molApplicazioneUtilizzato come reagente spettrale. Il cloruro di gallio e l&#8217;acido dibutilfosfonico sono stati miscelati a 100 ~ 250 \u00b0 C e utilizzati come catalizzatori per la polimerizzazione epossidica.<\/p>\n","protected":false},"excerpt":{"rendered":"<p>CaratteristicaIl tricloruro di gallio \u00e8 il composto chimico con la formula GaCl3. Il tricloruro di gallio solido esiste come dimero con la formula Ga2Cl6. \u00c8 incolore e solubile praticamente in tutti i solventiFormula chimica:GaCl3Massa molare:176,073 g\/molAspetto:cristalli incolori deliquescentiDensit\u00e0:2,47 g\/cm32,053 g\/cm3 al punto di fusionePunto di fusione:77,9 \u00b0C (172,2 \u00b0F; 351,0 K) (anidro) 44,4 \u00b0C (idrato)Punto [&hellip;]<\/p>\n","protected":false},"featured_media":998653,"comment_status":"open","ping_status":"closed","template":"","meta":{"_acf_changed":false},"product_brand":[],"product_cat":[201],"product_tag":[],"class_list":{"0":"post-1017480","1":"product","2":"type-product","3":"status-publish","4":"has-post-thumbnail","6":"product_cat-materiali-a-base-di-alogenuri","8":"first","9":"instock","10":"shipping-taxable","11":"purchasable","12":"product-type-variable"},"acf":[],"_links":{"self":[{"href":"https:\/\/vimaterial.de\/it\/wp-json\/wp\/v2\/product\/1017480","targetHints":{"allow":["GET"]}}],"collection":[{"href":"https:\/\/vimaterial.de\/it\/wp-json\/wp\/v2\/product"}],"about":[{"href":"https:\/\/vimaterial.de\/it\/wp-json\/wp\/v2\/types\/product"}],"replies":[{"embeddable":true,"href":"https:\/\/vimaterial.de\/it\/wp-json\/wp\/v2\/comments?post=1017480"}],"wp:featuredmedia":[{"embeddable":true,"href":"https:\/\/vimaterial.de\/it\/wp-json\/wp\/v2\/media\/998653"}],"wp:attachment":[{"href":"https:\/\/vimaterial.de\/it\/wp-json\/wp\/v2\/media?parent=1017480"}],"wp:term":[{"taxonomy":"product_brand","embeddable":true,"href":"https:\/\/vimaterial.de\/it\/wp-json\/wp\/v2\/product_brand?post=1017480"},{"taxonomy":"product_cat","embeddable":true,"href":"https:\/\/vimaterial.de\/it\/wp-json\/wp\/v2\/product_cat?post=1017480"},{"taxonomy":"product_tag","embeddable":true,"href":"https:\/\/vimaterial.de\/it\/wp-json\/wp\/v2\/product_tag?post=1017480"}],"curies":[{"name":"wp","href":"https:\/\/api.w.org\/{rel}","templated":true}]}}