{"id":1017472,"date":"2024-06-17T15:13:01","date_gmt":"2024-06-17T07:13:01","guid":{"rendered":"https:\/\/vimaterial.de\/product\/germanio-metallico-5\/"},"modified":"2024-10-10T11:35:41","modified_gmt":"2024-10-10T03:35:41","slug":"germanio-metallico-5","status":"publish","type":"product","link":"https:\/\/vimaterial.de\/it\/product\/germanio-metallico-5\/","title":{"rendered":"Germanio metallico"},"content":{"rendered":"<p>La particella di germanio \u00e8 una sostanza granulare formata dall&#8217;elemento germanio.<\/p>\n<p>&nbsp;<\/p>\n<p>Propriet\u00e0 di base:<\/p>\n<p>&nbsp;<\/p>\n<p>Aspetto: Solitamente bianco-argento irregolarmente granulare con una lucentezza metallica. Densit\u00e0: La densit\u00e0 \u00e8 di circa 5,35 g\/cm\u00b3. Punto di fusione e punto di ebollizione: punto di fusione 937,4\u00b0C, punto di ebollizione 2830\u00b0C. Durezza: elevata durezza, ma consistenza fragile, nessuna malleabilit\u00e0. Struttura cristallina: la struttura cristallina \u00e8 una cella cubica centrata sulla faccia, ogni cella contiene quattro atomi di metallo. Massa molare: 72,64 g\/mol. Stabilit\u00e0: chimicamente stabile a temperatura ambiente, non interagisce con l&#8217;aria o il vapore acqueo.<\/p>\n<p>&nbsp;<\/p>\n<p>Fonte di produzione:<\/p>\n<p>Germanio metallico\u00a0prodotte nell&#8217;industria moderna sono prodotte principalmente da lingotti di germanio zonali attraverso la frantumazione fisica e altri processi. Le sue materie prime provengono solitamente dai sottoprodotti della fusione del rame, del piombo, dello zinco, ecc., perch\u00e9 il germanio si forma raramente separatamente e generalmente esiste allo stato disperso in vari minerali.<\/p>\n<p>&nbsp;<\/p>\n<p>Scopo:<\/p>\n<p>&nbsp;<\/p>\n<p>Campo elettronico: Germanio metallico \u00e8 un importante materiale semiconduttore, le particelle di germanio possono essere utilizzate per produrre dispositivi a semiconduttore, come transistor, raddrizzatori, ecc., svolgono un ruolo importante nell&#8217;industria elettronica.<\/p>\n<p>&nbsp;<\/p>\n<p>Ottica a infrarossi: Germanio metallico pu\u00f2 essere utilizzato per produrre lenti, finestre, prismi e altri componenti in sistemi ottici a infrarossi, come apparecchiature per immagini termiche, apparecchiature per la visione notturna, telecamere a infrarossi, ecc.<\/p>\n<p>&nbsp;<\/p>\n<p>Celle solari: Nel campo delle celle solari, il germanio pu\u00f2 essere utilizzato come materiale di substrato o per la produzione di efficienti celle solari multigiunzione.<\/p>\n<p>&nbsp;<\/p>\n<p>Catalizzatore: pu\u00f2 essere utilizzato per alcuni catalizzatori di reazione chimica, con sicurezza, non tossico, elevata trasparenza, buona resistenza al calore, forte resistenza alla pressione e altre caratteristiche.<\/p>\n","protected":false},"excerpt":{"rendered":"<p>La particella di germanio \u00e8 una sostanza granulare formata dall&#8217;elemento germanio.<\/p>\n<p>Campo elettronico: Germanio metallico \u00e8 un importante materiale semiconduttore, le particelle di germanio possono essere utilizzate per produrre dispositivi a semiconduttore, come transistor, raddrizzatori, ecc., svolgono un ruolo importante nell&#8217;industria elettronica.<\/p>\n<p>Ottica a infrarossi: Germanio metallico pu\u00f2 essere utilizzato per produrre lenti, finestre, prismi e altri componenti in sistemi ottici a infrarossi, come apparecchiature per immagini termiche, apparecchiature per la visione notturna, telecamere a infrarossi, ecc.<\/p>\n","protected":false},"featured_media":1048409,"comment_status":"open","ping_status":"closed","template":"","meta":{"_acf_changed":false},"product_brand":[],"product_cat":[198],"product_tag":[],"class_list":{"0":"post-1017472","1":"product","2":"type-product","3":"status-publish","4":"has-post-thumbnail","6":"product_cat-materiali-per-levaporazione","8":"first","9":"instock","10":"shipping-taxable","11":"purchasable","12":"product-type-variable"},"acf":[],"_links":{"self":[{"href":"https:\/\/vimaterial.de\/it\/wp-json\/wp\/v2\/product\/1017472","targetHints":{"allow":["GET"]}}],"collection":[{"href":"https:\/\/vimaterial.de\/it\/wp-json\/wp\/v2\/product"}],"about":[{"href":"https:\/\/vimaterial.de\/it\/wp-json\/wp\/v2\/types\/product"}],"replies":[{"embeddable":true,"href":"https:\/\/vimaterial.de\/it\/wp-json\/wp\/v2\/comments?post=1017472"}],"wp:featuredmedia":[{"embeddable":true,"href":"https:\/\/vimaterial.de\/it\/wp-json\/wp\/v2\/media\/1048409"}],"wp:attachment":[{"href":"https:\/\/vimaterial.de\/it\/wp-json\/wp\/v2\/media?parent=1017472"}],"wp:term":[{"taxonomy":"product_brand","embeddable":true,"href":"https:\/\/vimaterial.de\/it\/wp-json\/wp\/v2\/product_brand?post=1017472"},{"taxonomy":"product_cat","embeddable":true,"href":"https:\/\/vimaterial.de\/it\/wp-json\/wp\/v2\/product_cat?post=1017472"},{"taxonomy":"product_tag","embeddable":true,"href":"https:\/\/vimaterial.de\/it\/wp-json\/wp\/v2\/product_tag?post=1017472"}],"curies":[{"name":"wp","href":"https:\/\/api.w.org\/{rel}","templated":true}]}}