{"id":1017424,"date":"2024-06-17T15:13:02","date_gmt":"2024-06-17T07:13:02","guid":{"rendered":"https:\/\/vimaterial.de\/product\/germanio-metallico-2\/"},"modified":"2024-09-30T16:59:46","modified_gmt":"2024-09-30T08:59:46","slug":"germanio-metallico-2","status":"publish","type":"product","link":"https:\/\/vimaterial.de\/it\/product\/germanio-metallico-2\/","title":{"rendered":"Germanio metallico"},"content":{"rendered":"<p>Il lingotto di germanio \u00e8 un tipo di materiale metallico massiccio costituito da elementi di germanio ad alta purezza.<\/p>\n<p>Propriet\u00e0 di base:<\/p>\n<p>Aspetto: il lingotto di germanio \u00e8 solitamente un blocco di metallo grigio-argento, la superficie ha una lucentezza metallica, uno sguardo pi\u00f9 attento pu\u00f2 avere un motivo policristallino.<br \/>\nDensit\u00e0: 5,35 g\/cm3<\/p>\n<p>Durezza: circa 5,0, fragile, facile da rompere<\/p>\n<p>Punto di fusione: 937,4 \u00b0C<\/p>\n<p>Punto di ebollizione: 2830 \u00b0C, con un alto punto di ebollizione.<\/p>\n<p>Il germanio insolubile in acido cloridrico, acido nitrico e alcali, ma solubile in acido fluoridrico, acqua regia e soluzione calda di idrossido di sodio, in presenza di perossido di idrogeno la velocit\u00e0 di dissoluzione \u00e8 pi\u00f9 veloce.<\/p>\n<p>Processo di produzione:<\/p>\n<p>Materie prime: Le materie prime del germanio provengono principalmente da minerali contenenti germanio, come la germanite d&#8217;argento, nonch\u00e9 da rame, piombo, sottoprodotti della fusione dello zinco.Dopo una serie di pretrattamenti, come la frantumazione e l&#8217;arricchimento, questi minerali contenenti germanio possono ottenere concentrati con un contenuto di germanio pi\u00f9 elevato.<\/p>\n<p>Processo di purificazione: I metodi di purificazione comuni sono il metodo di fusione a zone.Il lingotto di germanio suddiviso in zone viene purificato con il metodo suddiviso in zone.La purezza del prodotto qualificato \u00e8 superiore al 99,9999%.<\/p>\n<p>Campo di applicazione:<\/p>\n<p>Industria dei semiconduttori: il metallo al germanio pu\u00f2 essere utilizzato per produrre dispositivi a semiconduttore, come transistor, circuiti integrati, ecc.<\/p>\n<p>Ottica a infrarossi: Germanio metallico spesso utilizzato per realizzare finestre, lenti, prismi e filtri per termocamere e altri dispositivi ottici a infrarossi.<\/p>\n<p>Campo di rilevamento della fisica nucleare: il germanio metallico pu\u00f2 essere utilizzato come rivelatore di radiazioni ionizzanti per rilevare lo spettro gamma e lo spettro dei raggi X, ecc. E ha importanti applicazioni nella ricerca di fisica nucleare e nel monitoraggio delle radiazioni nucleari.<\/p>\n<p>Campo del catalizzatore chimico: il biossido di germanio \u00e8 un catalizzatore per la polimerizzazione e il vetro al germanio realizzato con esso ha un indice di rifrazione e una dispersione pi\u00f9 elevati rispetto al vetro silicato.<\/p>\n","protected":false},"excerpt":{"rendered":"<p>Il lingotto di germanio \u00e8 un tipo di materiale metallico massiccio costituito da elementi di germanio ad alta purezza.<\/p>\n<p>Industria dei semiconduttori: il germanio metallico pu\u00f2 essere utilizzato per produrre dispositivi a semiconduttore, come transistor, circuiti integrati, ecc.<br \/>\nOttica a infrarossi: Germanio metallico 0ften utilizzato per realizzare finestre, lenti, prismi e filtri per termocamere e altri dispositivi ottici a infrarossi.<\/p>\n","protected":false},"featured_media":1004119,"comment_status":"open","ping_status":"closed","template":"","meta":{"_acf_changed":false},"product_brand":[],"product_cat":[207],"product_tag":[],"class_list":{"0":"post-1017424","1":"product","2":"type-product","3":"status-publish","4":"has-post-thumbnail","6":"product_cat-profilo","8":"first","9":"instock","10":"shipping-taxable","11":"product-type-variable"},"acf":[],"_links":{"self":[{"href":"https:\/\/vimaterial.de\/it\/wp-json\/wp\/v2\/product\/1017424","targetHints":{"allow":["GET"]}}],"collection":[{"href":"https:\/\/vimaterial.de\/it\/wp-json\/wp\/v2\/product"}],"about":[{"href":"https:\/\/vimaterial.de\/it\/wp-json\/wp\/v2\/types\/product"}],"replies":[{"embeddable":true,"href":"https:\/\/vimaterial.de\/it\/wp-json\/wp\/v2\/comments?post=1017424"}],"wp:featuredmedia":[{"embeddable":true,"href":"https:\/\/vimaterial.de\/it\/wp-json\/wp\/v2\/media\/1004119"}],"wp:attachment":[{"href":"https:\/\/vimaterial.de\/it\/wp-json\/wp\/v2\/media?parent=1017424"}],"wp:term":[{"taxonomy":"product_brand","embeddable":true,"href":"https:\/\/vimaterial.de\/it\/wp-json\/wp\/v2\/product_brand?post=1017424"},{"taxonomy":"product_cat","embeddable":true,"href":"https:\/\/vimaterial.de\/it\/wp-json\/wp\/v2\/product_cat?post=1017424"},{"taxonomy":"product_tag","embeddable":true,"href":"https:\/\/vimaterial.de\/it\/wp-json\/wp\/v2\/product_tag?post=1017424"}],"curies":[{"name":"wp","href":"https:\/\/api.w.org\/{rel}","templated":true}]}}